{"id":8237,"date":"2021-01-03T19:58:09","date_gmt":"2021-01-03T19:58:09","guid":{"rendered":"http:\/\/bekleidungscenter.com\/?product=vincenzo-boretti-bluse-gerade-geschnitten-mit-tunika-auschnitt"},"modified":"2023-04-07T22:05:50","modified_gmt":"2023-04-07T22:05:50","slug":"vincenzo-boretti-bluse-gerade-geschnitten-mit-tunika-auschnitt","status":"publish","type":"product","link":"https:\/\/bekleidungscenter.com\/?product=vincenzo-boretti-bluse-gerade-geschnitten-mit-tunika-auschnitt","title":{"rendered":"Vincenzo Boretti Bluse, gerade geschnitten mit Tunika-Ausschnitt"},"content":{"rendered":"<p><!-- show up to 2 reviews by default --> <\/p>\n<p>Der flie\u00dfende Stoff mit dem angenehm weichen Griff sorgt f\u00fcr ein federleichtes Tragegef\u00fchl. Seine Eigenschaft des Seide \u00e4hnlichen Stofffalls verleiht Ihnen besonderen Anmut. Durch die feine Taillierung des lockeren Schnitts schmeichelt sie der Figur der Frau, betont doch gleichzeitig eine weibliche Silhouette. <\/p>\n<p> Kleine Details machen diese Bluse zu einem absoluten Universaltalent. Durch den abgerundeten Saum und einer leicht verl\u00e4ngerten R\u00fcckenpartie, kann sie \u00fcber der Hose getragen oder unter einem Pullover oder Cardigan, einen eleganten Casual Look kreieren. So garantiert sie einen stilvollen Koitus bei formellen Anl\u00e4ssen wie Hochzeit oder in Business-Meetings, sowie aka unterwegs im Alltag oder im B\u00fcro. <\/p>\n<p> Die Mode aufgebraucht dem Hause Vincenzo Boretti vereint den Anspruch von hochwertigster Qualit\u00e4t mit einer klaren Designsprache, eine Symbiose aufgebraucht zeitloser Eleganz und der Raffinesse des Nun Chics. Mit unseren Schnitten, der Farb- und Stoffauswahl kreieren wir wandelbare Outfits, die doch stets stilecht bleiben. Unsere Philosophie lautet dennoch, den Kunden authentisch-erstklassig aussehen zu lassen, zu jedem Anlass und Tageszeit! <\/p>\n<p> Design\/Schnitt: <\/p>\n<ul>\n<li>regular-fit, locker geschnitten<\/li>\n<li>Tunika-Ausschnitt<\/li>\n<li>durchgehende Knopfleiste<\/li>\n<li>lang\u00e4rmlig mit schmalem Bund, dekorative Paspelierung<\/li>\n<li>leicht verl\u00e4ngerte R\u00fcckenpartie<\/li>\n<\/ul>\n<p> Material\/Pflege: <\/p>\n<ul>\n<li>100% Viskose, leichter weicher Griff<\/li>\n<li>30\u00b0 Schonwaschgang<\/li>\n<li>m\u00e4\u00dfig hei\u00df b\u00fcgeln<\/li>\n<\/ul>\n<p>Der Paper f\u00e4llt kleiner aufgebraucht, bitte koordinieren Sie eine Gr\u00f6\u00dfe gr\u00f6\u00dfer.<br \/>\ngerader Schnitt, Knopfleiste, Tunika-Fetzen, kurze Manschetten, Langarm, Ersatzkn\u00f6pfe, atmungsaktiv<br \/>\nKragenform: Rundkragen<br \/>\nLangarm<br \/>\nVerschluss: Knopfleiste<br \/>\n100% Viskose<br \/>\nTunika<br \/>\nPflegehinweis: 30\u00b0 Schonwaschgang\/Feinwaschmittel, nicht hei\u00df b\u00fcgeln<br \/>\nModellnummer: 10010799_3198<br \/>\nunifarben, 100% Viskose, 30\u00b0 Schonwaschgang\/Feinwaschmittel, nicht hei\u00df b\u00fcgeln<br \/>\n<div class=\"main-cross-sell\" data-asin=\"B07N8KQRY1\">\n\n\t<div class=\"WooZone-cross-sell-loader\">\n\t\t<div>\n\t\t\t<div id=\"floatingBarsG\">\n\t\t\t\t<div class=\"blockG\" id=\"rotateG_01\"><\/div>\n\t\t\t\t<div class=\"blockG\" id=\"rotateG_02\"><\/div>\n\t\t\t\t<div class=\"blockG\" id=\"rotateG_03\"><\/div>\n\t\t\t\t<div class=\"blockG\" id=\"rotateG_04\"><\/div>\n\t\t\t\t<div class=\"blockG\" id=\"rotateG_05\"><\/div>\n\t\t\t\t<div class=\"blockG\" id=\"rotateG_06\"><\/div>\n\t\t\t\t<div class=\"blockG\" id=\"rotateG_07\"><\/div>\n\t\t\t\t<div class=\"blockG\" id=\"rotateG_08\"><\/div>\n\t\t\t<\/div>\n\t\t\t<div class=\"WooZone-cross-sell-loader-text\"><\/div>\n\t\t<\/div>\n\t<\/div>\n\n\t\t\n<\/div>\n<div style=\"clear:both;\"><\/div><\/p>\n","protected":false},"excerpt":{"rendered":"<p>Der Artikel f\u00e4llt kleiner aus, bitte w\u00e4hlen Sie eine Gr\u00f6\u00dfe gr\u00f6\u00dfer.<br \/>\ngerader Schnitt, Knopfleiste, Tunika-Ausschnitt, kurze Manschetten, Langarm, Ersatzkn\u00f6pfe, atmungsaktiv<br \/>\nKragenform: Rundkragen<\/p>\n","protected":false},"featured_media":8238,"comment_status":"open","ping_status":"closed","template":"","meta":[],"product_cat":[122,133],"product_tag":[],"yoast_head":"<!-- This site is optimized with the Yoast SEO plugin v20.6 - https:\/\/yoast.com\/wordpress\/plugins\/seo\/ -->\n<title>Vincenzo Boretti Bluse, gerade geschnitten mit Tunika-Ausschnitt - FamilienMode<\/title>\n<meta name=\"robots\" content=\"index, follow, max-snippet:-1, max-image-preview:large, max-video-preview:-1\" \/>\n<link rel=\"canonical\" href=\"https:\/\/bekleidungscenter.com\/?product=vincenzo-boretti-bluse-gerade-geschnitten-mit-tunika-auschnitt\" \/>\n<meta property=\"og:locale\" content=\"de_DE\" \/>\n<meta property=\"og:type\" content=\"article\" \/>\n<meta property=\"og:title\" content=\"Vincenzo Boretti Bluse, gerade geschnitten mit Tunika-Ausschnitt - FamilienMode\" \/>\n<meta property=\"og:description\" content=\"Der Artikel f\u00e4llt kleiner aus, bitte w\u00e4hlen Sie eine Gr\u00f6\u00dfe gr\u00f6\u00dfer. gerader Schnitt, Knopfleiste, Tunika-Ausschnitt, kurze Manschetten, Langarm, Ersatzkn\u00f6pfe, atmungsaktiv Kragenform: Rundkragen\" \/>\n<meta property=\"og:url\" content=\"https:\/\/bekleidungscenter.com\/?product=vincenzo-boretti-bluse-gerade-geschnitten-mit-tunika-auschnitt\" \/>\n<meta property=\"og:site_name\" content=\"FamilienMode\" \/>\n<meta property=\"article:modified_time\" content=\"2023-04-07T22:05:50+00:00\" \/>\n<meta property=\"og:image\" content=\"https:\/\/images-na.ssl-images-amazon.com\/images\/I\/31MD1nJ8DhL.jpg\" \/>\n\t<meta property=\"og:image:width\" content=\"500\" \/>\n\t<meta property=\"og:image:height\" content=\"500\" \/>\n\t<meta property=\"og:image:type\" content=\"image\/jpeg\" \/>\n<meta name=\"twitter:card\" content=\"summary_large_image\" \/>\n<meta name=\"twitter:label1\" content=\"Gesch\u00e4tzte Lesezeit\" \/>\n\t<meta name=\"twitter:data1\" content=\"1\u00a0Minute\" \/>\n<script type=\"application\/ld+json\" class=\"yoast-schema-graph\">{\"@context\":\"https:\/\/schema.org\",\"@graph\":[{\"@type\":\"WebPage\",\"@id\":\"https:\/\/bekleidungscenter.com\/?product=vincenzo-boretti-bluse-gerade-geschnitten-mit-tunika-auschnitt\",\"url\":\"https:\/\/bekleidungscenter.com\/?product=vincenzo-boretti-bluse-gerade-geschnitten-mit-tunika-auschnitt\",\"name\":\"Vincenzo Boretti Bluse, gerade geschnitten mit Tunika-Ausschnitt - FamilienMode\",\"isPartOf\":{\"@id\":\"https:\/\/bekleidungscenter.com\/#website\"},\"datePublished\":\"2021-01-03T19:58:09+00:00\",\"dateModified\":\"2023-04-07T22:05:50+00:00\",\"breadcrumb\":{\"@id\":\"https:\/\/bekleidungscenter.com\/?product=vincenzo-boretti-bluse-gerade-geschnitten-mit-tunika-auschnitt#breadcrumb\"},\"inLanguage\":\"de\",\"potentialAction\":[{\"@type\":\"ReadAction\",\"target\":[\"https:\/\/bekleidungscenter.com\/?product=vincenzo-boretti-bluse-gerade-geschnitten-mit-tunika-auschnitt\"]}]},{\"@type\":\"BreadcrumbList\",\"@id\":\"https:\/\/bekleidungscenter.com\/?product=vincenzo-boretti-bluse-gerade-geschnitten-mit-tunika-auschnitt#breadcrumb\",\"itemListElement\":[{\"@type\":\"ListItem\",\"position\":1,\"name\":\"Home\",\"item\":\"https:\/\/bekleidungscenter.com\/\"},{\"@type\":\"ListItem\",\"position\":2,\"name\":\"Shop\",\"item\":\"https:\/\/bekleidungscenter.com\/?page_id=7\"},{\"@type\":\"ListItem\",\"position\":3,\"name\":\"Vincenzo Boretti Bluse, gerade geschnitten mit Tunika-Ausschnitt\"}]},{\"@type\":\"WebSite\",\"@id\":\"https:\/\/bekleidungscenter.com\/#website\",\"url\":\"https:\/\/bekleidungscenter.com\/\",\"name\":\"FamilienMode\",\"description\":\"Alles f\u00fcr die ganze Familie\",\"potentialAction\":[{\"@type\":\"SearchAction\",\"target\":{\"@type\":\"EntryPoint\",\"urlTemplate\":\"https:\/\/bekleidungscenter.com\/?s={search_term_string}\"},\"query-input\":\"required name=search_term_string\"}],\"inLanguage\":\"de\"}]}<\/script>\n<!-- \/ Yoast SEO plugin. -->","yoast_head_json":{"title":"Vincenzo Boretti Bluse, gerade geschnitten mit Tunika-Ausschnitt - FamilienMode","robots":{"index":"index","follow":"follow","max-snippet":"max-snippet:-1","max-image-preview":"max-image-preview:large","max-video-preview":"max-video-preview:-1"},"canonical":"https:\/\/bekleidungscenter.com\/?product=vincenzo-boretti-bluse-gerade-geschnitten-mit-tunika-auschnitt","og_locale":"de_DE","og_type":"article","og_title":"Vincenzo Boretti Bluse, gerade geschnitten mit Tunika-Ausschnitt - FamilienMode","og_description":"Der Artikel f\u00e4llt kleiner aus, bitte w\u00e4hlen Sie eine Gr\u00f6\u00dfe gr\u00f6\u00dfer. gerader Schnitt, Knopfleiste, Tunika-Ausschnitt, kurze Manschetten, Langarm, Ersatzkn\u00f6pfe, atmungsaktiv Kragenform: Rundkragen","og_url":"https:\/\/bekleidungscenter.com\/?product=vincenzo-boretti-bluse-gerade-geschnitten-mit-tunika-auschnitt","og_site_name":"FamilienMode","article_modified_time":"2023-04-07T22:05:50+00:00","og_image":[{"width":500,"height":500,"url":"https:\/\/images-na.ssl-images-amazon.com\/images\/I\/31MD1nJ8DhL.jpg","type":"image\/jpeg"}],"twitter_card":"summary_large_image","twitter_misc":{"Gesch\u00e4tzte Lesezeit":"1\u00a0Minute"},"schema":{"@context":"https:\/\/schema.org","@graph":[{"@type":"WebPage","@id":"https:\/\/bekleidungscenter.com\/?product=vincenzo-boretti-bluse-gerade-geschnitten-mit-tunika-auschnitt","url":"https:\/\/bekleidungscenter.com\/?product=vincenzo-boretti-bluse-gerade-geschnitten-mit-tunika-auschnitt","name":"Vincenzo Boretti Bluse, gerade geschnitten mit Tunika-Ausschnitt - FamilienMode","isPartOf":{"@id":"https:\/\/bekleidungscenter.com\/#website"},"datePublished":"2021-01-03T19:58:09+00:00","dateModified":"2023-04-07T22:05:50+00:00","breadcrumb":{"@id":"https:\/\/bekleidungscenter.com\/?product=vincenzo-boretti-bluse-gerade-geschnitten-mit-tunika-auschnitt#breadcrumb"},"inLanguage":"de","potentialAction":[{"@type":"ReadAction","target":["https:\/\/bekleidungscenter.com\/?product=vincenzo-boretti-bluse-gerade-geschnitten-mit-tunika-auschnitt"]}]},{"@type":"BreadcrumbList","@id":"https:\/\/bekleidungscenter.com\/?product=vincenzo-boretti-bluse-gerade-geschnitten-mit-tunika-auschnitt#breadcrumb","itemListElement":[{"@type":"ListItem","position":1,"name":"Home","item":"https:\/\/bekleidungscenter.com\/"},{"@type":"ListItem","position":2,"name":"Shop","item":"https:\/\/bekleidungscenter.com\/?page_id=7"},{"@type":"ListItem","position":3,"name":"Vincenzo Boretti Bluse, gerade geschnitten mit Tunika-Ausschnitt"}]},{"@type":"WebSite","@id":"https:\/\/bekleidungscenter.com\/#website","url":"https:\/\/bekleidungscenter.com\/","name":"FamilienMode","description":"Alles f\u00fcr die ganze Familie","potentialAction":[{"@type":"SearchAction","target":{"@type":"EntryPoint","urlTemplate":"https:\/\/bekleidungscenter.com\/?s={search_term_string}"},"query-input":"required name=search_term_string"}],"inLanguage":"de"}]}},"_links":{"self":[{"href":"https:\/\/bekleidungscenter.com\/index.php?rest_route=\/wp\/v2\/product\/8237"}],"collection":[{"href":"https:\/\/bekleidungscenter.com\/index.php?rest_route=\/wp\/v2\/product"}],"about":[{"href":"https:\/\/bekleidungscenter.com\/index.php?rest_route=\/wp\/v2\/types\/product"}],"replies":[{"embeddable":true,"href":"https:\/\/bekleidungscenter.com\/index.php?rest_route=%2Fwp%2Fv2%2Fcomments&post=8237"}],"wp:featuredmedia":[{"embeddable":true,"href":"https:\/\/bekleidungscenter.com\/index.php?rest_route=\/wp\/v2\/media\/8238"}],"wp:attachment":[{"href":"https:\/\/bekleidungscenter.com\/index.php?rest_route=%2Fwp%2Fv2%2Fmedia&parent=8237"}],"wp:term":[{"taxonomy":"product_cat","embeddable":true,"href":"https:\/\/bekleidungscenter.com\/index.php?rest_route=%2Fwp%2Fv2%2Fproduct_cat&post=8237"},{"taxonomy":"product_tag","embeddable":true,"href":"https:\/\/bekleidungscenter.com\/index.php?rest_route=%2Fwp%2Fv2%2Fproduct_tag&post=8237"}],"curies":[{"name":"wp","href":"https:\/\/api.w.org\/{rel}","templated":true}]}}