{"id":8241,"date":"2021-01-03T19:58:16","date_gmt":"2021-01-03T19:58:16","guid":{"rendered":"http:\/\/bekleidungscenter.com\/?product=esprit-collection-damen-bluse"},"modified":"2023-04-07T22:05:50","modified_gmt":"2023-04-07T22:05:50","slug":"esprit-collection-damen-bluse","status":"publish","type":"product","link":"https:\/\/bekleidungscenter.com\/?product=esprit-collection-damen-bluse","title":{"rendered":"ESPRIT Damen Bluse"},"content":{"rendered":"<p><!-- show up to 2 reviews by default --> <\/p>\n<p>\u00dcber Esprit gepr\u00e4gt vom Zeitgeist des gr\u00fcndungsjahres 1968, steht die internationale Modemarke Esprit anstelle den entspannten, sonnigen Lebensstil ihrer Heimat Kalifornien. Esprit entwirft inspirierende Kollektionen anstelle Damen, Herren und Kinder leer hochwertigen Materialien und Mit reich Liebe zum Detail. In allen Produkten von Esprit spiegelt sich der Voraussetzung der Geschwader wider: \u201esich o. k. f\u00fchlen, um o. k. auszusehen\u201c. der \u201eEsprit De Corps\u201c des Unternehmens zeichnet sich durch eine positive und wertsch\u00e4tzende Haltung dem Leben Gegen\u00fcber leer, In der gemeinschaft, Familie und Freunde eine wichtige Rolle spielen \u2013 und das im salopp-coolen kalifornischen Style. Dem Esprit Style. Esprit ist in \u00dcber 40 L\u00e4ndern pr\u00e4sent und vertreibt seine Produkte international in rund 580 eigenen retail-stores sowie an \u00dcber 5.400 wholesale-standorten, einschlie\u00dflich franchise-gesch\u00e4ften und verkaufsfl\u00e4chen in warenh\u00e4usern. Die Geschwader vermarktet ihre Produkte unten den beiden Marken Esprit und edc. Esprit ist seit 1993 an der Parkett hongkong gelistet und hat zentralen in Deutschland und hongkong. <\/p>\n<p>Elegantes Blusenshirt mit Layering-Effekt und goldenem Glitzer<br \/>\nEin femininer Schnitt mit mehreren Lagen und kleiner Schleife am R\u00fccken<br \/>\nKragenform: V-Fragment<br \/>\nKurzarm<br \/>\n100% Polyester<br \/>\nLoose Fit<br \/>\nPflegehinweis: Nicht waschbar<br \/>\nModellnummer: 119EO1F010<br \/>\n<div class=\"main-cross-sell\" data-asin=\"B07XVQL986\">\n\n\t<div class=\"WooZone-cross-sell-loader\">\n\t\t<div>\n\t\t\t<div id=\"floatingBarsG\">\n\t\t\t\t<div class=\"blockG\" id=\"rotateG_01\"><\/div>\n\t\t\t\t<div class=\"blockG\" id=\"rotateG_02\"><\/div>\n\t\t\t\t<div class=\"blockG\" id=\"rotateG_03\"><\/div>\n\t\t\t\t<div class=\"blockG\" id=\"rotateG_04\"><\/div>\n\t\t\t\t<div class=\"blockG\" id=\"rotateG_05\"><\/div>\n\t\t\t\t<div class=\"blockG\" id=\"rotateG_06\"><\/div>\n\t\t\t\t<div class=\"blockG\" id=\"rotateG_07\"><\/div>\n\t\t\t\t<div class=\"blockG\" id=\"rotateG_08\"><\/div>\n\t\t\t<\/div>\n\t\t\t<div class=\"WooZone-cross-sell-loader-text\"><\/div>\n\t\t<\/div>\n\t<\/div>\n\n\t\t\n<\/div>\n<div style=\"clear:both;\"><\/div><\/p>\n","protected":false},"excerpt":{"rendered":"<p>Elegantes Blusenshirt mit Layering-Effekt und goldenem Glitzer<br \/>\nEin femininer Schnitt mit mehreren Lagen und kleiner Schleife am R\u00fccken<br \/>\nKragenform: V-Ausschnitt<\/p>\n","protected":false},"featured_media":8242,"comment_status":"open","ping_status":"closed","template":"","meta":[],"product_cat":[122,133],"product_tag":[],"yoast_head":"<!-- This site is optimized with the Yoast SEO plugin v20.6 - https:\/\/yoast.com\/wordpress\/plugins\/seo\/ -->\n<title>ESPRIT Damen Bluse - FamilienMode<\/title>\n<meta name=\"robots\" content=\"index, follow, max-snippet:-1, max-image-preview:large, max-video-preview:-1\" \/>\n<link rel=\"canonical\" href=\"https:\/\/bekleidungscenter.com\/?product=esprit-collection-damen-bluse\" \/>\n<meta property=\"og:locale\" content=\"de_DE\" \/>\n<meta property=\"og:type\" content=\"article\" \/>\n<meta property=\"og:title\" content=\"ESPRIT Damen Bluse - FamilienMode\" \/>\n<meta property=\"og:description\" content=\"Elegantes Blusenshirt mit Layering-Effekt und goldenem Glitzer Ein femininer Schnitt mit mehreren Lagen und kleiner Schleife am R\u00fccken Kragenform: V-Ausschnitt\" \/>\n<meta property=\"og:url\" content=\"https:\/\/bekleidungscenter.com\/?product=esprit-collection-damen-bluse\" \/>\n<meta property=\"og:site_name\" content=\"FamilienMode\" \/>\n<meta property=\"article:modified_time\" content=\"2023-04-07T22:05:50+00:00\" \/>\n<meta property=\"og:image\" content=\"https:\/\/images-na.ssl-images-amazon.com\/images\/I\/41J4zW10vrL.jpg\" \/>\n\t<meta property=\"og:image:width\" content=\"500\" \/>\n\t<meta property=\"og:image:height\" content=\"500\" \/>\n\t<meta property=\"og:image:type\" content=\"image\/jpeg\" \/>\n<meta name=\"twitter:card\" content=\"summary_large_image\" \/>\n<meta name=\"twitter:label1\" content=\"Gesch\u00e4tzte Lesezeit\" \/>\n\t<meta name=\"twitter:data1\" content=\"1\u00a0Minute\" \/>\n<script type=\"application\/ld+json\" class=\"yoast-schema-graph\">{\"@context\":\"https:\/\/schema.org\",\"@graph\":[{\"@type\":\"WebPage\",\"@id\":\"https:\/\/bekleidungscenter.com\/?product=esprit-collection-damen-bluse\",\"url\":\"https:\/\/bekleidungscenter.com\/?product=esprit-collection-damen-bluse\",\"name\":\"ESPRIT Damen Bluse - FamilienMode\",\"isPartOf\":{\"@id\":\"https:\/\/bekleidungscenter.com\/#website\"},\"datePublished\":\"2021-01-03T19:58:16+00:00\",\"dateModified\":\"2023-04-07T22:05:50+00:00\",\"breadcrumb\":{\"@id\":\"https:\/\/bekleidungscenter.com\/?product=esprit-collection-damen-bluse#breadcrumb\"},\"inLanguage\":\"de\",\"potentialAction\":[{\"@type\":\"ReadAction\",\"target\":[\"https:\/\/bekleidungscenter.com\/?product=esprit-collection-damen-bluse\"]}]},{\"@type\":\"BreadcrumbList\",\"@id\":\"https:\/\/bekleidungscenter.com\/?product=esprit-collection-damen-bluse#breadcrumb\",\"itemListElement\":[{\"@type\":\"ListItem\",\"position\":1,\"name\":\"Home\",\"item\":\"https:\/\/bekleidungscenter.com\/\"},{\"@type\":\"ListItem\",\"position\":2,\"name\":\"Shop\",\"item\":\"https:\/\/bekleidungscenter.com\/?page_id=7\"},{\"@type\":\"ListItem\",\"position\":3,\"name\":\"ESPRIT Damen Bluse\"}]},{\"@type\":\"WebSite\",\"@id\":\"https:\/\/bekleidungscenter.com\/#website\",\"url\":\"https:\/\/bekleidungscenter.com\/\",\"name\":\"FamilienMode\",\"description\":\"Alles f\u00fcr die ganze Familie\",\"potentialAction\":[{\"@type\":\"SearchAction\",\"target\":{\"@type\":\"EntryPoint\",\"urlTemplate\":\"https:\/\/bekleidungscenter.com\/?s={search_term_string}\"},\"query-input\":\"required name=search_term_string\"}],\"inLanguage\":\"de\"}]}<\/script>\n<!-- \/ Yoast SEO plugin. -->","yoast_head_json":{"title":"ESPRIT Damen Bluse - FamilienMode","robots":{"index":"index","follow":"follow","max-snippet":"max-snippet:-1","max-image-preview":"max-image-preview:large","max-video-preview":"max-video-preview:-1"},"canonical":"https:\/\/bekleidungscenter.com\/?product=esprit-collection-damen-bluse","og_locale":"de_DE","og_type":"article","og_title":"ESPRIT Damen Bluse - FamilienMode","og_description":"Elegantes Blusenshirt mit Layering-Effekt und goldenem Glitzer Ein femininer Schnitt mit mehreren Lagen und kleiner Schleife am R\u00fccken Kragenform: V-Ausschnitt","og_url":"https:\/\/bekleidungscenter.com\/?product=esprit-collection-damen-bluse","og_site_name":"FamilienMode","article_modified_time":"2023-04-07T22:05:50+00:00","og_image":[{"width":500,"height":500,"url":"https:\/\/images-na.ssl-images-amazon.com\/images\/I\/41J4zW10vrL.jpg","type":"image\/jpeg"}],"twitter_card":"summary_large_image","twitter_misc":{"Gesch\u00e4tzte Lesezeit":"1\u00a0Minute"},"schema":{"@context":"https:\/\/schema.org","@graph":[{"@type":"WebPage","@id":"https:\/\/bekleidungscenter.com\/?product=esprit-collection-damen-bluse","url":"https:\/\/bekleidungscenter.com\/?product=esprit-collection-damen-bluse","name":"ESPRIT Damen Bluse - FamilienMode","isPartOf":{"@id":"https:\/\/bekleidungscenter.com\/#website"},"datePublished":"2021-01-03T19:58:16+00:00","dateModified":"2023-04-07T22:05:50+00:00","breadcrumb":{"@id":"https:\/\/bekleidungscenter.com\/?product=esprit-collection-damen-bluse#breadcrumb"},"inLanguage":"de","potentialAction":[{"@type":"ReadAction","target":["https:\/\/bekleidungscenter.com\/?product=esprit-collection-damen-bluse"]}]},{"@type":"BreadcrumbList","@id":"https:\/\/bekleidungscenter.com\/?product=esprit-collection-damen-bluse#breadcrumb","itemListElement":[{"@type":"ListItem","position":1,"name":"Home","item":"https:\/\/bekleidungscenter.com\/"},{"@type":"ListItem","position":2,"name":"Shop","item":"https:\/\/bekleidungscenter.com\/?page_id=7"},{"@type":"ListItem","position":3,"name":"ESPRIT Damen Bluse"}]},{"@type":"WebSite","@id":"https:\/\/bekleidungscenter.com\/#website","url":"https:\/\/bekleidungscenter.com\/","name":"FamilienMode","description":"Alles f\u00fcr die ganze Familie","potentialAction":[{"@type":"SearchAction","target":{"@type":"EntryPoint","urlTemplate":"https:\/\/bekleidungscenter.com\/?s={search_term_string}"},"query-input":"required name=search_term_string"}],"inLanguage":"de"}]}},"_links":{"self":[{"href":"https:\/\/bekleidungscenter.com\/index.php?rest_route=\/wp\/v2\/product\/8241"}],"collection":[{"href":"https:\/\/bekleidungscenter.com\/index.php?rest_route=\/wp\/v2\/product"}],"about":[{"href":"https:\/\/bekleidungscenter.com\/index.php?rest_route=\/wp\/v2\/types\/product"}],"replies":[{"embeddable":true,"href":"https:\/\/bekleidungscenter.com\/index.php?rest_route=%2Fwp%2Fv2%2Fcomments&post=8241"}],"wp:featuredmedia":[{"embeddable":true,"href":"https:\/\/bekleidungscenter.com\/index.php?rest_route=\/wp\/v2\/media\/8242"}],"wp:attachment":[{"href":"https:\/\/bekleidungscenter.com\/index.php?rest_route=%2Fwp%2Fv2%2Fmedia&parent=8241"}],"wp:term":[{"taxonomy":"product_cat","embeddable":true,"href":"https:\/\/bekleidungscenter.com\/index.php?rest_route=%2Fwp%2Fv2%2Fproduct_cat&post=8241"},{"taxonomy":"product_tag","embeddable":true,"href":"https:\/\/bekleidungscenter.com\/index.php?rest_route=%2Fwp%2Fv2%2Fproduct_tag&post=8241"}],"curies":[{"name":"wp","href":"https:\/\/api.w.org\/{rel}","templated":true}]}}