{"id":8245,"date":"2021-01-03T19:58:20","date_gmt":"2021-01-03T19:58:20","guid":{"rendered":"http:\/\/bekleidungscenter.com\/?product=seidensticker-damen-schlupfbluse-langarm-modern-fit-blumendruck-bluse"},"modified":"2023-04-07T22:05:50","modified_gmt":"2023-04-07T22:05:50","slug":"seidensticker-damen-schlupfbluse-langarm-modern-fit-blumendruck-bluse","status":"publish","type":"product","link":"https:\/\/bekleidungscenter.com\/?product=seidensticker-damen-schlupfbluse-langarm-modern-fit-blumendruck-bluse","title":{"rendered":"Seidensticker Damen Schlupfbluse Langarm Modern Fit Blumendruck Bluse"},"content":{"rendered":"<p><!-- show up to 2 reviews by default --> <\/p>\n<p>Seidensticker ist Deutschlands bekannteste Hemdenmarke und geh\u00f6rt zu den f\u00fchrenden Herstellern von hochwertigen Hemden und Blusen in Westen. Seidensticker Hemden und Blusen bilden seit der Gr\u00fcndung der Seidensticker Group im Jahre 1919, die Verbindung von Tradition und Modernit\u00e4t. Mit gro\u00dfer Leidenschaft werden Produkte kreiert, die den aktuellen Zeitgeist aufgreifen, ohne sich schnelllebigen Trends zu unterwerfen. Seidensticker steht f\u00fcr Stilbewusstsein, Geschmack und Haltung. Die Marke positioniert sich im formellen und semiformellen Teil, mit Business- und festlichen Looks sowie anspruchsvollen Optionen f\u00fcr jeden Anlass. Die Schwarze Rose ist die Ikone der Marke Seidensticker. Als subtiles Wiedererkennungs-merkmal am \u00c4rmelschlitz oder am Bauchbereich des Hemdes sowie im Labeling der Bluse, unterstreicht sie die anspruchsvolle Markenhaltung. Unser Lifestyle durchl\u00e4uft grade einen tiefgreifenden Wandel, der die Adjazieren zwischen Freizeit und Business immer durchl\u00e4ssiger werden l\u00e4sst. Bekannt als in der Mode gehen lassen sich starre Regeln zunehmend auf und pfl\u00fcgen Freir\u00e4ume f\u00fcr neue Looks und Kombinationen. Damit r\u00fcckt die Bluse noch st\u00e4rker in den Fokus und macht sie durch ihren Variantenreichtum und ihre Wandlungsf\u00e4higkeit zum unverzichtbaren Key Item f\u00fcr ein modernes, auf jeden Trageanlass perfekt abgestimmtes Styling. Strahlendes Orange und leuchtendes Hellblau versorgen die Basis f\u00fcr diese hochsommerlich ausgelegte Capsule-Kollektion. Florale Motive, mit Bl\u00fcten \u00fcberdruckte Streifen und Paisleys entfalten ihren frischen Appeal auf Baumwoll-Voile oder flie\u00dfender Viskose. Die Gestalten beinhalten moderne Hemdblusen, anspruchsvolle, mit Galonstreifen ausgestaltete Tuniken, V-Neck Varianten und Shirts oder Tuniken mit \u00c4rmelvolumen und dekorativen B\u00e4ndchen. <\/p>\n<p>Passform: Regular fit<br \/>\n\u00c4rmell\u00e4nge: Langarm<br \/>\nKragenform: Stehkragen<br \/>\nLangarm<br \/>\n80% Viskose, 20% Seide<br \/>\nRegular Fit<br \/>\nPflegehinweis: Maschinenw\u00e4sche<br \/>\nModellnummer: 127852<br \/>\nMaterial: 80% Viskose 20% Seide<br \/>\nFragment: Kragen<br \/>\nWebart: Voile<br \/>\n<div class=\"main-cross-sell\" data-asin=\"B07GYP5MXQ\">\n\n\t<div class=\"WooZone-cross-sell-loader\">\n\t\t<div>\n\t\t\t<div id=\"floatingBarsG\">\n\t\t\t\t<div class=\"blockG\" id=\"rotateG_01\"><\/div>\n\t\t\t\t<div class=\"blockG\" id=\"rotateG_02\"><\/div>\n\t\t\t\t<div class=\"blockG\" id=\"rotateG_03\"><\/div>\n\t\t\t\t<div class=\"blockG\" id=\"rotateG_04\"><\/div>\n\t\t\t\t<div class=\"blockG\" id=\"rotateG_05\"><\/div>\n\t\t\t\t<div class=\"blockG\" id=\"rotateG_06\"><\/div>\n\t\t\t\t<div class=\"blockG\" id=\"rotateG_07\"><\/div>\n\t\t\t\t<div class=\"blockG\" id=\"rotateG_08\"><\/div>\n\t\t\t<\/div>\n\t\t\t<div class=\"WooZone-cross-sell-loader-text\"><\/div>\n\t\t<\/div>\n\t<\/div>\n\n\t\t\n<\/div>\n<div style=\"clear:both;\"><\/div><\/p>\n","protected":false},"excerpt":{"rendered":"<p>Passform: Regular fit<br \/>\n\u00c4rmell\u00e4nge: Langarm<br \/>\nKragenform: Stehkragen<\/p>\n","protected":false},"featured_media":8246,"comment_status":"open","ping_status":"closed","template":"","meta":[],"product_cat":[122,133],"product_tag":[],"yoast_head":"<!-- This site is optimized with the Yoast SEO plugin v20.6 - https:\/\/yoast.com\/wordpress\/plugins\/seo\/ -->\n<title>Seidensticker Damen Schlupfbluse Langarm Modern Fit Blumendruck Bluse - FamilienMode<\/title>\n<meta name=\"robots\" content=\"index, follow, max-snippet:-1, max-image-preview:large, max-video-preview:-1\" \/>\n<link rel=\"canonical\" href=\"https:\/\/bekleidungscenter.com\/?product=seidensticker-damen-schlupfbluse-langarm-modern-fit-blumendruck-bluse\" \/>\n<meta property=\"og:locale\" content=\"de_DE\" \/>\n<meta property=\"og:type\" content=\"article\" \/>\n<meta property=\"og:title\" content=\"Seidensticker Damen Schlupfbluse Langarm Modern Fit Blumendruck Bluse - FamilienMode\" \/>\n<meta property=\"og:description\" content=\"Passform: Regular fit \u00c4rmell\u00e4nge: Langarm Kragenform: Stehkragen\" \/>\n<meta property=\"og:url\" content=\"https:\/\/bekleidungscenter.com\/?product=seidensticker-damen-schlupfbluse-langarm-modern-fit-blumendruck-bluse\" \/>\n<meta property=\"og:site_name\" content=\"FamilienMode\" \/>\n<meta property=\"article:modified_time\" content=\"2023-04-07T22:05:50+00:00\" \/>\n<meta property=\"og:image\" content=\"https:\/\/images-na.ssl-images-amazon.com\/images\/I\/51HwncTN%2BLL.jpg\" \/>\n\t<meta property=\"og:image:width\" content=\"500\" \/>\n\t<meta property=\"og:image:height\" content=\"500\" \/>\n\t<meta property=\"og:image:type\" content=\"image\/jpeg\" \/>\n<meta name=\"twitter:card\" content=\"summary_large_image\" \/>\n<meta name=\"twitter:label1\" content=\"Gesch\u00e4tzte Lesezeit\" \/>\n\t<meta name=\"twitter:data1\" content=\"1\u00a0Minute\" \/>\n<script type=\"application\/ld+json\" class=\"yoast-schema-graph\">{\"@context\":\"https:\/\/schema.org\",\"@graph\":[{\"@type\":\"WebPage\",\"@id\":\"https:\/\/bekleidungscenter.com\/?product=seidensticker-damen-schlupfbluse-langarm-modern-fit-blumendruck-bluse\",\"url\":\"https:\/\/bekleidungscenter.com\/?product=seidensticker-damen-schlupfbluse-langarm-modern-fit-blumendruck-bluse\",\"name\":\"Seidensticker Damen Schlupfbluse Langarm Modern Fit Blumendruck Bluse - FamilienMode\",\"isPartOf\":{\"@id\":\"https:\/\/bekleidungscenter.com\/#website\"},\"datePublished\":\"2021-01-03T19:58:20+00:00\",\"dateModified\":\"2023-04-07T22:05:50+00:00\",\"breadcrumb\":{\"@id\":\"https:\/\/bekleidungscenter.com\/?product=seidensticker-damen-schlupfbluse-langarm-modern-fit-blumendruck-bluse#breadcrumb\"},\"inLanguage\":\"de\",\"potentialAction\":[{\"@type\":\"ReadAction\",\"target\":[\"https:\/\/bekleidungscenter.com\/?product=seidensticker-damen-schlupfbluse-langarm-modern-fit-blumendruck-bluse\"]}]},{\"@type\":\"BreadcrumbList\",\"@id\":\"https:\/\/bekleidungscenter.com\/?product=seidensticker-damen-schlupfbluse-langarm-modern-fit-blumendruck-bluse#breadcrumb\",\"itemListElement\":[{\"@type\":\"ListItem\",\"position\":1,\"name\":\"Home\",\"item\":\"https:\/\/bekleidungscenter.com\/\"},{\"@type\":\"ListItem\",\"position\":2,\"name\":\"Shop\",\"item\":\"https:\/\/bekleidungscenter.com\/?page_id=7\"},{\"@type\":\"ListItem\",\"position\":3,\"name\":\"Seidensticker Damen Schlupfbluse Langarm Modern Fit Blumendruck Bluse\"}]},{\"@type\":\"WebSite\",\"@id\":\"https:\/\/bekleidungscenter.com\/#website\",\"url\":\"https:\/\/bekleidungscenter.com\/\",\"name\":\"FamilienMode\",\"description\":\"Alles f\u00fcr die ganze Familie\",\"potentialAction\":[{\"@type\":\"SearchAction\",\"target\":{\"@type\":\"EntryPoint\",\"urlTemplate\":\"https:\/\/bekleidungscenter.com\/?s={search_term_string}\"},\"query-input\":\"required name=search_term_string\"}],\"inLanguage\":\"de\"}]}<\/script>\n<!-- \/ Yoast SEO plugin. -->","yoast_head_json":{"title":"Seidensticker Damen Schlupfbluse Langarm Modern Fit Blumendruck Bluse - FamilienMode","robots":{"index":"index","follow":"follow","max-snippet":"max-snippet:-1","max-image-preview":"max-image-preview:large","max-video-preview":"max-video-preview:-1"},"canonical":"https:\/\/bekleidungscenter.com\/?product=seidensticker-damen-schlupfbluse-langarm-modern-fit-blumendruck-bluse","og_locale":"de_DE","og_type":"article","og_title":"Seidensticker Damen Schlupfbluse Langarm Modern Fit Blumendruck Bluse - FamilienMode","og_description":"Passform: Regular fit \u00c4rmell\u00e4nge: Langarm Kragenform: Stehkragen","og_url":"https:\/\/bekleidungscenter.com\/?product=seidensticker-damen-schlupfbluse-langarm-modern-fit-blumendruck-bluse","og_site_name":"FamilienMode","article_modified_time":"2023-04-07T22:05:50+00:00","og_image":[{"width":500,"height":500,"url":"https:\/\/images-na.ssl-images-amazon.com\/images\/I\/51HwncTN%2BLL.jpg","type":"image\/jpeg"}],"twitter_card":"summary_large_image","twitter_misc":{"Gesch\u00e4tzte Lesezeit":"1\u00a0Minute"},"schema":{"@context":"https:\/\/schema.org","@graph":[{"@type":"WebPage","@id":"https:\/\/bekleidungscenter.com\/?product=seidensticker-damen-schlupfbluse-langarm-modern-fit-blumendruck-bluse","url":"https:\/\/bekleidungscenter.com\/?product=seidensticker-damen-schlupfbluse-langarm-modern-fit-blumendruck-bluse","name":"Seidensticker Damen Schlupfbluse Langarm Modern Fit Blumendruck Bluse - FamilienMode","isPartOf":{"@id":"https:\/\/bekleidungscenter.com\/#website"},"datePublished":"2021-01-03T19:58:20+00:00","dateModified":"2023-04-07T22:05:50+00:00","breadcrumb":{"@id":"https:\/\/bekleidungscenter.com\/?product=seidensticker-damen-schlupfbluse-langarm-modern-fit-blumendruck-bluse#breadcrumb"},"inLanguage":"de","potentialAction":[{"@type":"ReadAction","target":["https:\/\/bekleidungscenter.com\/?product=seidensticker-damen-schlupfbluse-langarm-modern-fit-blumendruck-bluse"]}]},{"@type":"BreadcrumbList","@id":"https:\/\/bekleidungscenter.com\/?product=seidensticker-damen-schlupfbluse-langarm-modern-fit-blumendruck-bluse#breadcrumb","itemListElement":[{"@type":"ListItem","position":1,"name":"Home","item":"https:\/\/bekleidungscenter.com\/"},{"@type":"ListItem","position":2,"name":"Shop","item":"https:\/\/bekleidungscenter.com\/?page_id=7"},{"@type":"ListItem","position":3,"name":"Seidensticker Damen Schlupfbluse Langarm Modern Fit Blumendruck Bluse"}]},{"@type":"WebSite","@id":"https:\/\/bekleidungscenter.com\/#website","url":"https:\/\/bekleidungscenter.com\/","name":"FamilienMode","description":"Alles f\u00fcr die ganze Familie","potentialAction":[{"@type":"SearchAction","target":{"@type":"EntryPoint","urlTemplate":"https:\/\/bekleidungscenter.com\/?s={search_term_string}"},"query-input":"required name=search_term_string"}],"inLanguage":"de"}]}},"_links":{"self":[{"href":"https:\/\/bekleidungscenter.com\/index.php?rest_route=\/wp\/v2\/product\/8245"}],"collection":[{"href":"https:\/\/bekleidungscenter.com\/index.php?rest_route=\/wp\/v2\/product"}],"about":[{"href":"https:\/\/bekleidungscenter.com\/index.php?rest_route=\/wp\/v2\/types\/product"}],"replies":[{"embeddable":true,"href":"https:\/\/bekleidungscenter.com\/index.php?rest_route=%2Fwp%2Fv2%2Fcomments&post=8245"}],"wp:featuredmedia":[{"embeddable":true,"href":"https:\/\/bekleidungscenter.com\/index.php?rest_route=\/wp\/v2\/media\/8246"}],"wp:attachment":[{"href":"https:\/\/bekleidungscenter.com\/index.php?rest_route=%2Fwp%2Fv2%2Fmedia&parent=8245"}],"wp:term":[{"taxonomy":"product_cat","embeddable":true,"href":"https:\/\/bekleidungscenter.com\/index.php?rest_route=%2Fwp%2Fv2%2Fproduct_cat&post=8245"},{"taxonomy":"product_tag","embeddable":true,"href":"https:\/\/bekleidungscenter.com\/index.php?rest_route=%2Fwp%2Fv2%2Fproduct_tag&post=8245"}],"curies":[{"name":"wp","href":"https:\/\/api.w.org\/{rel}","templated":true}]}}