{"id":8357,"date":"2021-01-03T20:00:40","date_gmt":"2021-01-03T20:00:40","guid":{"rendered":"http:\/\/bekleidungscenter.com\/?product=zanzea-damen-schulterfrei-aermellos-tops-rueckenfrei-oberteile-rueschen-strand-weste"},"modified":"2023-04-06T21:58:37","modified_gmt":"2023-04-06T21:58:37","slug":"zanzea-damen-schulterfrei-aermellos-tops-rueckenfrei-oberteile-rueschen-strand-weste","status":"publish","type":"product","link":"https:\/\/bekleidungscenter.com\/?product=zanzea-damen-schulterfrei-aermellos-tops-rueckenfrei-oberteile-rueschen-strand-weste","title":{"rendered":"ZANZEA Damen Schulterfrei \u00c4rmellos Tops R\u00fcckenfrei Oberteile R\u00fcschen Strand Weste"},"content":{"rendered":"<p>&#x2764;&#xfe0f;Leichte, sch\u00f6ne und Attraktive ZANZEA Damen Strand Tr\u00e4gertop \u00c4rmellos R\u00fcckenfrei Oberteile, Einfache trendige Design-richtige f\u00fcr coole Sommer-Vibe. Spielanzug Damen mit Strohhut perfket zum Reise. Tragekomfort Sommer Rueckenfrei Tops passt f\u00fcr Ihre andere.<br \/>\n&#x2764;&#xfe0f;Die ZANZEA Damen Leopard Bustier Schulterfrei Bandeau Tank Top sind die perfekte Wahlgang f\u00fcr leer, perfekt mit Hosen, Leggings, R\u00f6cke, Turnschuhe, Freizeithosen, R\u00f6cke, ein schmaler Bleistiftrock und so weiter.<br \/>\n\u00c4rmellos<br \/>\nMaterial: Polyester + Elasthan<br \/>\nModellnummer: ZANZEAyonnciies7771<br \/>\n&#x2764;&#xfe0f;Diesen coolen \u00c4rmellos Strand Weste Tube oben kannst du an w\u00e4rmeren Tagen als einfache Oberteil verankern oder locker unter deiner Shirt. Sehr angebracht f\u00fcr Alltag, Party, Strand, Urlaub, Club, Hochzeit, Rockabilly, Feierlichkeit, Abschlussfeier, Homecoming, zum Sport oder bekannt als zum Abhotten, machen Ihnen Attraktive und Cool. Dies ist einfach, Ihre andere Kleidung passen.<br \/>\n&#x2764;&#xfe0f;Saison:Perfekt f\u00fcr Fr\u00fchling und Sommer,angenehm zu verankern.Dies Spielanzug wird somit zum perfekten Outfit f\u00fcr den entspannten Stadtbummel mit der besten Freundin oder dem ersten Date im angesagten Cafe oder Bar.<br \/>\n&#x2764;&#xfe0f;Vor dem Aufkauf \u00fcberpr\u00fcfen Sie bitte die Detailgr\u00f6\u00dfe des Produkts. Kundenzufriedenheit ist unsere oberste Priorit\u00e4t. Wir w\u00fcnschen Ihnen ein angenehmes Einkaufen! Anmerkung: Sintemal verschiedenen Monitoren kann das Ablichtung der tats\u00e4chliche Farbe nicht immer vorzeigen.<br \/>\n<div class=\"main-cross-sell\" data-asin=\"B01GFXKWDK\">\n\n\t<div class=\"WooZone-cross-sell-loader\">\n\t\t<div>\n\t\t\t<div id=\"floatingBarsG\">\n\t\t\t\t<div class=\"blockG\" id=\"rotateG_01\"><\/div>\n\t\t\t\t<div class=\"blockG\" id=\"rotateG_02\"><\/div>\n\t\t\t\t<div class=\"blockG\" id=\"rotateG_03\"><\/div>\n\t\t\t\t<div class=\"blockG\" id=\"rotateG_04\"><\/div>\n\t\t\t\t<div class=\"blockG\" id=\"rotateG_05\"><\/div>\n\t\t\t\t<div class=\"blockG\" id=\"rotateG_06\"><\/div>\n\t\t\t\t<div class=\"blockG\" id=\"rotateG_07\"><\/div>\n\t\t\t\t<div class=\"blockG\" id=\"rotateG_08\"><\/div>\n\t\t\t<\/div>\n\t\t\t<div class=\"WooZone-cross-sell-loader-text\"><\/div>\n\t\t<\/div>\n\t<\/div>\n\n\t\t\n<\/div>\n<div style=\"clear:both;\"><\/div><\/p>\n","protected":false},"excerpt":{"rendered":"<p>&#x2764;&#xfe0f;Leichte, sch\u00f6ne und Attraktive ZANZEA Damen Strand Tr\u00e4gertop \u00c4rmellos R\u00fcckenfrei Oberteile, Einfache trendige Design-richtige f\u00fcr coole Sommer-Vibe. Spielanzug Damen mit Strohhut perfket zum Reise. Tragekomfort Sommer Rueckenfrei Tops passt f\u00fcr Ihre andere.<br \/>\n&#x2764;&#xfe0f;Die ZANZEA Damen Leopard Bustier Schulterfrei Bandeau Tank Top sind die perfekte Wahl f\u00fcr alle, perfekt mit Hosen, Leggings, R\u00f6cke, Turnschuhe, Freizeithosen, R\u00f6cke, ein schmaler Bleistiftrock und so weiter.<br \/>\n\u00c4rmellos<\/p>\n","protected":false},"featured_media":8358,"comment_status":"open","ping_status":"closed","template":"","meta":[],"product_cat":[122,133],"product_tag":[],"yoast_head":"<!-- This site is optimized with the Yoast SEO plugin v20.6 - https:\/\/yoast.com\/wordpress\/plugins\/seo\/ -->\n<title>ZANZEA Damen Schulterfrei \u00c4rmellos Tops R\u00fcckenfrei Oberteile R\u00fcschen Strand Weste - FamilienMode<\/title>\n<meta name=\"robots\" content=\"index, follow, max-snippet:-1, max-image-preview:large, max-video-preview:-1\" \/>\n<link rel=\"canonical\" href=\"https:\/\/bekleidungscenter.com\/?product=zanzea-damen-schulterfrei-aermellos-tops-rueckenfrei-oberteile-rueschen-strand-weste\" \/>\n<meta property=\"og:locale\" content=\"de_DE\" \/>\n<meta property=\"og:type\" content=\"article\" \/>\n<meta property=\"og:title\" content=\"ZANZEA Damen Schulterfrei \u00c4rmellos Tops R\u00fcckenfrei Oberteile R\u00fcschen Strand Weste - FamilienMode\" \/>\n<meta property=\"og:description\" content=\"&#x2764;&#xfe0f;Leichte, sch\u00f6ne und Attraktive ZANZEA Damen Strand Tr\u00e4gertop \u00c4rmellos R\u00fcckenfrei Oberteile, Einfache trendige Design-richtige f\u00fcr coole Sommer-Vibe. Spielanzug Damen mit Strohhut perfket zum Reise. Tragekomfort Sommer Rueckenfrei Tops passt f\u00fcr Ihre andere. &#x2764;&#xfe0f;Die ZANZEA Damen Leopard Bustier Schulterfrei Bandeau Tank Top sind die perfekte Wahl f\u00fcr alle, perfekt mit Hosen, Leggings, R\u00f6cke, Turnschuhe, Freizeithosen, R\u00f6cke, ein schmaler Bleistiftrock und so weiter. \u00c4rmellos\" \/>\n<meta property=\"og:url\" content=\"https:\/\/bekleidungscenter.com\/?product=zanzea-damen-schulterfrei-aermellos-tops-rueckenfrei-oberteile-rueschen-strand-weste\" \/>\n<meta property=\"og:site_name\" content=\"FamilienMode\" \/>\n<meta property=\"article:modified_time\" content=\"2023-04-06T21:58:37+00:00\" \/>\n<meta property=\"og:image\" content=\"https:\/\/images-na.ssl-images-amazon.com\/images\/I\/41qMcSjgEFL.jpg\" \/>\n\t<meta property=\"og:image:width\" content=\"500\" \/>\n\t<meta property=\"og:image:height\" content=\"500\" \/>\n\t<meta property=\"og:image:type\" content=\"image\/jpeg\" \/>\n<meta name=\"twitter:card\" content=\"summary_large_image\" \/>\n<meta name=\"twitter:label1\" content=\"Gesch\u00e4tzte Lesezeit\" \/>\n\t<meta name=\"twitter:data1\" content=\"1\u00a0Minute\" \/>\n<script type=\"application\/ld+json\" class=\"yoast-schema-graph\">{\"@context\":\"https:\/\/schema.org\",\"@graph\":[{\"@type\":\"WebPage\",\"@id\":\"https:\/\/bekleidungscenter.com\/?product=zanzea-damen-schulterfrei-aermellos-tops-rueckenfrei-oberteile-rueschen-strand-weste\",\"url\":\"https:\/\/bekleidungscenter.com\/?product=zanzea-damen-schulterfrei-aermellos-tops-rueckenfrei-oberteile-rueschen-strand-weste\",\"name\":\"ZANZEA Damen Schulterfrei \u00c4rmellos Tops R\u00fcckenfrei Oberteile R\u00fcschen Strand Weste - FamilienMode\",\"isPartOf\":{\"@id\":\"https:\/\/bekleidungscenter.com\/#website\"},\"datePublished\":\"2021-01-03T20:00:40+00:00\",\"dateModified\":\"2023-04-06T21:58:37+00:00\",\"breadcrumb\":{\"@id\":\"https:\/\/bekleidungscenter.com\/?product=zanzea-damen-schulterfrei-aermellos-tops-rueckenfrei-oberteile-rueschen-strand-weste#breadcrumb\"},\"inLanguage\":\"de\",\"potentialAction\":[{\"@type\":\"ReadAction\",\"target\":[\"https:\/\/bekleidungscenter.com\/?product=zanzea-damen-schulterfrei-aermellos-tops-rueckenfrei-oberteile-rueschen-strand-weste\"]}]},{\"@type\":\"BreadcrumbList\",\"@id\":\"https:\/\/bekleidungscenter.com\/?product=zanzea-damen-schulterfrei-aermellos-tops-rueckenfrei-oberteile-rueschen-strand-weste#breadcrumb\",\"itemListElement\":[{\"@type\":\"ListItem\",\"position\":1,\"name\":\"Home\",\"item\":\"https:\/\/bekleidungscenter.com\/\"},{\"@type\":\"ListItem\",\"position\":2,\"name\":\"Shop\",\"item\":\"https:\/\/bekleidungscenter.com\/?page_id=7\"},{\"@type\":\"ListItem\",\"position\":3,\"name\":\"ZANZEA Damen Schulterfrei \u00c4rmellos Tops R\u00fcckenfrei Oberteile R\u00fcschen Strand Weste\"}]},{\"@type\":\"WebSite\",\"@id\":\"https:\/\/bekleidungscenter.com\/#website\",\"url\":\"https:\/\/bekleidungscenter.com\/\",\"name\":\"FamilienMode\",\"description\":\"Alles f\u00fcr die ganze Familie\",\"potentialAction\":[{\"@type\":\"SearchAction\",\"target\":{\"@type\":\"EntryPoint\",\"urlTemplate\":\"https:\/\/bekleidungscenter.com\/?s={search_term_string}\"},\"query-input\":\"required name=search_term_string\"}],\"inLanguage\":\"de\"}]}<\/script>\n<!-- \/ Yoast SEO plugin. -->","yoast_head_json":{"title":"ZANZEA Damen Schulterfrei \u00c4rmellos Tops R\u00fcckenfrei Oberteile R\u00fcschen Strand Weste - FamilienMode","robots":{"index":"index","follow":"follow","max-snippet":"max-snippet:-1","max-image-preview":"max-image-preview:large","max-video-preview":"max-video-preview:-1"},"canonical":"https:\/\/bekleidungscenter.com\/?product=zanzea-damen-schulterfrei-aermellos-tops-rueckenfrei-oberteile-rueschen-strand-weste","og_locale":"de_DE","og_type":"article","og_title":"ZANZEA Damen Schulterfrei \u00c4rmellos Tops R\u00fcckenfrei Oberteile R\u00fcschen Strand Weste - FamilienMode","og_description":"&#x2764;&#xfe0f;Leichte, sch\u00f6ne und Attraktive ZANZEA Damen Strand Tr\u00e4gertop \u00c4rmellos R\u00fcckenfrei Oberteile, Einfache trendige Design-richtige f\u00fcr coole Sommer-Vibe. Spielanzug Damen mit Strohhut perfket zum Reise. Tragekomfort Sommer Rueckenfrei Tops passt f\u00fcr Ihre andere. &#x2764;&#xfe0f;Die ZANZEA Damen Leopard Bustier Schulterfrei Bandeau Tank Top sind die perfekte Wahl f\u00fcr alle, perfekt mit Hosen, Leggings, R\u00f6cke, Turnschuhe, Freizeithosen, R\u00f6cke, ein schmaler Bleistiftrock und so weiter. \u00c4rmellos","og_url":"https:\/\/bekleidungscenter.com\/?product=zanzea-damen-schulterfrei-aermellos-tops-rueckenfrei-oberteile-rueschen-strand-weste","og_site_name":"FamilienMode","article_modified_time":"2023-04-06T21:58:37+00:00","og_image":[{"width":500,"height":500,"url":"https:\/\/images-na.ssl-images-amazon.com\/images\/I\/41qMcSjgEFL.jpg","type":"image\/jpeg"}],"twitter_card":"summary_large_image","twitter_misc":{"Gesch\u00e4tzte Lesezeit":"1\u00a0Minute"},"schema":{"@context":"https:\/\/schema.org","@graph":[{"@type":"WebPage","@id":"https:\/\/bekleidungscenter.com\/?product=zanzea-damen-schulterfrei-aermellos-tops-rueckenfrei-oberteile-rueschen-strand-weste","url":"https:\/\/bekleidungscenter.com\/?product=zanzea-damen-schulterfrei-aermellos-tops-rueckenfrei-oberteile-rueschen-strand-weste","name":"ZANZEA Damen Schulterfrei \u00c4rmellos Tops R\u00fcckenfrei Oberteile R\u00fcschen Strand Weste - FamilienMode","isPartOf":{"@id":"https:\/\/bekleidungscenter.com\/#website"},"datePublished":"2021-01-03T20:00:40+00:00","dateModified":"2023-04-06T21:58:37+00:00","breadcrumb":{"@id":"https:\/\/bekleidungscenter.com\/?product=zanzea-damen-schulterfrei-aermellos-tops-rueckenfrei-oberteile-rueschen-strand-weste#breadcrumb"},"inLanguage":"de","potentialAction":[{"@type":"ReadAction","target":["https:\/\/bekleidungscenter.com\/?product=zanzea-damen-schulterfrei-aermellos-tops-rueckenfrei-oberteile-rueschen-strand-weste"]}]},{"@type":"BreadcrumbList","@id":"https:\/\/bekleidungscenter.com\/?product=zanzea-damen-schulterfrei-aermellos-tops-rueckenfrei-oberteile-rueschen-strand-weste#breadcrumb","itemListElement":[{"@type":"ListItem","position":1,"name":"Home","item":"https:\/\/bekleidungscenter.com\/"},{"@type":"ListItem","position":2,"name":"Shop","item":"https:\/\/bekleidungscenter.com\/?page_id=7"},{"@type":"ListItem","position":3,"name":"ZANZEA Damen Schulterfrei \u00c4rmellos Tops R\u00fcckenfrei Oberteile R\u00fcschen Strand Weste"}]},{"@type":"WebSite","@id":"https:\/\/bekleidungscenter.com\/#website","url":"https:\/\/bekleidungscenter.com\/","name":"FamilienMode","description":"Alles f\u00fcr die ganze Familie","potentialAction":[{"@type":"SearchAction","target":{"@type":"EntryPoint","urlTemplate":"https:\/\/bekleidungscenter.com\/?s={search_term_string}"},"query-input":"required name=search_term_string"}],"inLanguage":"de"}]}},"_links":{"self":[{"href":"https:\/\/bekleidungscenter.com\/index.php?rest_route=\/wp\/v2\/product\/8357"}],"collection":[{"href":"https:\/\/bekleidungscenter.com\/index.php?rest_route=\/wp\/v2\/product"}],"about":[{"href":"https:\/\/bekleidungscenter.com\/index.php?rest_route=\/wp\/v2\/types\/product"}],"replies":[{"embeddable":true,"href":"https:\/\/bekleidungscenter.com\/index.php?rest_route=%2Fwp%2Fv2%2Fcomments&post=8357"}],"wp:featuredmedia":[{"embeddable":true,"href":"https:\/\/bekleidungscenter.com\/index.php?rest_route=\/wp\/v2\/media\/8358"}],"wp:attachment":[{"href":"https:\/\/bekleidungscenter.com\/index.php?rest_route=%2Fwp%2Fv2%2Fmedia&parent=8357"}],"wp:term":[{"taxonomy":"product_cat","embeddable":true,"href":"https:\/\/bekleidungscenter.com\/index.php?rest_route=%2Fwp%2Fv2%2Fproduct_cat&post=8357"},{"taxonomy":"product_tag","embeddable":true,"href":"https:\/\/bekleidungscenter.com\/index.php?rest_route=%2Fwp%2Fv2%2Fproduct_tag&post=8357"}],"curies":[{"name":"wp","href":"https:\/\/api.w.org\/{rel}","templated":true}]}}