{"id":8650,"date":"2021-01-03T20:19:43","date_gmt":"2021-01-03T20:19:43","guid":{"rendered":"http:\/\/bekleidungscenter.com\/?product=consult-tex-damen-nachthemd-2-stueck-packung-df614_0"},"modified":"2023-04-06T21:58:44","modified_gmt":"2023-04-06T21:58:44","slug":"consult-tex-damen-nachthemd-2-stueck-packung-df614_0","status":"publish","type":"product","link":"https:\/\/bekleidungscenter.com\/?product=consult-tex-damen-nachthemd-2-stueck-packung-df614_0","title":{"rendered":"Consult-Tex Damen Nachthemd Kurzarm 2er Pack mit Knopfleiste, Baumwolle-Jersey Nachtw\u00e4sche, Schlafhemd Sleepshirt\u2026"},"content":{"rendered":"<p><!-- show up to 2 reviews by default --> <\/p>\n<p>Wundersch\u00f6ne Damen Nachthemden im Doppelpack. Die Gesamtheit reiner, fliessenden und atmungsaktiven Baumwolle-Jersey Qualit\u00e4t. Verschiedene Varianten Mit Hilfe von kurzen, oder langen \u00c4rmeln, sowie unterschiedlichen, aktuellen Farben und Druckmotiven. S\u00e4mtliche Modelle anweisen unter Einsatz von eine Knopfleiste und Kontrastpaspelierungen. Die Pa\u00dfformen sind eher weitherzig, wie zu knapp bemessen. Die Gesamtheit europ\u00e4ischer Erzeugung depressiv Ber\u00fccksichtigung erstklassiger Farbechtheit und Einlaufwerte, qualifiziert den Anforderungen des \u00d6KO-Tex Zertifizierung <\/p>\n<p>Die Gesamtheit reiner Baumwolle Jersey Qualit\u00e4t<br \/>\nMit Hilfe von Knopfleiste und Kontrastpaspeln<br \/>\n100% Baumwolle Jersey<br \/>\nPflegehinweis: Maschinenw\u00e4sche<br \/>\nModellnummer: DF614<br \/>\nMit Hilfe von floralen Druckmotiven<br \/>\nGro\u00dfz\u00fcgige Pa\u00dfformen<br \/>\nL\u00e4nge ca. 95cm<br \/>\n<div class=\"main-cross-sell\" data-asin=\"B071XXGL9L\">\n\n\t<div class=\"WooZone-cross-sell-loader\">\n\t\t<div>\n\t\t\t<div id=\"floatingBarsG\">\n\t\t\t\t<div class=\"blockG\" id=\"rotateG_01\"><\/div>\n\t\t\t\t<div class=\"blockG\" id=\"rotateG_02\"><\/div>\n\t\t\t\t<div class=\"blockG\" id=\"rotateG_03\"><\/div>\n\t\t\t\t<div class=\"blockG\" id=\"rotateG_04\"><\/div>\n\t\t\t\t<div class=\"blockG\" id=\"rotateG_05\"><\/div>\n\t\t\t\t<div class=\"blockG\" id=\"rotateG_06\"><\/div>\n\t\t\t\t<div class=\"blockG\" id=\"rotateG_07\"><\/div>\n\t\t\t\t<div class=\"blockG\" id=\"rotateG_08\"><\/div>\n\t\t\t<\/div>\n\t\t\t<div class=\"WooZone-cross-sell-loader-text\"><\/div>\n\t\t<\/div>\n\t<\/div>\n\n\t\t\n<\/div>\n<div style=\"clear:both;\"><\/div><\/p>\n","protected":false},"excerpt":{"rendered":"<p>Aus reiner Baumwolle Jersey Qualit\u00e4t<br \/>\nMit Knopfleiste und Kontrastpaspeln<br \/>\n100% Baumwolle Jersey<\/p>\n","protected":false},"featured_media":8651,"comment_status":"open","ping_status":"closed","template":"","meta":[],"product_cat":[133,134],"product_tag":[],"yoast_head":"<!-- This site is optimized with the Yoast SEO plugin v20.6 - https:\/\/yoast.com\/wordpress\/plugins\/seo\/ -->\n<title>Consult-Tex Damen Nachthemd Kurzarm 2er Pack mit Knopfleiste, Baumwolle-Jersey Nachtw\u00e4sche, Schlafhemd Sleepshirt\u2026 - FamilienMode<\/title>\n<meta name=\"robots\" content=\"index, follow, max-snippet:-1, max-image-preview:large, max-video-preview:-1\" \/>\n<link rel=\"canonical\" href=\"https:\/\/bekleidungscenter.com\/?product=consult-tex-damen-nachthemd-2-stueck-packung-df614_0\" \/>\n<meta property=\"og:locale\" content=\"de_DE\" \/>\n<meta property=\"og:type\" content=\"article\" \/>\n<meta property=\"og:title\" content=\"Consult-Tex Damen Nachthemd Kurzarm 2er Pack mit Knopfleiste, Baumwolle-Jersey Nachtw\u00e4sche, Schlafhemd Sleepshirt\u2026 - FamilienMode\" \/>\n<meta property=\"og:description\" content=\"Aus reiner Baumwolle Jersey Qualit\u00e4t Mit Knopfleiste und Kontrastpaspeln 100% Baumwolle Jersey\" \/>\n<meta property=\"og:url\" content=\"https:\/\/bekleidungscenter.com\/?product=consult-tex-damen-nachthemd-2-stueck-packung-df614_0\" \/>\n<meta property=\"og:site_name\" content=\"FamilienMode\" \/>\n<meta property=\"article:modified_time\" content=\"2023-04-06T21:58:44+00:00\" \/>\n<meta property=\"og:image\" content=\"https:\/\/images-na.ssl-images-amazon.com\/images\/I\/41Wlty8JeiL.jpg\" \/>\n\t<meta property=\"og:image:width\" content=\"500\" \/>\n\t<meta property=\"og:image:height\" content=\"500\" \/>\n\t<meta property=\"og:image:type\" content=\"image\/jpeg\" \/>\n<meta name=\"twitter:card\" content=\"summary_large_image\" \/>\n<meta name=\"twitter:label1\" content=\"Gesch\u00e4tzte Lesezeit\" \/>\n\t<meta name=\"twitter:data1\" content=\"1\u00a0Minute\" \/>\n<script type=\"application\/ld+json\" class=\"yoast-schema-graph\">{\"@context\":\"https:\/\/schema.org\",\"@graph\":[{\"@type\":\"WebPage\",\"@id\":\"https:\/\/bekleidungscenter.com\/?product=consult-tex-damen-nachthemd-2-stueck-packung-df614_0\",\"url\":\"https:\/\/bekleidungscenter.com\/?product=consult-tex-damen-nachthemd-2-stueck-packung-df614_0\",\"name\":\"Consult-Tex Damen Nachthemd Kurzarm 2er Pack mit Knopfleiste, Baumwolle-Jersey Nachtw\u00e4sche, Schlafhemd Sleepshirt\u2026 - FamilienMode\",\"isPartOf\":{\"@id\":\"https:\/\/bekleidungscenter.com\/#website\"},\"datePublished\":\"2021-01-03T20:19:43+00:00\",\"dateModified\":\"2023-04-06T21:58:44+00:00\",\"breadcrumb\":{\"@id\":\"https:\/\/bekleidungscenter.com\/?product=consult-tex-damen-nachthemd-2-stueck-packung-df614_0#breadcrumb\"},\"inLanguage\":\"de\",\"potentialAction\":[{\"@type\":\"ReadAction\",\"target\":[\"https:\/\/bekleidungscenter.com\/?product=consult-tex-damen-nachthemd-2-stueck-packung-df614_0\"]}]},{\"@type\":\"BreadcrumbList\",\"@id\":\"https:\/\/bekleidungscenter.com\/?product=consult-tex-damen-nachthemd-2-stueck-packung-df614_0#breadcrumb\",\"itemListElement\":[{\"@type\":\"ListItem\",\"position\":1,\"name\":\"Home\",\"item\":\"https:\/\/bekleidungscenter.com\/\"},{\"@type\":\"ListItem\",\"position\":2,\"name\":\"Shop\",\"item\":\"https:\/\/bekleidungscenter.com\/?page_id=7\"},{\"@type\":\"ListItem\",\"position\":3,\"name\":\"Consult-Tex Damen Nachthemd Kurzarm 2er Pack mit Knopfleiste, Baumwolle-Jersey Nachtw\u00e4sche, Schlafhemd Sleepshirt\u2026\"}]},{\"@type\":\"WebSite\",\"@id\":\"https:\/\/bekleidungscenter.com\/#website\",\"url\":\"https:\/\/bekleidungscenter.com\/\",\"name\":\"FamilienMode\",\"description\":\"Alles f\u00fcr die ganze Familie\",\"potentialAction\":[{\"@type\":\"SearchAction\",\"target\":{\"@type\":\"EntryPoint\",\"urlTemplate\":\"https:\/\/bekleidungscenter.com\/?s={search_term_string}\"},\"query-input\":\"required name=search_term_string\"}],\"inLanguage\":\"de\"}]}<\/script>\n<!-- \/ Yoast SEO plugin. -->","yoast_head_json":{"title":"Consult-Tex Damen Nachthemd Kurzarm 2er Pack mit Knopfleiste, Baumwolle-Jersey Nachtw\u00e4sche, Schlafhemd Sleepshirt\u2026 - FamilienMode","robots":{"index":"index","follow":"follow","max-snippet":"max-snippet:-1","max-image-preview":"max-image-preview:large","max-video-preview":"max-video-preview:-1"},"canonical":"https:\/\/bekleidungscenter.com\/?product=consult-tex-damen-nachthemd-2-stueck-packung-df614_0","og_locale":"de_DE","og_type":"article","og_title":"Consult-Tex Damen Nachthemd Kurzarm 2er Pack mit Knopfleiste, Baumwolle-Jersey Nachtw\u00e4sche, Schlafhemd Sleepshirt\u2026 - FamilienMode","og_description":"Aus reiner Baumwolle Jersey Qualit\u00e4t Mit Knopfleiste und Kontrastpaspeln 100% Baumwolle Jersey","og_url":"https:\/\/bekleidungscenter.com\/?product=consult-tex-damen-nachthemd-2-stueck-packung-df614_0","og_site_name":"FamilienMode","article_modified_time":"2023-04-06T21:58:44+00:00","og_image":[{"width":500,"height":500,"url":"https:\/\/images-na.ssl-images-amazon.com\/images\/I\/41Wlty8JeiL.jpg","type":"image\/jpeg"}],"twitter_card":"summary_large_image","twitter_misc":{"Gesch\u00e4tzte Lesezeit":"1\u00a0Minute"},"schema":{"@context":"https:\/\/schema.org","@graph":[{"@type":"WebPage","@id":"https:\/\/bekleidungscenter.com\/?product=consult-tex-damen-nachthemd-2-stueck-packung-df614_0","url":"https:\/\/bekleidungscenter.com\/?product=consult-tex-damen-nachthemd-2-stueck-packung-df614_0","name":"Consult-Tex Damen Nachthemd Kurzarm 2er Pack mit Knopfleiste, Baumwolle-Jersey Nachtw\u00e4sche, Schlafhemd Sleepshirt\u2026 - FamilienMode","isPartOf":{"@id":"https:\/\/bekleidungscenter.com\/#website"},"datePublished":"2021-01-03T20:19:43+00:00","dateModified":"2023-04-06T21:58:44+00:00","breadcrumb":{"@id":"https:\/\/bekleidungscenter.com\/?product=consult-tex-damen-nachthemd-2-stueck-packung-df614_0#breadcrumb"},"inLanguage":"de","potentialAction":[{"@type":"ReadAction","target":["https:\/\/bekleidungscenter.com\/?product=consult-tex-damen-nachthemd-2-stueck-packung-df614_0"]}]},{"@type":"BreadcrumbList","@id":"https:\/\/bekleidungscenter.com\/?product=consult-tex-damen-nachthemd-2-stueck-packung-df614_0#breadcrumb","itemListElement":[{"@type":"ListItem","position":1,"name":"Home","item":"https:\/\/bekleidungscenter.com\/"},{"@type":"ListItem","position":2,"name":"Shop","item":"https:\/\/bekleidungscenter.com\/?page_id=7"},{"@type":"ListItem","position":3,"name":"Consult-Tex Damen Nachthemd Kurzarm 2er Pack mit Knopfleiste, Baumwolle-Jersey Nachtw\u00e4sche, Schlafhemd Sleepshirt\u2026"}]},{"@type":"WebSite","@id":"https:\/\/bekleidungscenter.com\/#website","url":"https:\/\/bekleidungscenter.com\/","name":"FamilienMode","description":"Alles f\u00fcr die ganze Familie","potentialAction":[{"@type":"SearchAction","target":{"@type":"EntryPoint","urlTemplate":"https:\/\/bekleidungscenter.com\/?s={search_term_string}"},"query-input":"required name=search_term_string"}],"inLanguage":"de"}]}},"_links":{"self":[{"href":"https:\/\/bekleidungscenter.com\/index.php?rest_route=\/wp\/v2\/product\/8650"}],"collection":[{"href":"https:\/\/bekleidungscenter.com\/index.php?rest_route=\/wp\/v2\/product"}],"about":[{"href":"https:\/\/bekleidungscenter.com\/index.php?rest_route=\/wp\/v2\/types\/product"}],"replies":[{"embeddable":true,"href":"https:\/\/bekleidungscenter.com\/index.php?rest_route=%2Fwp%2Fv2%2Fcomments&post=8650"}],"wp:featuredmedia":[{"embeddable":true,"href":"https:\/\/bekleidungscenter.com\/index.php?rest_route=\/wp\/v2\/media\/8651"}],"wp:attachment":[{"href":"https:\/\/bekleidungscenter.com\/index.php?rest_route=%2Fwp%2Fv2%2Fmedia&parent=8650"}],"wp:term":[{"taxonomy":"product_cat","embeddable":true,"href":"https:\/\/bekleidungscenter.com\/index.php?rest_route=%2Fwp%2Fv2%2Fproduct_cat&post=8650"},{"taxonomy":"product_tag","embeddable":true,"href":"https:\/\/bekleidungscenter.com\/index.php?rest_route=%2Fwp%2Fv2%2Fproduct_tag&post=8650"}],"curies":[{"name":"wp","href":"https:\/\/api.w.org\/{rel}","templated":true}]}}