{"id":8676,"date":"2021-01-03T20:20:14","date_gmt":"2021-01-03T20:20:14","guid":{"rendered":"http:\/\/bekleidungscenter.com\/?product=esprit-damen-jordyn-nightshirt-nachthemd"},"modified":"2023-04-06T21:58:45","modified_gmt":"2023-04-06T21:58:45","slug":"esprit-damen-jordyn-nightshirt-nachthemd","status":"publish","type":"product","link":"https:\/\/bekleidungscenter.com\/?product=esprit-damen-jordyn-nightshirt-nachthemd","title":{"rendered":"ESPRIT Damen Jordyn Nightshirt Nachthemd"},"content":{"rendered":"<p><!-- show up to 2 reviews by default --> <\/p>\n<p><b>\u00dcBER ESPRIT<\/p>\n<p><\/b>Am Anfang stand die Vision einer allgemein g\u00fcltig positiven Lebenseinstellung: So wurde Esprit 1968 in Kalifornien vom Ehepaar Susie und Doug Tompkins gegr\u00fcndet. Inspiriert vom revolution\u00e4ren Geist der 60er Jahre entwickelte die Marke eine klare Philosophie \u2013 authentische Menschen und wahre Gemeinschaft zu feiern, jeder im Sinne des Markenversprechens: <b>\u201eGut f\u00fchlen, gut aussehen\u201d<\/b>.<\/p>\n<p>Der \u201eEsprit de Corps\u201c des Unternehmens zeichnet sich durch eine positive und wertsch\u00e4tzende Haltung dem Leben gegen\u00fcber Leer, in der Gemeinschaft, Familie und Freunde eine wichtige Rolle spielen \u2013 und das im l\u00e4ssig-coolen kalifornischen Style. Dem ESPRIT Style. ESPRIT ist in \u00fcber 40 L\u00e4ndern pr\u00e4sent und vertreibt seine Produkte international in rund 580 eigenen Retail-Stores sowie an \u00fcber 5.400 Wholesale-Standorten, einschlie\u00dflich Franchise-Gesch\u00e4ften und Verkaufsfl\u00e4chen in Warenh\u00e4usern. Die Abteilung vermarktet ihre Produkte unter den beiden Marken ESPRIT und edc by ESPRIT. ESPRIT ist seit 1993 an der Wertpapierb\u00f6rse Hongkong gelistet und hat Zentralen in Deutschland und Hongkong.<\/p>\n<p><b>NACHHALTIGKEIT<br \/><\/b><br \/>ESPRIT versteht unter nachhaltigeren Materialien qualitativ hochwertige und in einem m\u00f6glichst umweltschonenden Produktionsprozess hergestellte Materialien. Weil achtet ESPRIT insbesondere darauf, dass Materialien recycelt oder kompostiert werden k\u00f6nnen.<\/p>\n<p>ESPRIT bem\u00fcht sich bei der Herstellung seiner Produkte stets um h\u00f6chste Qualit\u00e4t, damit sie m\u00f6glichst lange in einem guten und tragbaren Zustand bleiben. Leer diesem Grund schulen wir unsere Designer zum Thema Kreislaufwirtschaft und sich abrackern an einem Akt, mit dem sichergestellt werden soll, dass all unsere Kleidungsst\u00fccke gut konstruiert, mit haltbaren Materialien hergestellt und, wenn m\u00f6glich, zeitlos und hinsichtlich ihrer Anwendung adaptiv gestaltet sind. <\/p>\n<p>Jersey-Nachthemd Leer reiner Baumwolle, zweifarbiger Allover-Ringel mit unifarbigen B\u00fcndchen am \u00c4rmel<br \/>\nrunder St\u00fcckchen mit unifarbiger Knopfleiste, optimaler Tragekomfort<br \/>\nKragenform: Rundhals<br \/>\n3\/4 \u00c4rmel<br \/>\n100% Baumwolle<br \/>\nPflegehinweis: Maschinenw\u00e4sche warm (40\u00b0 +)<br \/>\nModellnummer: 999EF1Y811<br \/>\n<div class=\"main-cross-sell\" data-asin=\"B07R2FJCPR\">\n\n\t<div class=\"WooZone-cross-sell-loader\">\n\t\t<div>\n\t\t\t<div id=\"floatingBarsG\">\n\t\t\t\t<div class=\"blockG\" id=\"rotateG_01\"><\/div>\n\t\t\t\t<div class=\"blockG\" id=\"rotateG_02\"><\/div>\n\t\t\t\t<div class=\"blockG\" id=\"rotateG_03\"><\/div>\n\t\t\t\t<div class=\"blockG\" id=\"rotateG_04\"><\/div>\n\t\t\t\t<div class=\"blockG\" id=\"rotateG_05\"><\/div>\n\t\t\t\t<div class=\"blockG\" id=\"rotateG_06\"><\/div>\n\t\t\t\t<div class=\"blockG\" id=\"rotateG_07\"><\/div>\n\t\t\t\t<div class=\"blockG\" id=\"rotateG_08\"><\/div>\n\t\t\t<\/div>\n\t\t\t<div class=\"WooZone-cross-sell-loader-text\"><\/div>\n\t\t<\/div>\n\t<\/div>\n\n\t\t\n<\/div>\n<div style=\"clear:both;\"><\/div><\/p>\n","protected":false},"excerpt":{"rendered":"<p>Jersey-Nachthemd aus reiner Baumwolle, zweifarbiger Allover-Ringel mit unifarbigen B\u00fcndchen am \u00c4rmel<br \/>\nrunder Ausschnitt mit unifarbiger Knopfleiste, optimaler Tragekomfort<br \/>\nKragenform: Rundhals<\/p>\n","protected":false},"featured_media":8677,"comment_status":"open","ping_status":"closed","template":"","meta":[],"product_cat":[133,134],"product_tag":[],"yoast_head":"<!-- This site is optimized with the Yoast SEO plugin v20.6 - https:\/\/yoast.com\/wordpress\/plugins\/seo\/ -->\n<title>ESPRIT Damen Jordyn Nightshirt Nachthemd - FamilienMode<\/title>\n<meta name=\"robots\" content=\"index, follow, max-snippet:-1, max-image-preview:large, max-video-preview:-1\" \/>\n<link rel=\"canonical\" href=\"https:\/\/bekleidungscenter.com\/?product=esprit-damen-jordyn-nightshirt-nachthemd\" \/>\n<meta property=\"og:locale\" content=\"de_DE\" \/>\n<meta property=\"og:type\" content=\"article\" \/>\n<meta property=\"og:title\" content=\"ESPRIT Damen Jordyn Nightshirt Nachthemd - FamilienMode\" \/>\n<meta property=\"og:description\" content=\"Jersey-Nachthemd aus reiner Baumwolle, zweifarbiger Allover-Ringel mit unifarbigen B\u00fcndchen am \u00c4rmel runder Ausschnitt mit unifarbiger Knopfleiste, optimaler Tragekomfort Kragenform: Rundhals\" \/>\n<meta property=\"og:url\" content=\"https:\/\/bekleidungscenter.com\/?product=esprit-damen-jordyn-nightshirt-nachthemd\" \/>\n<meta property=\"og:site_name\" content=\"FamilienMode\" \/>\n<meta property=\"article:modified_time\" content=\"2023-04-06T21:58:45+00:00\" \/>\n<meta property=\"og:image\" content=\"https:\/\/images-na.ssl-images-amazon.com\/images\/I\/41vDZsCeNsL.jpg\" \/>\n\t<meta property=\"og:image:width\" content=\"500\" \/>\n\t<meta property=\"og:image:height\" content=\"500\" \/>\n\t<meta property=\"og:image:type\" content=\"image\/jpeg\" \/>\n<meta name=\"twitter:card\" content=\"summary_large_image\" \/>\n<meta name=\"twitter:label1\" content=\"Gesch\u00e4tzte Lesezeit\" \/>\n\t<meta name=\"twitter:data1\" content=\"1\u00a0Minute\" \/>\n<script type=\"application\/ld+json\" class=\"yoast-schema-graph\">{\"@context\":\"https:\/\/schema.org\",\"@graph\":[{\"@type\":\"WebPage\",\"@id\":\"https:\/\/bekleidungscenter.com\/?product=esprit-damen-jordyn-nightshirt-nachthemd\",\"url\":\"https:\/\/bekleidungscenter.com\/?product=esprit-damen-jordyn-nightshirt-nachthemd\",\"name\":\"ESPRIT Damen Jordyn Nightshirt Nachthemd - FamilienMode\",\"isPartOf\":{\"@id\":\"https:\/\/bekleidungscenter.com\/#website\"},\"datePublished\":\"2021-01-03T20:20:14+00:00\",\"dateModified\":\"2023-04-06T21:58:45+00:00\",\"breadcrumb\":{\"@id\":\"https:\/\/bekleidungscenter.com\/?product=esprit-damen-jordyn-nightshirt-nachthemd#breadcrumb\"},\"inLanguage\":\"de\",\"potentialAction\":[{\"@type\":\"ReadAction\",\"target\":[\"https:\/\/bekleidungscenter.com\/?product=esprit-damen-jordyn-nightshirt-nachthemd\"]}]},{\"@type\":\"BreadcrumbList\",\"@id\":\"https:\/\/bekleidungscenter.com\/?product=esprit-damen-jordyn-nightshirt-nachthemd#breadcrumb\",\"itemListElement\":[{\"@type\":\"ListItem\",\"position\":1,\"name\":\"Home\",\"item\":\"https:\/\/bekleidungscenter.com\/\"},{\"@type\":\"ListItem\",\"position\":2,\"name\":\"Shop\",\"item\":\"https:\/\/bekleidungscenter.com\/?page_id=7\"},{\"@type\":\"ListItem\",\"position\":3,\"name\":\"ESPRIT Damen Jordyn Nightshirt Nachthemd\"}]},{\"@type\":\"WebSite\",\"@id\":\"https:\/\/bekleidungscenter.com\/#website\",\"url\":\"https:\/\/bekleidungscenter.com\/\",\"name\":\"FamilienMode\",\"description\":\"Alles f\u00fcr die ganze Familie\",\"potentialAction\":[{\"@type\":\"SearchAction\",\"target\":{\"@type\":\"EntryPoint\",\"urlTemplate\":\"https:\/\/bekleidungscenter.com\/?s={search_term_string}\"},\"query-input\":\"required name=search_term_string\"}],\"inLanguage\":\"de\"}]}<\/script>\n<!-- \/ Yoast SEO plugin. -->","yoast_head_json":{"title":"ESPRIT Damen Jordyn Nightshirt Nachthemd - FamilienMode","robots":{"index":"index","follow":"follow","max-snippet":"max-snippet:-1","max-image-preview":"max-image-preview:large","max-video-preview":"max-video-preview:-1"},"canonical":"https:\/\/bekleidungscenter.com\/?product=esprit-damen-jordyn-nightshirt-nachthemd","og_locale":"de_DE","og_type":"article","og_title":"ESPRIT Damen Jordyn Nightshirt Nachthemd - FamilienMode","og_description":"Jersey-Nachthemd aus reiner Baumwolle, zweifarbiger Allover-Ringel mit unifarbigen B\u00fcndchen am \u00c4rmel runder Ausschnitt mit unifarbiger Knopfleiste, optimaler Tragekomfort Kragenform: Rundhals","og_url":"https:\/\/bekleidungscenter.com\/?product=esprit-damen-jordyn-nightshirt-nachthemd","og_site_name":"FamilienMode","article_modified_time":"2023-04-06T21:58:45+00:00","og_image":[{"width":500,"height":500,"url":"https:\/\/images-na.ssl-images-amazon.com\/images\/I\/41vDZsCeNsL.jpg","type":"image\/jpeg"}],"twitter_card":"summary_large_image","twitter_misc":{"Gesch\u00e4tzte Lesezeit":"1\u00a0Minute"},"schema":{"@context":"https:\/\/schema.org","@graph":[{"@type":"WebPage","@id":"https:\/\/bekleidungscenter.com\/?product=esprit-damen-jordyn-nightshirt-nachthemd","url":"https:\/\/bekleidungscenter.com\/?product=esprit-damen-jordyn-nightshirt-nachthemd","name":"ESPRIT Damen Jordyn Nightshirt Nachthemd - FamilienMode","isPartOf":{"@id":"https:\/\/bekleidungscenter.com\/#website"},"datePublished":"2021-01-03T20:20:14+00:00","dateModified":"2023-04-06T21:58:45+00:00","breadcrumb":{"@id":"https:\/\/bekleidungscenter.com\/?product=esprit-damen-jordyn-nightshirt-nachthemd#breadcrumb"},"inLanguage":"de","potentialAction":[{"@type":"ReadAction","target":["https:\/\/bekleidungscenter.com\/?product=esprit-damen-jordyn-nightshirt-nachthemd"]}]},{"@type":"BreadcrumbList","@id":"https:\/\/bekleidungscenter.com\/?product=esprit-damen-jordyn-nightshirt-nachthemd#breadcrumb","itemListElement":[{"@type":"ListItem","position":1,"name":"Home","item":"https:\/\/bekleidungscenter.com\/"},{"@type":"ListItem","position":2,"name":"Shop","item":"https:\/\/bekleidungscenter.com\/?page_id=7"},{"@type":"ListItem","position":3,"name":"ESPRIT Damen Jordyn Nightshirt Nachthemd"}]},{"@type":"WebSite","@id":"https:\/\/bekleidungscenter.com\/#website","url":"https:\/\/bekleidungscenter.com\/","name":"FamilienMode","description":"Alles f\u00fcr die ganze Familie","potentialAction":[{"@type":"SearchAction","target":{"@type":"EntryPoint","urlTemplate":"https:\/\/bekleidungscenter.com\/?s={search_term_string}"},"query-input":"required name=search_term_string"}],"inLanguage":"de"}]}},"_links":{"self":[{"href":"https:\/\/bekleidungscenter.com\/index.php?rest_route=\/wp\/v2\/product\/8676"}],"collection":[{"href":"https:\/\/bekleidungscenter.com\/index.php?rest_route=\/wp\/v2\/product"}],"about":[{"href":"https:\/\/bekleidungscenter.com\/index.php?rest_route=\/wp\/v2\/types\/product"}],"replies":[{"embeddable":true,"href":"https:\/\/bekleidungscenter.com\/index.php?rest_route=%2Fwp%2Fv2%2Fcomments&post=8676"}],"wp:featuredmedia":[{"embeddable":true,"href":"https:\/\/bekleidungscenter.com\/index.php?rest_route=\/wp\/v2\/media\/8677"}],"wp:attachment":[{"href":"https:\/\/bekleidungscenter.com\/index.php?rest_route=%2Fwp%2Fv2%2Fmedia&parent=8676"}],"wp:term":[{"taxonomy":"product_cat","embeddable":true,"href":"https:\/\/bekleidungscenter.com\/index.php?rest_route=%2Fwp%2Fv2%2Fproduct_cat&post=8676"},{"taxonomy":"product_tag","embeddable":true,"href":"https:\/\/bekleidungscenter.com\/index.php?rest_route=%2Fwp%2Fv2%2Fproduct_tag&post=8676"}],"curies":[{"name":"wp","href":"https:\/\/api.w.org\/{rel}","templated":true}]}}