{"id":8797,"date":"2021-01-03T20:22:34","date_gmt":"2021-01-03T20:22:34","guid":{"rendered":"http:\/\/bekleidungscenter.com\/?product=hanro-damen-nachthemd"},"modified":"2023-04-10T22:41:37","modified_gmt":"2023-04-10T22:41:37","slug":"hanro-damen-nachthemd","status":"publish","type":"product","link":"https:\/\/bekleidungscenter.com\/?product=hanro-damen-nachthemd","title":{"rendered":"Hanro Damen Nachthemd"},"content":{"rendered":"<p><!-- show up to 2 reviews by default --> <\/p>\n<p>Bezaubert mit femininer Eleganz: Stilvolle Nachtw\u00e4sche der Spalier MOMENTS, in neuer, ausgesprochen weicher Interlock-Qualit\u00e4t aufgebraucht herzensgut fallender, merzerisierter Baumwolle. Highlight dieses traumhaften Damen Nachthemdes ist das \u00fcppige, mit Spitze besetzte Dekollet\u00e9. Der elegante V-St\u00fcck in Kombination mit dem Anflug Transparenz, sorgt statt einen reizvollen Look. <\/p>\n<p>Feminines Kurzarm-Nachthemd aufgebraucht 100% merzerisierter Baumwolle in Interlock-Vollzug mit Spitze verziertem V-St\u00fcck<br \/>\nWeicher Niedergang statt h\u00f6chsten Tragekomfort und L\u00e4nge von 100 cm<br \/>\nKragenform: V-St\u00fcck<br \/>\nKurzarm<br \/>\n100% Baumwolle; Spitze: 82% Polyamid, 18% Elasthan<br \/>\nPflegehinweis: Maschinenw\u00e4sche andersherum (40\u00b0 +)<br \/>\nModellnummer: 77930<br \/>\n<div class=\"main-cross-sell\" data-asin=\"B07GGS7P2K\">\n\n\t<div class=\"WooZone-cross-sell-loader\">\n\t\t<div>\n\t\t\t<div id=\"floatingBarsG\">\n\t\t\t\t<div class=\"blockG\" id=\"rotateG_01\"><\/div>\n\t\t\t\t<div class=\"blockG\" id=\"rotateG_02\"><\/div>\n\t\t\t\t<div class=\"blockG\" id=\"rotateG_03\"><\/div>\n\t\t\t\t<div class=\"blockG\" id=\"rotateG_04\"><\/div>\n\t\t\t\t<div class=\"blockG\" id=\"rotateG_05\"><\/div>\n\t\t\t\t<div class=\"blockG\" id=\"rotateG_06\"><\/div>\n\t\t\t\t<div class=\"blockG\" id=\"rotateG_07\"><\/div>\n\t\t\t\t<div class=\"blockG\" id=\"rotateG_08\"><\/div>\n\t\t\t<\/div>\n\t\t\t<div class=\"WooZone-cross-sell-loader-text\"><\/div>\n\t\t<\/div>\n\t<\/div>\n\n\t\t\n<\/div>\n<div style=\"clear:both;\"><\/div><\/p>\n","protected":false},"excerpt":{"rendered":"<p>Feminines Kurzarm-Nachthemd aus 100% merzerisierter Baumwolle in Interlock-Verarbeitung mit Spitze verziertem V-Ausschnitt<br \/>\nWeicher Fall f\u00fcr h\u00f6chsten Tragekomfort und L\u00e4nge von 100 cm<br \/>\nKragenform: V-Ausschnitt<\/p>\n","protected":false},"featured_media":8798,"comment_status":"open","ping_status":"closed","template":"","meta":[],"product_cat":[133,134],"product_tag":[],"yoast_head":"<!-- This site is optimized with the Yoast SEO plugin v20.6 - https:\/\/yoast.com\/wordpress\/plugins\/seo\/ -->\n<title>Hanro Damen Nachthemd - FamilienMode<\/title>\n<meta name=\"robots\" content=\"index, follow, max-snippet:-1, max-image-preview:large, max-video-preview:-1\" \/>\n<link rel=\"canonical\" href=\"https:\/\/bekleidungscenter.com\/?product=hanro-damen-nachthemd\" \/>\n<meta property=\"og:locale\" content=\"de_DE\" \/>\n<meta property=\"og:type\" content=\"article\" \/>\n<meta property=\"og:title\" content=\"Hanro Damen Nachthemd - FamilienMode\" \/>\n<meta property=\"og:description\" content=\"Feminines Kurzarm-Nachthemd aus 100% merzerisierter Baumwolle in Interlock-Verarbeitung mit Spitze verziertem V-Ausschnitt Weicher Fall f\u00fcr h\u00f6chsten Tragekomfort und L\u00e4nge von 100 cm Kragenform: V-Ausschnitt\" \/>\n<meta property=\"og:url\" content=\"https:\/\/bekleidungscenter.com\/?product=hanro-damen-nachthemd\" \/>\n<meta property=\"og:site_name\" content=\"FamilienMode\" \/>\n<meta property=\"article:modified_time\" content=\"2023-04-10T22:41:37+00:00\" \/>\n<meta property=\"og:image\" content=\"https:\/\/images-na.ssl-images-amazon.com\/images\/I\/31MIaFEYqoL.jpg\" \/>\n\t<meta property=\"og:image:width\" content=\"500\" \/>\n\t<meta property=\"og:image:height\" content=\"500\" \/>\n\t<meta property=\"og:image:type\" content=\"image\/jpeg\" \/>\n<meta name=\"twitter:card\" content=\"summary_large_image\" \/>\n<script type=\"application\/ld+json\" class=\"yoast-schema-graph\">{\"@context\":\"https:\/\/schema.org\",\"@graph\":[{\"@type\":\"WebPage\",\"@id\":\"https:\/\/bekleidungscenter.com\/?product=hanro-damen-nachthemd\",\"url\":\"https:\/\/bekleidungscenter.com\/?product=hanro-damen-nachthemd\",\"name\":\"Hanro Damen Nachthemd - FamilienMode\",\"isPartOf\":{\"@id\":\"https:\/\/bekleidungscenter.com\/#website\"},\"datePublished\":\"2021-01-03T20:22:34+00:00\",\"dateModified\":\"2023-04-10T22:41:37+00:00\",\"breadcrumb\":{\"@id\":\"https:\/\/bekleidungscenter.com\/?product=hanro-damen-nachthemd#breadcrumb\"},\"inLanguage\":\"de\",\"potentialAction\":[{\"@type\":\"ReadAction\",\"target\":[\"https:\/\/bekleidungscenter.com\/?product=hanro-damen-nachthemd\"]}]},{\"@type\":\"BreadcrumbList\",\"@id\":\"https:\/\/bekleidungscenter.com\/?product=hanro-damen-nachthemd#breadcrumb\",\"itemListElement\":[{\"@type\":\"ListItem\",\"position\":1,\"name\":\"Home\",\"item\":\"https:\/\/bekleidungscenter.com\/\"},{\"@type\":\"ListItem\",\"position\":2,\"name\":\"Shop\",\"item\":\"https:\/\/bekleidungscenter.com\/?page_id=7\"},{\"@type\":\"ListItem\",\"position\":3,\"name\":\"Hanro Damen Nachthemd\"}]},{\"@type\":\"WebSite\",\"@id\":\"https:\/\/bekleidungscenter.com\/#website\",\"url\":\"https:\/\/bekleidungscenter.com\/\",\"name\":\"FamilienMode\",\"description\":\"Alles f\u00fcr die ganze Familie\",\"potentialAction\":[{\"@type\":\"SearchAction\",\"target\":{\"@type\":\"EntryPoint\",\"urlTemplate\":\"https:\/\/bekleidungscenter.com\/?s={search_term_string}\"},\"query-input\":\"required name=search_term_string\"}],\"inLanguage\":\"de\"}]}<\/script>\n<!-- \/ Yoast SEO plugin. -->","yoast_head_json":{"title":"Hanro Damen Nachthemd - FamilienMode","robots":{"index":"index","follow":"follow","max-snippet":"max-snippet:-1","max-image-preview":"max-image-preview:large","max-video-preview":"max-video-preview:-1"},"canonical":"https:\/\/bekleidungscenter.com\/?product=hanro-damen-nachthemd","og_locale":"de_DE","og_type":"article","og_title":"Hanro Damen Nachthemd - FamilienMode","og_description":"Feminines Kurzarm-Nachthemd aus 100% merzerisierter Baumwolle in Interlock-Verarbeitung mit Spitze verziertem V-Ausschnitt Weicher Fall f\u00fcr h\u00f6chsten Tragekomfort und L\u00e4nge von 100 cm Kragenform: V-Ausschnitt","og_url":"https:\/\/bekleidungscenter.com\/?product=hanro-damen-nachthemd","og_site_name":"FamilienMode","article_modified_time":"2023-04-10T22:41:37+00:00","og_image":[{"width":500,"height":500,"url":"https:\/\/images-na.ssl-images-amazon.com\/images\/I\/31MIaFEYqoL.jpg","type":"image\/jpeg"}],"twitter_card":"summary_large_image","schema":{"@context":"https:\/\/schema.org","@graph":[{"@type":"WebPage","@id":"https:\/\/bekleidungscenter.com\/?product=hanro-damen-nachthemd","url":"https:\/\/bekleidungscenter.com\/?product=hanro-damen-nachthemd","name":"Hanro Damen Nachthemd - FamilienMode","isPartOf":{"@id":"https:\/\/bekleidungscenter.com\/#website"},"datePublished":"2021-01-03T20:22:34+00:00","dateModified":"2023-04-10T22:41:37+00:00","breadcrumb":{"@id":"https:\/\/bekleidungscenter.com\/?product=hanro-damen-nachthemd#breadcrumb"},"inLanguage":"de","potentialAction":[{"@type":"ReadAction","target":["https:\/\/bekleidungscenter.com\/?product=hanro-damen-nachthemd"]}]},{"@type":"BreadcrumbList","@id":"https:\/\/bekleidungscenter.com\/?product=hanro-damen-nachthemd#breadcrumb","itemListElement":[{"@type":"ListItem","position":1,"name":"Home","item":"https:\/\/bekleidungscenter.com\/"},{"@type":"ListItem","position":2,"name":"Shop","item":"https:\/\/bekleidungscenter.com\/?page_id=7"},{"@type":"ListItem","position":3,"name":"Hanro Damen Nachthemd"}]},{"@type":"WebSite","@id":"https:\/\/bekleidungscenter.com\/#website","url":"https:\/\/bekleidungscenter.com\/","name":"FamilienMode","description":"Alles f\u00fcr die ganze Familie","potentialAction":[{"@type":"SearchAction","target":{"@type":"EntryPoint","urlTemplate":"https:\/\/bekleidungscenter.com\/?s={search_term_string}"},"query-input":"required name=search_term_string"}],"inLanguage":"de"}]}},"_links":{"self":[{"href":"https:\/\/bekleidungscenter.com\/index.php?rest_route=\/wp\/v2\/product\/8797"}],"collection":[{"href":"https:\/\/bekleidungscenter.com\/index.php?rest_route=\/wp\/v2\/product"}],"about":[{"href":"https:\/\/bekleidungscenter.com\/index.php?rest_route=\/wp\/v2\/types\/product"}],"replies":[{"embeddable":true,"href":"https:\/\/bekleidungscenter.com\/index.php?rest_route=%2Fwp%2Fv2%2Fcomments&post=8797"}],"wp:featuredmedia":[{"embeddable":true,"href":"https:\/\/bekleidungscenter.com\/index.php?rest_route=\/wp\/v2\/media\/8798"}],"wp:attachment":[{"href":"https:\/\/bekleidungscenter.com\/index.php?rest_route=%2Fwp%2Fv2%2Fmedia&parent=8797"}],"wp:term":[{"taxonomy":"product_cat","embeddable":true,"href":"https:\/\/bekleidungscenter.com\/index.php?rest_route=%2Fwp%2Fv2%2Fproduct_cat&post=8797"},{"taxonomy":"product_tag","embeddable":true,"href":"https:\/\/bekleidungscenter.com\/index.php?rest_route=%2Fwp%2Fv2%2Fproduct_tag&post=8797"}],"curies":[{"name":"wp","href":"https:\/\/api.w.org\/{rel}","templated":true}]}}