{"id":8851,"date":"2021-01-03T20:28:06","date_gmt":"2021-01-03T20:28:06","guid":{"rendered":"http:\/\/bekleidungscenter.com\/?product=adome-damen-spitzen-babydoll-tiefer-v-ausschnitt-neckholder-nachtwaesche-rueckenfrei"},"modified":"2023-04-10T22:41:38","modified_gmt":"2023-04-10T22:41:38","slug":"adome-damen-spitzen-babydoll-tiefer-v-ausschnitt-neckholder-nachtwaesche-rueckenfrei","status":"publish","type":"product","link":"https:\/\/bekleidungscenter.com\/?product=adome-damen-spitzen-babydoll-tiefer-v-ausschnitt-neckholder-nachtwaesche-rueckenfrei","title":{"rendered":"ADOME Sexy Nachtw\u00e4sche f\u00fcr Damen aus Spitze, Nachthemd, durchsichtig, Neckholder, Dessous"},"content":{"rendered":"<p><!-- show up to 2 reviews by default --> <\/p>\n<p>Admes Satin Unterhemd mit zartem Spitzen-Bereich, verstellbarem Schulterriemen, seidig-bequemes und weiches Material und kommt mit passendem String weich und glatt, zugunsten eine s\u00fc\u00dfe Nacht. <\/p>\n<p>Spezifikation: <br \/>Marke: Adomes. <br \/>Qualitativ hochwertig. <br \/>Material: 65% Polyester, 35% Polyester <br \/>Pflegehinweise: Sp\u00fclen max. 40 \u00b0C, zum Abreiben aufh\u00e4ngen, B\u00fcgeln mit einem Tuch <br \/>Lieferumfang: 1 x Damen Satin Chemise mit String <\/p>\n<p>Ma\u00dfe: <br \/>S: Brustumfang: 84 cm, Taille: 76 cm, R\u00fcckenl\u00e4nge in der Mitte: 47 cm, G-String in der Taille: 61 cm <br \/>M: Brustumfang: 90 cm; Taille: 85 cm; R\u00fcckenl\u00e4nge: 47 cm; G-String Taille: 66 cm <br \/>L: Brustumfang: 95 cm, Taille: 90 cm, R\u00fcckenl\u00e4nge in der Mitte: 50 cm, G-String in der Taille: 71 cm <br \/>XL: Brustumfang 99 cm, Taille 91 cm, R\u00fcckenl\u00e4nge 50 cm, G-String Taille 76 cm <br \/>XXL: Brustumfang: 103,8 cm Taille &#8211; 96,5 cm R\u00fcckenl\u00e4nge &#8211; 49,9 cm G-String Taille &#8211; 82,7 cm <\/p>\n<p>Es sind 5 Gr\u00f6\u00dfen abrufbereit, bitte voten Sie Ihre Gr\u00f6\u00dfe gem\u00e4\u00df der oben genannten Gr\u00f6\u00dfentabelle, es kann zu Abweichungen von 1-2 cm kommen. <br \/>(Leer Ma\u00dfe in cm und bitte anerkennen Sie 1 cm = 0,39 Zins). <\/p>\n<p>Material: Seidiges Satin mit sexy Spitze<br \/>\nSpitzen-BH-Stil, einzigartiges R\u00fcckengurt-Design wird Sie einzigartig und sexy machen. Weihnachtsunterw\u00e4sche zugunsten Ihren besonderen Freund.<br \/>\nModellnummer: ADM002875_B_S<br \/>\nDesign: verstellbarer Schulterriemen, seidiger Cup mit zartem Spitzen-Bereich<br \/>\nAnlass: Nachtw\u00e4sche in der Nacht, elegantes Kleid mit dem Pelzmantel am Gala-Abend.<br \/>\nLieferumfang: 1 x Damenkleid jeder Satin mit Stringtanga.<br \/>\n<div class=\"main-cross-sell\" data-asin=\"B07548P6XN\">\n\n\t<div class=\"WooZone-cross-sell-loader\">\n\t\t<div>\n\t\t\t<div id=\"floatingBarsG\">\n\t\t\t\t<div class=\"blockG\" id=\"rotateG_01\"><\/div>\n\t\t\t\t<div class=\"blockG\" id=\"rotateG_02\"><\/div>\n\t\t\t\t<div class=\"blockG\" id=\"rotateG_03\"><\/div>\n\t\t\t\t<div class=\"blockG\" id=\"rotateG_04\"><\/div>\n\t\t\t\t<div class=\"blockG\" id=\"rotateG_05\"><\/div>\n\t\t\t\t<div class=\"blockG\" id=\"rotateG_06\"><\/div>\n\t\t\t\t<div class=\"blockG\" id=\"rotateG_07\"><\/div>\n\t\t\t\t<div class=\"blockG\" id=\"rotateG_08\"><\/div>\n\t\t\t<\/div>\n\t\t\t<div class=\"WooZone-cross-sell-loader-text\"><\/div>\n\t\t<\/div>\n\t<\/div>\n\n\t\t\n<\/div>\n<div style=\"clear:both;\"><\/div><\/p>\n","protected":false},"excerpt":{"rendered":"<p>Material: Seidiges Satin mit sexy Spitze<br \/>\nSpitzen-BH-Stil, einzigartiges R\u00fcckengurt-Design wird Sie einzigartig und sexy machen. Weihnachtsunterw\u00e4sche f\u00fcr Ihren besonderen Freund.<br \/>\nModellnummer: ADM002875_B_S<\/p>\n","protected":false},"featured_media":8852,"comment_status":"open","ping_status":"closed","template":"","meta":[],"product_cat":[133,134],"product_tag":[],"yoast_head":"<!-- This site is optimized with the Yoast SEO plugin v20.6 - https:\/\/yoast.com\/wordpress\/plugins\/seo\/ -->\n<title>ADOME Sexy Nachtw\u00e4sche f\u00fcr Damen aus Spitze, Nachthemd, durchsichtig, Neckholder, Dessous - FamilienMode<\/title>\n<meta name=\"robots\" content=\"index, follow, max-snippet:-1, max-image-preview:large, max-video-preview:-1\" \/>\n<link rel=\"canonical\" href=\"https:\/\/bekleidungscenter.com\/?product=adome-damen-spitzen-babydoll-tiefer-v-ausschnitt-neckholder-nachtwaesche-rueckenfrei\" \/>\n<meta property=\"og:locale\" content=\"de_DE\" \/>\n<meta property=\"og:type\" content=\"article\" \/>\n<meta property=\"og:title\" content=\"ADOME Sexy Nachtw\u00e4sche f\u00fcr Damen aus Spitze, Nachthemd, durchsichtig, Neckholder, Dessous - FamilienMode\" \/>\n<meta property=\"og:description\" content=\"Material: Seidiges Satin mit sexy Spitze Spitzen-BH-Stil, einzigartiges R\u00fcckengurt-Design wird Sie einzigartig und sexy machen. Weihnachtsunterw\u00e4sche f\u00fcr Ihren besonderen Freund. Modellnummer: ADM002875_B_S\" \/>\n<meta property=\"og:url\" content=\"https:\/\/bekleidungscenter.com\/?product=adome-damen-spitzen-babydoll-tiefer-v-ausschnitt-neckholder-nachtwaesche-rueckenfrei\" \/>\n<meta property=\"og:site_name\" content=\"FamilienMode\" \/>\n<meta property=\"article:modified_time\" content=\"2023-04-10T22:41:38+00:00\" \/>\n<meta property=\"og:image\" content=\"https:\/\/images-na.ssl-images-amazon.com\/images\/I\/41xevHZtFtL.jpg\" \/>\n\t<meta property=\"og:image:width\" content=\"500\" \/>\n\t<meta property=\"og:image:height\" content=\"500\" \/>\n\t<meta property=\"og:image:type\" content=\"image\/jpeg\" \/>\n<meta name=\"twitter:card\" content=\"summary_large_image\" \/>\n<meta name=\"twitter:label1\" content=\"Gesch\u00e4tzte Lesezeit\" \/>\n\t<meta name=\"twitter:data1\" content=\"1\u00a0Minute\" \/>\n<script type=\"application\/ld+json\" class=\"yoast-schema-graph\">{\"@context\":\"https:\/\/schema.org\",\"@graph\":[{\"@type\":\"WebPage\",\"@id\":\"https:\/\/bekleidungscenter.com\/?product=adome-damen-spitzen-babydoll-tiefer-v-ausschnitt-neckholder-nachtwaesche-rueckenfrei\",\"url\":\"https:\/\/bekleidungscenter.com\/?product=adome-damen-spitzen-babydoll-tiefer-v-ausschnitt-neckholder-nachtwaesche-rueckenfrei\",\"name\":\"ADOME Sexy Nachtw\u00e4sche f\u00fcr Damen aus Spitze, Nachthemd, durchsichtig, Neckholder, Dessous - FamilienMode\",\"isPartOf\":{\"@id\":\"https:\/\/bekleidungscenter.com\/#website\"},\"datePublished\":\"2021-01-03T20:28:06+00:00\",\"dateModified\":\"2023-04-10T22:41:38+00:00\",\"breadcrumb\":{\"@id\":\"https:\/\/bekleidungscenter.com\/?product=adome-damen-spitzen-babydoll-tiefer-v-ausschnitt-neckholder-nachtwaesche-rueckenfrei#breadcrumb\"},\"inLanguage\":\"de\",\"potentialAction\":[{\"@type\":\"ReadAction\",\"target\":[\"https:\/\/bekleidungscenter.com\/?product=adome-damen-spitzen-babydoll-tiefer-v-ausschnitt-neckholder-nachtwaesche-rueckenfrei\"]}]},{\"@type\":\"BreadcrumbList\",\"@id\":\"https:\/\/bekleidungscenter.com\/?product=adome-damen-spitzen-babydoll-tiefer-v-ausschnitt-neckholder-nachtwaesche-rueckenfrei#breadcrumb\",\"itemListElement\":[{\"@type\":\"ListItem\",\"position\":1,\"name\":\"Home\",\"item\":\"https:\/\/bekleidungscenter.com\/\"},{\"@type\":\"ListItem\",\"position\":2,\"name\":\"Shop\",\"item\":\"https:\/\/bekleidungscenter.com\/?page_id=7\"},{\"@type\":\"ListItem\",\"position\":3,\"name\":\"ADOME Sexy Nachtw\u00e4sche f\u00fcr Damen aus Spitze, Nachthemd, durchsichtig, Neckholder, Dessous\"}]},{\"@type\":\"WebSite\",\"@id\":\"https:\/\/bekleidungscenter.com\/#website\",\"url\":\"https:\/\/bekleidungscenter.com\/\",\"name\":\"FamilienMode\",\"description\":\"Alles f\u00fcr die ganze Familie\",\"potentialAction\":[{\"@type\":\"SearchAction\",\"target\":{\"@type\":\"EntryPoint\",\"urlTemplate\":\"https:\/\/bekleidungscenter.com\/?s={search_term_string}\"},\"query-input\":\"required name=search_term_string\"}],\"inLanguage\":\"de\"}]}<\/script>\n<!-- \/ Yoast SEO plugin. -->","yoast_head_json":{"title":"ADOME Sexy Nachtw\u00e4sche f\u00fcr Damen aus Spitze, Nachthemd, durchsichtig, Neckholder, Dessous - FamilienMode","robots":{"index":"index","follow":"follow","max-snippet":"max-snippet:-1","max-image-preview":"max-image-preview:large","max-video-preview":"max-video-preview:-1"},"canonical":"https:\/\/bekleidungscenter.com\/?product=adome-damen-spitzen-babydoll-tiefer-v-ausschnitt-neckholder-nachtwaesche-rueckenfrei","og_locale":"de_DE","og_type":"article","og_title":"ADOME Sexy Nachtw\u00e4sche f\u00fcr Damen aus Spitze, Nachthemd, durchsichtig, Neckholder, Dessous - FamilienMode","og_description":"Material: Seidiges Satin mit sexy Spitze Spitzen-BH-Stil, einzigartiges R\u00fcckengurt-Design wird Sie einzigartig und sexy machen. Weihnachtsunterw\u00e4sche f\u00fcr Ihren besonderen Freund. Modellnummer: ADM002875_B_S","og_url":"https:\/\/bekleidungscenter.com\/?product=adome-damen-spitzen-babydoll-tiefer-v-ausschnitt-neckholder-nachtwaesche-rueckenfrei","og_site_name":"FamilienMode","article_modified_time":"2023-04-10T22:41:38+00:00","og_image":[{"width":500,"height":500,"url":"https:\/\/images-na.ssl-images-amazon.com\/images\/I\/41xevHZtFtL.jpg","type":"image\/jpeg"}],"twitter_card":"summary_large_image","twitter_misc":{"Gesch\u00e4tzte Lesezeit":"1\u00a0Minute"},"schema":{"@context":"https:\/\/schema.org","@graph":[{"@type":"WebPage","@id":"https:\/\/bekleidungscenter.com\/?product=adome-damen-spitzen-babydoll-tiefer-v-ausschnitt-neckholder-nachtwaesche-rueckenfrei","url":"https:\/\/bekleidungscenter.com\/?product=adome-damen-spitzen-babydoll-tiefer-v-ausschnitt-neckholder-nachtwaesche-rueckenfrei","name":"ADOME Sexy Nachtw\u00e4sche f\u00fcr Damen aus Spitze, Nachthemd, durchsichtig, Neckholder, Dessous - FamilienMode","isPartOf":{"@id":"https:\/\/bekleidungscenter.com\/#website"},"datePublished":"2021-01-03T20:28:06+00:00","dateModified":"2023-04-10T22:41:38+00:00","breadcrumb":{"@id":"https:\/\/bekleidungscenter.com\/?product=adome-damen-spitzen-babydoll-tiefer-v-ausschnitt-neckholder-nachtwaesche-rueckenfrei#breadcrumb"},"inLanguage":"de","potentialAction":[{"@type":"ReadAction","target":["https:\/\/bekleidungscenter.com\/?product=adome-damen-spitzen-babydoll-tiefer-v-ausschnitt-neckholder-nachtwaesche-rueckenfrei"]}]},{"@type":"BreadcrumbList","@id":"https:\/\/bekleidungscenter.com\/?product=adome-damen-spitzen-babydoll-tiefer-v-ausschnitt-neckholder-nachtwaesche-rueckenfrei#breadcrumb","itemListElement":[{"@type":"ListItem","position":1,"name":"Home","item":"https:\/\/bekleidungscenter.com\/"},{"@type":"ListItem","position":2,"name":"Shop","item":"https:\/\/bekleidungscenter.com\/?page_id=7"},{"@type":"ListItem","position":3,"name":"ADOME Sexy Nachtw\u00e4sche f\u00fcr Damen aus Spitze, Nachthemd, durchsichtig, Neckholder, Dessous"}]},{"@type":"WebSite","@id":"https:\/\/bekleidungscenter.com\/#website","url":"https:\/\/bekleidungscenter.com\/","name":"FamilienMode","description":"Alles f\u00fcr die ganze Familie","potentialAction":[{"@type":"SearchAction","target":{"@type":"EntryPoint","urlTemplate":"https:\/\/bekleidungscenter.com\/?s={search_term_string}"},"query-input":"required name=search_term_string"}],"inLanguage":"de"}]}},"_links":{"self":[{"href":"https:\/\/bekleidungscenter.com\/index.php?rest_route=\/wp\/v2\/product\/8851"}],"collection":[{"href":"https:\/\/bekleidungscenter.com\/index.php?rest_route=\/wp\/v2\/product"}],"about":[{"href":"https:\/\/bekleidungscenter.com\/index.php?rest_route=\/wp\/v2\/types\/product"}],"replies":[{"embeddable":true,"href":"https:\/\/bekleidungscenter.com\/index.php?rest_route=%2Fwp%2Fv2%2Fcomments&post=8851"}],"wp:featuredmedia":[{"embeddable":true,"href":"https:\/\/bekleidungscenter.com\/index.php?rest_route=\/wp\/v2\/media\/8852"}],"wp:attachment":[{"href":"https:\/\/bekleidungscenter.com\/index.php?rest_route=%2Fwp%2Fv2%2Fmedia&parent=8851"}],"wp:term":[{"taxonomy":"product_cat","embeddable":true,"href":"https:\/\/bekleidungscenter.com\/index.php?rest_route=%2Fwp%2Fv2%2Fproduct_cat&post=8851"},{"taxonomy":"product_tag","embeddable":true,"href":"https:\/\/bekleidungscenter.com\/index.php?rest_route=%2Fwp%2Fv2%2Fproduct_tag&post=8851"}],"curies":[{"name":"wp","href":"https:\/\/api.w.org\/{rel}","templated":true}]}}