{"id":9054,"date":"2021-01-03T20:41:00","date_gmt":"2021-01-03T20:41:00","guid":{"rendered":"http:\/\/bekleidungscenter.com\/?product=iris-lilly-damen-reissverschluss-bh-aus-mikrofaser"},"modified":"2023-04-10T22:41:42","modified_gmt":"2023-04-10T22:41:42","slug":"iris-lilly-damen-reissverschluss-bh-aus-mikrofaser","status":"publish","type":"product","link":"https:\/\/bekleidungscenter.com\/?product=iris-lilly-damen-reissverschluss-bh-aus-mikrofaser","title":{"rendered":"Iris &amp; Lilly Damen Plunge-BH Mikrofaser Frontverschluss"},"content":{"rendered":"<p><!-- show up to 2 reviews by default --> <\/p>\n<h3>Rechtliche Hinweise<\/h3>\n<p>Dieses Beitrag wurde von einem unserer Lieferanten unseres Vertrauens statt eine Amazon Eigenmarke hergestellt <\/p>\n<p>Wir anklingen lassen Ihre gew\u00f6hnliche Gr\u00f6\u00dfe zu subskribieren. Die Gr\u00f6\u00dfe hinauf dem Etikett am BH des Weiteren hinauf der Verpackung kann franz\u00f6sische oder spanische Gr\u00f6\u00dfen pr\u00e4sentieren des Weiteren von der bestellten Gr\u00f6\u00dfe abschweifen. Ersuchen schmecken Sie das Beitrag erst an, bevor Sie es zur\u00fcckschicken.<br \/>\n58% Polyamid, 27% Polyester, 15% Elasthan<br \/>\nBH<br \/>\nPflegehinweis: Maschinenw\u00e4sche<br \/>\nModellnummer: BLIBS1606<br \/>\n<div class=\"main-cross-sell\" data-asin=\"B07D456KQL\">\n\n\t<div class=\"WooZone-cross-sell-loader\">\n\t\t<div>\n\t\t\t<div id=\"floatingBarsG\">\n\t\t\t\t<div class=\"blockG\" id=\"rotateG_01\"><\/div>\n\t\t\t\t<div class=\"blockG\" id=\"rotateG_02\"><\/div>\n\t\t\t\t<div class=\"blockG\" id=\"rotateG_03\"><\/div>\n\t\t\t\t<div class=\"blockG\" id=\"rotateG_04\"><\/div>\n\t\t\t\t<div class=\"blockG\" id=\"rotateG_05\"><\/div>\n\t\t\t\t<div class=\"blockG\" id=\"rotateG_06\"><\/div>\n\t\t\t\t<div class=\"blockG\" id=\"rotateG_07\"><\/div>\n\t\t\t\t<div class=\"blockG\" id=\"rotateG_08\"><\/div>\n\t\t\t<\/div>\n\t\t\t<div class=\"WooZone-cross-sell-loader-text\"><\/div>\n\t\t<\/div>\n\t<\/div>\n\n\t\t\n<\/div>\n<div style=\"clear:both;\"><\/div><\/p>\n","protected":false},"excerpt":{"rendered":"<p>Wir empfehlen Ihre gew\u00f6hnliche Gr\u00f6\u00dfe zu bestellen. Die Gr\u00f6\u00dfe auf dem Etikett am BH und auf der Verpackung kann franz\u00f6sische oder spanische Gr\u00f6\u00dfen zeigen und von der bestellten Gr\u00f6\u00dfe abweichen. Bitte probieren Sie das Produkt erst an, bevor Sie es zur\u00fcckschicken.<br \/>\n58% Polyamid, 27% Polyester, 15% Elasthan<br \/>\nBH<\/p>\n","protected":false},"featured_media":9058,"comment_status":"open","ping_status":"closed","template":"","meta":[],"product_cat":[133,146],"product_tag":[],"yoast_head":"<!-- This site is optimized with the Yoast SEO plugin v20.6 - https:\/\/yoast.com\/wordpress\/plugins\/seo\/ -->\n<title>Iris &amp; Lilly Damen Plunge-BH Mikrofaser Frontverschluss - FamilienMode<\/title>\n<meta name=\"robots\" content=\"index, follow, max-snippet:-1, max-image-preview:large, max-video-preview:-1\" \/>\n<link rel=\"canonical\" href=\"https:\/\/bekleidungscenter.com\/?product=iris-lilly-damen-reissverschluss-bh-aus-mikrofaser\" \/>\n<meta property=\"og:locale\" content=\"de_DE\" \/>\n<meta property=\"og:type\" content=\"article\" \/>\n<meta property=\"og:title\" content=\"Iris &amp; Lilly Damen Plunge-BH Mikrofaser Frontverschluss - FamilienMode\" \/>\n<meta property=\"og:description\" content=\"Wir empfehlen Ihre gew\u00f6hnliche Gr\u00f6\u00dfe zu bestellen. Die Gr\u00f6\u00dfe auf dem Etikett am BH und auf der Verpackung kann franz\u00f6sische oder spanische Gr\u00f6\u00dfen zeigen und von der bestellten Gr\u00f6\u00dfe abweichen. Bitte probieren Sie das Produkt erst an, bevor Sie es zur\u00fcckschicken. 58% Polyamid, 27% Polyester, 15% Elasthan BH\" \/>\n<meta property=\"og:url\" content=\"https:\/\/bekleidungscenter.com\/?product=iris-lilly-damen-reissverschluss-bh-aus-mikrofaser\" \/>\n<meta property=\"og:site_name\" content=\"FamilienMode\" \/>\n<meta property=\"article:modified_time\" content=\"2023-04-10T22:41:42+00:00\" \/>\n<meta property=\"og:image\" content=\"https:\/\/images-na.ssl-images-amazon.com\/images\/I\/411W88ONyZL.jpg\" \/>\n\t<meta property=\"og:image:width\" content=\"500\" \/>\n\t<meta property=\"og:image:height\" content=\"500\" \/>\n\t<meta property=\"og:image:type\" content=\"image\/jpeg\" \/>\n<meta name=\"twitter:card\" content=\"summary_large_image\" \/>\n<script type=\"application\/ld+json\" class=\"yoast-schema-graph\">{\"@context\":\"https:\/\/schema.org\",\"@graph\":[{\"@type\":\"WebPage\",\"@id\":\"https:\/\/bekleidungscenter.com\/?product=iris-lilly-damen-reissverschluss-bh-aus-mikrofaser\",\"url\":\"https:\/\/bekleidungscenter.com\/?product=iris-lilly-damen-reissverschluss-bh-aus-mikrofaser\",\"name\":\"Iris &amp; Lilly Damen Plunge-BH Mikrofaser Frontverschluss - FamilienMode\",\"isPartOf\":{\"@id\":\"https:\/\/bekleidungscenter.com\/#website\"},\"datePublished\":\"2021-01-03T20:41:00+00:00\",\"dateModified\":\"2023-04-10T22:41:42+00:00\",\"breadcrumb\":{\"@id\":\"https:\/\/bekleidungscenter.com\/?product=iris-lilly-damen-reissverschluss-bh-aus-mikrofaser#breadcrumb\"},\"inLanguage\":\"de\",\"potentialAction\":[{\"@type\":\"ReadAction\",\"target\":[\"https:\/\/bekleidungscenter.com\/?product=iris-lilly-damen-reissverschluss-bh-aus-mikrofaser\"]}]},{\"@type\":\"BreadcrumbList\",\"@id\":\"https:\/\/bekleidungscenter.com\/?product=iris-lilly-damen-reissverschluss-bh-aus-mikrofaser#breadcrumb\",\"itemListElement\":[{\"@type\":\"ListItem\",\"position\":1,\"name\":\"Home\",\"item\":\"https:\/\/bekleidungscenter.com\/\"},{\"@type\":\"ListItem\",\"position\":2,\"name\":\"Shop\",\"item\":\"https:\/\/bekleidungscenter.com\/?page_id=7\"},{\"@type\":\"ListItem\",\"position\":3,\"name\":\"Iris &amp; Lilly Damen Plunge-BH Mikrofaser Frontverschluss\"}]},{\"@type\":\"WebSite\",\"@id\":\"https:\/\/bekleidungscenter.com\/#website\",\"url\":\"https:\/\/bekleidungscenter.com\/\",\"name\":\"FamilienMode\",\"description\":\"Alles f\u00fcr die ganze Familie\",\"potentialAction\":[{\"@type\":\"SearchAction\",\"target\":{\"@type\":\"EntryPoint\",\"urlTemplate\":\"https:\/\/bekleidungscenter.com\/?s={search_term_string}\"},\"query-input\":\"required name=search_term_string\"}],\"inLanguage\":\"de\"}]}<\/script>\n<!-- \/ Yoast SEO plugin. -->","yoast_head_json":{"title":"Iris &amp; Lilly Damen Plunge-BH Mikrofaser Frontverschluss - FamilienMode","robots":{"index":"index","follow":"follow","max-snippet":"max-snippet:-1","max-image-preview":"max-image-preview:large","max-video-preview":"max-video-preview:-1"},"canonical":"https:\/\/bekleidungscenter.com\/?product=iris-lilly-damen-reissverschluss-bh-aus-mikrofaser","og_locale":"de_DE","og_type":"article","og_title":"Iris &amp; Lilly Damen Plunge-BH Mikrofaser Frontverschluss - FamilienMode","og_description":"Wir empfehlen Ihre gew\u00f6hnliche Gr\u00f6\u00dfe zu bestellen. Die Gr\u00f6\u00dfe auf dem Etikett am BH und auf der Verpackung kann franz\u00f6sische oder spanische Gr\u00f6\u00dfen zeigen und von der bestellten Gr\u00f6\u00dfe abweichen. Bitte probieren Sie das Produkt erst an, bevor Sie es zur\u00fcckschicken. 58% Polyamid, 27% Polyester, 15% Elasthan BH","og_url":"https:\/\/bekleidungscenter.com\/?product=iris-lilly-damen-reissverschluss-bh-aus-mikrofaser","og_site_name":"FamilienMode","article_modified_time":"2023-04-10T22:41:42+00:00","og_image":[{"width":500,"height":500,"url":"https:\/\/images-na.ssl-images-amazon.com\/images\/I\/411W88ONyZL.jpg","type":"image\/jpeg"}],"twitter_card":"summary_large_image","schema":{"@context":"https:\/\/schema.org","@graph":[{"@type":"WebPage","@id":"https:\/\/bekleidungscenter.com\/?product=iris-lilly-damen-reissverschluss-bh-aus-mikrofaser","url":"https:\/\/bekleidungscenter.com\/?product=iris-lilly-damen-reissverschluss-bh-aus-mikrofaser","name":"Iris &amp; Lilly Damen Plunge-BH Mikrofaser Frontverschluss - FamilienMode","isPartOf":{"@id":"https:\/\/bekleidungscenter.com\/#website"},"datePublished":"2021-01-03T20:41:00+00:00","dateModified":"2023-04-10T22:41:42+00:00","breadcrumb":{"@id":"https:\/\/bekleidungscenter.com\/?product=iris-lilly-damen-reissverschluss-bh-aus-mikrofaser#breadcrumb"},"inLanguage":"de","potentialAction":[{"@type":"ReadAction","target":["https:\/\/bekleidungscenter.com\/?product=iris-lilly-damen-reissverschluss-bh-aus-mikrofaser"]}]},{"@type":"BreadcrumbList","@id":"https:\/\/bekleidungscenter.com\/?product=iris-lilly-damen-reissverschluss-bh-aus-mikrofaser#breadcrumb","itemListElement":[{"@type":"ListItem","position":1,"name":"Home","item":"https:\/\/bekleidungscenter.com\/"},{"@type":"ListItem","position":2,"name":"Shop","item":"https:\/\/bekleidungscenter.com\/?page_id=7"},{"@type":"ListItem","position":3,"name":"Iris &amp; Lilly Damen Plunge-BH Mikrofaser Frontverschluss"}]},{"@type":"WebSite","@id":"https:\/\/bekleidungscenter.com\/#website","url":"https:\/\/bekleidungscenter.com\/","name":"FamilienMode","description":"Alles f\u00fcr die ganze Familie","potentialAction":[{"@type":"SearchAction","target":{"@type":"EntryPoint","urlTemplate":"https:\/\/bekleidungscenter.com\/?s={search_term_string}"},"query-input":"required name=search_term_string"}],"inLanguage":"de"}]}},"_links":{"self":[{"href":"https:\/\/bekleidungscenter.com\/index.php?rest_route=\/wp\/v2\/product\/9054"}],"collection":[{"href":"https:\/\/bekleidungscenter.com\/index.php?rest_route=\/wp\/v2\/product"}],"about":[{"href":"https:\/\/bekleidungscenter.com\/index.php?rest_route=\/wp\/v2\/types\/product"}],"replies":[{"embeddable":true,"href":"https:\/\/bekleidungscenter.com\/index.php?rest_route=%2Fwp%2Fv2%2Fcomments&post=9054"}],"wp:featuredmedia":[{"embeddable":true,"href":"https:\/\/bekleidungscenter.com\/index.php?rest_route=\/wp\/v2\/media\/9058"}],"wp:attachment":[{"href":"https:\/\/bekleidungscenter.com\/index.php?rest_route=%2Fwp%2Fv2%2Fmedia&parent=9054"}],"wp:term":[{"taxonomy":"product_cat","embeddable":true,"href":"https:\/\/bekleidungscenter.com\/index.php?rest_route=%2Fwp%2Fv2%2Fproduct_cat&post=9054"},{"taxonomy":"product_tag","embeddable":true,"href":"https:\/\/bekleidungscenter.com\/index.php?rest_route=%2Fwp%2Fv2%2Fproduct_tag&post=9054"}],"curies":[{"name":"wp","href":"https:\/\/api.w.org\/{rel}","templated":true}]}}