{"id":9061,"date":"2021-01-03T20:41:05","date_gmt":"2021-01-03T20:41:05","guid":{"rendered":"http:\/\/bekleidungscenter.com\/?product=triumph-damen-bh-beauty-full-idol-w01"},"modified":"2023-04-10T22:41:42","modified_gmt":"2023-04-10T22:41:42","slug":"triumph-damen-bh-beauty-full-idol-w01","status":"publish","type":"product","link":"https:\/\/bekleidungscenter.com\/?product=triumph-damen-bh-beauty-full-idol-w01","title":{"rendered":"Triumph Beauty-Full Idol W01 BH"},"content":{"rendered":"<p><!-- show up to 2 reviews by default --> <\/p>\n<p>Der elegante Beauty-Full Klon ist der perfekte BH f\u00fcr Frauen mit gr\u00f6\u00dferen Cups. Die leichten, nichtsdestotrotz stabilen 3D-Flexib\u00fcgel garantieren optimalen Halt und verhelfen gleichzeitig zu einem angenehmen Tragegef\u00fchl. Breite, l\u00e4ngenverstellbare Tr\u00e4ger katalysieren dennoch zu hervorragender Passform und Komfort bei. Der dreifach verstellbare, nickelfreie Haken-\u00d6sen-Verschluss ist weich gepolstert mit soften Kanten. Die Schnittf\u00fchrung des Minimizer-BHs gibt an den richtigen Stellen Halt und reduziert das Brustvolumen optisch um eine Gr\u00f6\u00dfe. Eine Kombination s\u00e4mtliche zartem Streifenmuster und breiter Spitzenborte an den Cups sorgt f\u00fcr eine edle Optik, sodass sich alte vulgo mit gr\u00f6\u00dferer Oberweite den ganzen Tag wohlf\u00fchlen kann. <\/p>\n<p>Minimizer-BH ohne zus\u00e4tzliche Polsterung &#8211; reduziert optisch um eine Cup-Gr\u00f6\u00dfe<br \/>\nPerfekter Halt und Komfort durch stabile 3D-Flexib\u00fcgel<br \/>\n86% Polyamid, 14% Elasthan<br \/>\nMinimizer<br \/>\nPflegehinweis: Hinwieder Handw\u00e4sche<br \/>\nModellnummer: 10154519<br \/>\nAngebracht f\u00fcr gro\u00dfe K\u00f6rbchengr\u00f6\u00dfen, breite Seitenpartien verstreben zus\u00e4tzlich<br \/>\nBreite, individuell verstellbare Tr\u00e4ger und verstellbarer Haken-\u00d6sen-Verschluss<br \/>\nMust-Have durch Kombination s\u00e4mtliche h\u00fcbschem Look, Komfort und Halt<br \/>\n<div class=\"main-cross-sell\" data-asin=\"B00SINDP9E\">\n\n\t<div class=\"WooZone-cross-sell-loader\">\n\t\t<div>\n\t\t\t<div id=\"floatingBarsG\">\n\t\t\t\t<div class=\"blockG\" id=\"rotateG_01\"><\/div>\n\t\t\t\t<div class=\"blockG\" id=\"rotateG_02\"><\/div>\n\t\t\t\t<div class=\"blockG\" id=\"rotateG_03\"><\/div>\n\t\t\t\t<div class=\"blockG\" id=\"rotateG_04\"><\/div>\n\t\t\t\t<div class=\"blockG\" id=\"rotateG_05\"><\/div>\n\t\t\t\t<div class=\"blockG\" id=\"rotateG_06\"><\/div>\n\t\t\t\t<div class=\"blockG\" id=\"rotateG_07\"><\/div>\n\t\t\t\t<div class=\"blockG\" id=\"rotateG_08\"><\/div>\n\t\t\t<\/div>\n\t\t\t<div class=\"WooZone-cross-sell-loader-text\"><\/div>\n\t\t<\/div>\n\t<\/div>\n\n\t\t\n<\/div>\n<div style=\"clear:both;\"><\/div><\/p>\n","protected":false},"excerpt":{"rendered":"<p>Minimizer-BH ohne zus\u00e4tzliche Polsterung &#8211; reduziert optisch um eine Cup-Gr\u00f6\u00dfe<br \/>\nPerfekter Halt und Komfort durch stabile 3D-Flexib\u00fcgel<br \/>\n86% Polyamid, 14% Elasthan<\/p>\n","protected":false},"featured_media":9063,"comment_status":"open","ping_status":"closed","template":"","meta":[],"product_cat":[133,146],"product_tag":[],"yoast_head":"<!-- This site is optimized with the Yoast SEO plugin v20.6 - https:\/\/yoast.com\/wordpress\/plugins\/seo\/ -->\n<title>Triumph Beauty-Full Idol W01 BH - FamilienMode<\/title>\n<meta name=\"robots\" content=\"index, follow, max-snippet:-1, max-image-preview:large, max-video-preview:-1\" \/>\n<link rel=\"canonical\" href=\"https:\/\/bekleidungscenter.com\/?product=triumph-damen-bh-beauty-full-idol-w01\" \/>\n<meta property=\"og:locale\" content=\"de_DE\" \/>\n<meta property=\"og:type\" content=\"article\" \/>\n<meta property=\"og:title\" content=\"Triumph Beauty-Full Idol W01 BH - FamilienMode\" \/>\n<meta property=\"og:description\" content=\"Minimizer-BH ohne zus\u00e4tzliche Polsterung - reduziert optisch um eine Cup-Gr\u00f6\u00dfe Perfekter Halt und Komfort durch stabile 3D-Flexib\u00fcgel 86% Polyamid, 14% Elasthan\" \/>\n<meta property=\"og:url\" content=\"https:\/\/bekleidungscenter.com\/?product=triumph-damen-bh-beauty-full-idol-w01\" \/>\n<meta property=\"og:site_name\" content=\"FamilienMode\" \/>\n<meta property=\"article:modified_time\" content=\"2023-04-10T22:41:42+00:00\" \/>\n<meta property=\"og:image\" content=\"https:\/\/images-na.ssl-images-amazon.com\/images\/I\/511qVh9fuKL.jpg\" \/>\n\t<meta property=\"og:image:width\" content=\"500\" \/>\n\t<meta property=\"og:image:height\" content=\"500\" \/>\n\t<meta property=\"og:image:type\" content=\"image\/jpeg\" \/>\n<meta name=\"twitter:card\" content=\"summary_large_image\" \/>\n<meta name=\"twitter:label1\" content=\"Gesch\u00e4tzte Lesezeit\" \/>\n\t<meta name=\"twitter:data1\" content=\"1\u00a0Minute\" \/>\n<script type=\"application\/ld+json\" class=\"yoast-schema-graph\">{\"@context\":\"https:\/\/schema.org\",\"@graph\":[{\"@type\":\"WebPage\",\"@id\":\"https:\/\/bekleidungscenter.com\/?product=triumph-damen-bh-beauty-full-idol-w01\",\"url\":\"https:\/\/bekleidungscenter.com\/?product=triumph-damen-bh-beauty-full-idol-w01\",\"name\":\"Triumph Beauty-Full Idol W01 BH - FamilienMode\",\"isPartOf\":{\"@id\":\"https:\/\/bekleidungscenter.com\/#website\"},\"datePublished\":\"2021-01-03T20:41:05+00:00\",\"dateModified\":\"2023-04-10T22:41:42+00:00\",\"breadcrumb\":{\"@id\":\"https:\/\/bekleidungscenter.com\/?product=triumph-damen-bh-beauty-full-idol-w01#breadcrumb\"},\"inLanguage\":\"de\",\"potentialAction\":[{\"@type\":\"ReadAction\",\"target\":[\"https:\/\/bekleidungscenter.com\/?product=triumph-damen-bh-beauty-full-idol-w01\"]}]},{\"@type\":\"BreadcrumbList\",\"@id\":\"https:\/\/bekleidungscenter.com\/?product=triumph-damen-bh-beauty-full-idol-w01#breadcrumb\",\"itemListElement\":[{\"@type\":\"ListItem\",\"position\":1,\"name\":\"Home\",\"item\":\"https:\/\/bekleidungscenter.com\/\"},{\"@type\":\"ListItem\",\"position\":2,\"name\":\"Shop\",\"item\":\"https:\/\/bekleidungscenter.com\/?page_id=7\"},{\"@type\":\"ListItem\",\"position\":3,\"name\":\"Triumph Beauty-Full Idol W01 BH\"}]},{\"@type\":\"WebSite\",\"@id\":\"https:\/\/bekleidungscenter.com\/#website\",\"url\":\"https:\/\/bekleidungscenter.com\/\",\"name\":\"FamilienMode\",\"description\":\"Alles f\u00fcr die ganze Familie\",\"potentialAction\":[{\"@type\":\"SearchAction\",\"target\":{\"@type\":\"EntryPoint\",\"urlTemplate\":\"https:\/\/bekleidungscenter.com\/?s={search_term_string}\"},\"query-input\":\"required name=search_term_string\"}],\"inLanguage\":\"de\"}]}<\/script>\n<!-- \/ Yoast SEO plugin. -->","yoast_head_json":{"title":"Triumph Beauty-Full Idol W01 BH - FamilienMode","robots":{"index":"index","follow":"follow","max-snippet":"max-snippet:-1","max-image-preview":"max-image-preview:large","max-video-preview":"max-video-preview:-1"},"canonical":"https:\/\/bekleidungscenter.com\/?product=triumph-damen-bh-beauty-full-idol-w01","og_locale":"de_DE","og_type":"article","og_title":"Triumph Beauty-Full Idol W01 BH - FamilienMode","og_description":"Minimizer-BH ohne zus\u00e4tzliche Polsterung - reduziert optisch um eine Cup-Gr\u00f6\u00dfe Perfekter Halt und Komfort durch stabile 3D-Flexib\u00fcgel 86% Polyamid, 14% Elasthan","og_url":"https:\/\/bekleidungscenter.com\/?product=triumph-damen-bh-beauty-full-idol-w01","og_site_name":"FamilienMode","article_modified_time":"2023-04-10T22:41:42+00:00","og_image":[{"width":500,"height":500,"url":"https:\/\/images-na.ssl-images-amazon.com\/images\/I\/511qVh9fuKL.jpg","type":"image\/jpeg"}],"twitter_card":"summary_large_image","twitter_misc":{"Gesch\u00e4tzte Lesezeit":"1\u00a0Minute"},"schema":{"@context":"https:\/\/schema.org","@graph":[{"@type":"WebPage","@id":"https:\/\/bekleidungscenter.com\/?product=triumph-damen-bh-beauty-full-idol-w01","url":"https:\/\/bekleidungscenter.com\/?product=triumph-damen-bh-beauty-full-idol-w01","name":"Triumph Beauty-Full Idol W01 BH - FamilienMode","isPartOf":{"@id":"https:\/\/bekleidungscenter.com\/#website"},"datePublished":"2021-01-03T20:41:05+00:00","dateModified":"2023-04-10T22:41:42+00:00","breadcrumb":{"@id":"https:\/\/bekleidungscenter.com\/?product=triumph-damen-bh-beauty-full-idol-w01#breadcrumb"},"inLanguage":"de","potentialAction":[{"@type":"ReadAction","target":["https:\/\/bekleidungscenter.com\/?product=triumph-damen-bh-beauty-full-idol-w01"]}]},{"@type":"BreadcrumbList","@id":"https:\/\/bekleidungscenter.com\/?product=triumph-damen-bh-beauty-full-idol-w01#breadcrumb","itemListElement":[{"@type":"ListItem","position":1,"name":"Home","item":"https:\/\/bekleidungscenter.com\/"},{"@type":"ListItem","position":2,"name":"Shop","item":"https:\/\/bekleidungscenter.com\/?page_id=7"},{"@type":"ListItem","position":3,"name":"Triumph Beauty-Full Idol W01 BH"}]},{"@type":"WebSite","@id":"https:\/\/bekleidungscenter.com\/#website","url":"https:\/\/bekleidungscenter.com\/","name":"FamilienMode","description":"Alles f\u00fcr die ganze Familie","potentialAction":[{"@type":"SearchAction","target":{"@type":"EntryPoint","urlTemplate":"https:\/\/bekleidungscenter.com\/?s={search_term_string}"},"query-input":"required name=search_term_string"}],"inLanguage":"de"}]}},"_links":{"self":[{"href":"https:\/\/bekleidungscenter.com\/index.php?rest_route=\/wp\/v2\/product\/9061"}],"collection":[{"href":"https:\/\/bekleidungscenter.com\/index.php?rest_route=\/wp\/v2\/product"}],"about":[{"href":"https:\/\/bekleidungscenter.com\/index.php?rest_route=\/wp\/v2\/types\/product"}],"replies":[{"embeddable":true,"href":"https:\/\/bekleidungscenter.com\/index.php?rest_route=%2Fwp%2Fv2%2Fcomments&post=9061"}],"wp:featuredmedia":[{"embeddable":true,"href":"https:\/\/bekleidungscenter.com\/index.php?rest_route=\/wp\/v2\/media\/9063"}],"wp:attachment":[{"href":"https:\/\/bekleidungscenter.com\/index.php?rest_route=%2Fwp%2Fv2%2Fmedia&parent=9061"}],"wp:term":[{"taxonomy":"product_cat","embeddable":true,"href":"https:\/\/bekleidungscenter.com\/index.php?rest_route=%2Fwp%2Fv2%2Fproduct_cat&post=9061"},{"taxonomy":"product_tag","embeddable":true,"href":"https:\/\/bekleidungscenter.com\/index.php?rest_route=%2Fwp%2Fv2%2Fproduct_tag&post=9061"}],"curies":[{"name":"wp","href":"https:\/\/api.w.org\/{rel}","templated":true}]}}