{"id":9088,"date":"2021-01-03T20:41:20","date_gmt":"2021-01-03T20:41:20","guid":{"rendered":"http:\/\/bekleidungscenter.com\/?product=zukulife-damen-spitzen-push-up-bh-unterwaesche-sets"},"modified":"2023-04-10T22:41:43","modified_gmt":"2023-04-10T22:41:43","slug":"zukulife-damen-spitzen-push-up-bh-unterwaesche-sets","status":"publish","type":"product","link":"https:\/\/bekleidungscenter.com\/?product=zukulife-damen-spitzen-push-up-bh-unterwaesche-sets","title":{"rendered":"ZUKULIFE Damen Spitzen Push Up BH Unterw\u00e4sche Sets"},"content":{"rendered":"<p><!-- show up to 2 reviews by default --> <\/p>\n<p><b>Feature:<\/b><\/p>\n<ul>\n<li>Transparenten Spitzen BH unter Einsatz von Flexi-B\u00fcgel u. a. eingearbeiteten Kissen<\/li>\n<li>F\u00fcr ein tolles Dekollet<\/li>\n<li>Aus elastischer Mikrofaser<\/li>\n<li>Softe, gl\u00e4nzende Optik<\/li>\n<li>Atmungsaktiv<\/li>\n<li>Cups unter Einsatz von metallfreiem Soft-B\u00fcgel<\/li>\n<li>Seitliche Hilfsmittel sondern optimalen Halt<\/li>\n<li>Flache, nahtfreie Abschl\u00fcsse<\/li>\n<li>Tiefer V-Ausschnitt<\/li>\n<li>Elastische Tr\u00e4ger<\/li>\n<li>Bequemer H\u00e4kchenverschluss<\/li>\n<\/ul>\n<p><b>Geschlecht:<\/b> Damen<\/p>\n<p><b>Material:<\/b>Polyamid <\/p>\n<p><b>Materialzusammensetzung: <\/b>82% Polyester, 12% Elasthan <\/p>\n<p><b>Pflege:<\/b> Handw\u00e4sche empfohlen <\/p>\n<p><b>Hersteller-Nachfolge:<\/b> Body Make-up Magic Wire <\/p>\n<\/p>\n<p>B\u00fcgel-BH in ultra-weichem Stoff unter Einsatz von glatten konturierten Schalen u. a. gekr\u00fcmmten topline<br \/>\nCups ausstrahlen Handgriff u. a. abhalten ein volles Dekollet?Pflegehinweis: Handw?che empfohlen<br \/>\n82% Polyester, 18% Elasthan<br \/>\nPflegehinweis: Daher Handw\u00e4sche<br \/>\nModellnummer: 9118_Dark Red_32A<br \/>\nWattierte Cups unter Einsatz von in keiner Weise herausnehmbaren Kissen<br \/>\nAdjusted Gurt, Push-up Hilfsmittel<br \/>\nbras sexy, Verschluss hinter u. a. schoener Spitze Design.<br \/>\n<div class=\"main-cross-sell\" data-asin=\"B013D3FU6Y\">\n\n\t<div class=\"WooZone-cross-sell-loader\">\n\t\t<div>\n\t\t\t<div id=\"floatingBarsG\">\n\t\t\t\t<div class=\"blockG\" id=\"rotateG_01\"><\/div>\n\t\t\t\t<div class=\"blockG\" id=\"rotateG_02\"><\/div>\n\t\t\t\t<div class=\"blockG\" id=\"rotateG_03\"><\/div>\n\t\t\t\t<div class=\"blockG\" id=\"rotateG_04\"><\/div>\n\t\t\t\t<div class=\"blockG\" id=\"rotateG_05\"><\/div>\n\t\t\t\t<div class=\"blockG\" id=\"rotateG_06\"><\/div>\n\t\t\t\t<div class=\"blockG\" id=\"rotateG_07\"><\/div>\n\t\t\t\t<div class=\"blockG\" id=\"rotateG_08\"><\/div>\n\t\t\t<\/div>\n\t\t\t<div class=\"WooZone-cross-sell-loader-text\"><\/div>\n\t\t<\/div>\n\t<\/div>\n\n\t\t\n<\/div>\n<div style=\"clear:both;\"><\/div><\/p>\n","protected":false},"excerpt":{"rendered":"<p>B\u00fcgel-BH in ultra-weichem Stoff mit glatten konturierten Schalen und gekr\u00fcmmten topline<br \/>\nCups geben Halt und formen ein volles Dekollet?Pflegehinweis: Handw?che empfohlen<br \/>\n82% Polyester, 18% Elasthan<\/p>\n","protected":false},"featured_media":9089,"comment_status":"open","ping_status":"closed","template":"","meta":[],"product_cat":[133,146],"product_tag":[],"yoast_head":"<!-- This site is optimized with the Yoast SEO plugin v20.6 - https:\/\/yoast.com\/wordpress\/plugins\/seo\/ -->\n<title>ZUKULIFE Damen Spitzen Push Up BH Unterw\u00e4sche Sets - FamilienMode<\/title>\n<meta name=\"robots\" content=\"index, follow, max-snippet:-1, max-image-preview:large, max-video-preview:-1\" \/>\n<link rel=\"canonical\" href=\"https:\/\/bekleidungscenter.com\/?product=zukulife-damen-spitzen-push-up-bh-unterwaesche-sets\" \/>\n<meta property=\"og:locale\" content=\"de_DE\" \/>\n<meta property=\"og:type\" content=\"article\" \/>\n<meta property=\"og:title\" content=\"ZUKULIFE Damen Spitzen Push Up BH Unterw\u00e4sche Sets - FamilienMode\" \/>\n<meta property=\"og:description\" content=\"B\u00fcgel-BH in ultra-weichem Stoff mit glatten konturierten Schalen und gekr\u00fcmmten topline Cups geben Halt und formen ein volles Dekollet?Pflegehinweis: Handw?che empfohlen 82% Polyester, 18% Elasthan\" \/>\n<meta property=\"og:url\" content=\"https:\/\/bekleidungscenter.com\/?product=zukulife-damen-spitzen-push-up-bh-unterwaesche-sets\" \/>\n<meta property=\"og:site_name\" content=\"FamilienMode\" \/>\n<meta property=\"article:modified_time\" content=\"2023-04-10T22:41:43+00:00\" \/>\n<meta property=\"og:image\" content=\"https:\/\/images-na.ssl-images-amazon.com\/images\/I\/41eN6Lvqz3L.jpg\" \/>\n\t<meta property=\"og:image:width\" content=\"500\" \/>\n\t<meta property=\"og:image:height\" content=\"500\" \/>\n\t<meta property=\"og:image:type\" content=\"image\/jpeg\" \/>\n<meta name=\"twitter:card\" content=\"summary_large_image\" \/>\n<meta name=\"twitter:label1\" content=\"Gesch\u00e4tzte Lesezeit\" \/>\n\t<meta name=\"twitter:data1\" content=\"1\u00a0Minute\" \/>\n<script type=\"application\/ld+json\" class=\"yoast-schema-graph\">{\"@context\":\"https:\/\/schema.org\",\"@graph\":[{\"@type\":\"WebPage\",\"@id\":\"https:\/\/bekleidungscenter.com\/?product=zukulife-damen-spitzen-push-up-bh-unterwaesche-sets\",\"url\":\"https:\/\/bekleidungscenter.com\/?product=zukulife-damen-spitzen-push-up-bh-unterwaesche-sets\",\"name\":\"ZUKULIFE Damen Spitzen Push Up BH Unterw\u00e4sche Sets - FamilienMode\",\"isPartOf\":{\"@id\":\"https:\/\/bekleidungscenter.com\/#website\"},\"datePublished\":\"2021-01-03T20:41:20+00:00\",\"dateModified\":\"2023-04-10T22:41:43+00:00\",\"breadcrumb\":{\"@id\":\"https:\/\/bekleidungscenter.com\/?product=zukulife-damen-spitzen-push-up-bh-unterwaesche-sets#breadcrumb\"},\"inLanguage\":\"de\",\"potentialAction\":[{\"@type\":\"ReadAction\",\"target\":[\"https:\/\/bekleidungscenter.com\/?product=zukulife-damen-spitzen-push-up-bh-unterwaesche-sets\"]}]},{\"@type\":\"BreadcrumbList\",\"@id\":\"https:\/\/bekleidungscenter.com\/?product=zukulife-damen-spitzen-push-up-bh-unterwaesche-sets#breadcrumb\",\"itemListElement\":[{\"@type\":\"ListItem\",\"position\":1,\"name\":\"Home\",\"item\":\"https:\/\/bekleidungscenter.com\/\"},{\"@type\":\"ListItem\",\"position\":2,\"name\":\"Shop\",\"item\":\"https:\/\/bekleidungscenter.com\/?page_id=7\"},{\"@type\":\"ListItem\",\"position\":3,\"name\":\"ZUKULIFE Damen Spitzen Push Up BH Unterw\u00e4sche Sets\"}]},{\"@type\":\"WebSite\",\"@id\":\"https:\/\/bekleidungscenter.com\/#website\",\"url\":\"https:\/\/bekleidungscenter.com\/\",\"name\":\"FamilienMode\",\"description\":\"Alles f\u00fcr die ganze Familie\",\"potentialAction\":[{\"@type\":\"SearchAction\",\"target\":{\"@type\":\"EntryPoint\",\"urlTemplate\":\"https:\/\/bekleidungscenter.com\/?s={search_term_string}\"},\"query-input\":\"required name=search_term_string\"}],\"inLanguage\":\"de\"}]}<\/script>\n<!-- \/ Yoast SEO plugin. -->","yoast_head_json":{"title":"ZUKULIFE Damen Spitzen Push Up BH Unterw\u00e4sche Sets - FamilienMode","robots":{"index":"index","follow":"follow","max-snippet":"max-snippet:-1","max-image-preview":"max-image-preview:large","max-video-preview":"max-video-preview:-1"},"canonical":"https:\/\/bekleidungscenter.com\/?product=zukulife-damen-spitzen-push-up-bh-unterwaesche-sets","og_locale":"de_DE","og_type":"article","og_title":"ZUKULIFE Damen Spitzen Push Up BH Unterw\u00e4sche Sets - FamilienMode","og_description":"B\u00fcgel-BH in ultra-weichem Stoff mit glatten konturierten Schalen und gekr\u00fcmmten topline Cups geben Halt und formen ein volles Dekollet?Pflegehinweis: Handw?che empfohlen 82% Polyester, 18% Elasthan","og_url":"https:\/\/bekleidungscenter.com\/?product=zukulife-damen-spitzen-push-up-bh-unterwaesche-sets","og_site_name":"FamilienMode","article_modified_time":"2023-04-10T22:41:43+00:00","og_image":[{"width":500,"height":500,"url":"https:\/\/images-na.ssl-images-amazon.com\/images\/I\/41eN6Lvqz3L.jpg","type":"image\/jpeg"}],"twitter_card":"summary_large_image","twitter_misc":{"Gesch\u00e4tzte Lesezeit":"1\u00a0Minute"},"schema":{"@context":"https:\/\/schema.org","@graph":[{"@type":"WebPage","@id":"https:\/\/bekleidungscenter.com\/?product=zukulife-damen-spitzen-push-up-bh-unterwaesche-sets","url":"https:\/\/bekleidungscenter.com\/?product=zukulife-damen-spitzen-push-up-bh-unterwaesche-sets","name":"ZUKULIFE Damen Spitzen Push Up BH Unterw\u00e4sche Sets - FamilienMode","isPartOf":{"@id":"https:\/\/bekleidungscenter.com\/#website"},"datePublished":"2021-01-03T20:41:20+00:00","dateModified":"2023-04-10T22:41:43+00:00","breadcrumb":{"@id":"https:\/\/bekleidungscenter.com\/?product=zukulife-damen-spitzen-push-up-bh-unterwaesche-sets#breadcrumb"},"inLanguage":"de","potentialAction":[{"@type":"ReadAction","target":["https:\/\/bekleidungscenter.com\/?product=zukulife-damen-spitzen-push-up-bh-unterwaesche-sets"]}]},{"@type":"BreadcrumbList","@id":"https:\/\/bekleidungscenter.com\/?product=zukulife-damen-spitzen-push-up-bh-unterwaesche-sets#breadcrumb","itemListElement":[{"@type":"ListItem","position":1,"name":"Home","item":"https:\/\/bekleidungscenter.com\/"},{"@type":"ListItem","position":2,"name":"Shop","item":"https:\/\/bekleidungscenter.com\/?page_id=7"},{"@type":"ListItem","position":3,"name":"ZUKULIFE Damen Spitzen Push Up BH Unterw\u00e4sche Sets"}]},{"@type":"WebSite","@id":"https:\/\/bekleidungscenter.com\/#website","url":"https:\/\/bekleidungscenter.com\/","name":"FamilienMode","description":"Alles f\u00fcr die ganze Familie","potentialAction":[{"@type":"SearchAction","target":{"@type":"EntryPoint","urlTemplate":"https:\/\/bekleidungscenter.com\/?s={search_term_string}"},"query-input":"required name=search_term_string"}],"inLanguage":"de"}]}},"_links":{"self":[{"href":"https:\/\/bekleidungscenter.com\/index.php?rest_route=\/wp\/v2\/product\/9088"}],"collection":[{"href":"https:\/\/bekleidungscenter.com\/index.php?rest_route=\/wp\/v2\/product"}],"about":[{"href":"https:\/\/bekleidungscenter.com\/index.php?rest_route=\/wp\/v2\/types\/product"}],"replies":[{"embeddable":true,"href":"https:\/\/bekleidungscenter.com\/index.php?rest_route=%2Fwp%2Fv2%2Fcomments&post=9088"}],"wp:featuredmedia":[{"embeddable":true,"href":"https:\/\/bekleidungscenter.com\/index.php?rest_route=\/wp\/v2\/media\/9089"}],"wp:attachment":[{"href":"https:\/\/bekleidungscenter.com\/index.php?rest_route=%2Fwp%2Fv2%2Fmedia&parent=9088"}],"wp:term":[{"taxonomy":"product_cat","embeddable":true,"href":"https:\/\/bekleidungscenter.com\/index.php?rest_route=%2Fwp%2Fv2%2Fproduct_cat&post=9088"},{"taxonomy":"product_tag","embeddable":true,"href":"https:\/\/bekleidungscenter.com\/index.php?rest_route=%2Fwp%2Fv2%2Fproduct_tag&post=9088"}],"curies":[{"name":"wp","href":"https:\/\/api.w.org\/{rel}","templated":true}]}}