{"id":9209,"date":"2021-01-03T20:43:05","date_gmt":"2021-01-03T20:43:05","guid":{"rendered":"http:\/\/bekleidungscenter.com\/?product=amazon-marke-iris-lilly-damen-bh-aus-spitze"},"modified":"2023-04-08T22:21:36","modified_gmt":"2023-04-08T22:21:36","slug":"amazon-marke-iris-lilly-damen-bh-aus-spitze","status":"publish","type":"product","link":"https:\/\/bekleidungscenter.com\/?product=amazon-marke-iris-lilly-damen-bh-aus-spitze","title":{"rendered":"Iris &amp; Lilly Damen Balconette-BH Spitze"},"content":{"rendered":"<p><!-- show up to 2 reviews by default --> <\/p>\n<p>Wundersch\u00f6ne Spitze mithilfe Blumenmuster macht diesen Balconette-BH zu einem raffinierten Hingucker. Sintemal gehen die wattierten K\u00f6rbchen mithilfe B\u00fcgeln ausreichend Anfasser und stemmen den Busen leicht an. <\/p>\n<p>Wir anzeigen Ihre gew\u00f6hnliche Gr\u00f6\u00dfe zu subskribieren. Die Gr\u00f6\u00dfe auf dem Etikett am BH und auf der Verpackung kann franz\u00f6sische oder spanische Gr\u00f6\u00dfen symbolisieren und von der bestellten Gr\u00f6\u00dfe abschweifen. Bitte schmecken Sie das Produkt erst an, bevor Sie es zur\u00fcckschicken.<br \/>\nBalconette-Stil<br \/>\n62% Polyamid, 32% Polyester, 6% Elasthan<br \/>\nPflegehinweis: Nichtsdestoweniger Handw\u00e4sche<br \/>\nModellnummer: HOP546<br \/>\nFlorale Spitze<br \/>\nWattiert, mithilfe B\u00fcgeln<br \/>\n<div class=\"main-cross-sell\" data-asin=\"B076XY6WYP\">\n\n\t<div class=\"WooZone-cross-sell-loader\">\n\t\t<div>\n\t\t\t<div id=\"floatingBarsG\">\n\t\t\t\t<div class=\"blockG\" id=\"rotateG_01\"><\/div>\n\t\t\t\t<div class=\"blockG\" id=\"rotateG_02\"><\/div>\n\t\t\t\t<div class=\"blockG\" id=\"rotateG_03\"><\/div>\n\t\t\t\t<div class=\"blockG\" id=\"rotateG_04\"><\/div>\n\t\t\t\t<div class=\"blockG\" id=\"rotateG_05\"><\/div>\n\t\t\t\t<div class=\"blockG\" id=\"rotateG_06\"><\/div>\n\t\t\t\t<div class=\"blockG\" id=\"rotateG_07\"><\/div>\n\t\t\t\t<div class=\"blockG\" id=\"rotateG_08\"><\/div>\n\t\t\t<\/div>\n\t\t\t<div class=\"WooZone-cross-sell-loader-text\"><\/div>\n\t\t<\/div>\n\t<\/div>\n\n\t\t\n<\/div>\n<div style=\"clear:both;\"><\/div><\/p>\n","protected":false},"excerpt":{"rendered":"<p>Wir empfehlen Ihre gew\u00f6hnliche Gr\u00f6\u00dfe zu bestellen. Die Gr\u00f6\u00dfe auf dem Etikett am BH und auf der Verpackung kann franz\u00f6sische oder spanische Gr\u00f6\u00dfen zeigen und von der bestellten Gr\u00f6\u00dfe abweichen. Bitte probieren Sie das Produkt erst an, bevor Sie es zur\u00fcckschicken.<br \/>\nBalconette-Stil<br \/>\n62% Polyamid, 32% Polyester, 6% Elasthan<\/p>\n","protected":false},"featured_media":9210,"comment_status":"open","ping_status":"closed","template":"","meta":[],"product_cat":[133,146],"product_tag":[],"yoast_head":"<!-- This site is optimized with the Yoast SEO plugin v20.6 - https:\/\/yoast.com\/wordpress\/plugins\/seo\/ -->\n<title>Iris &amp; Lilly Damen Balconette-BH Spitze - FamilienMode<\/title>\n<meta name=\"robots\" content=\"index, follow, max-snippet:-1, max-image-preview:large, max-video-preview:-1\" \/>\n<link rel=\"canonical\" href=\"https:\/\/bekleidungscenter.com\/?product=amazon-marke-iris-lilly-damen-bh-aus-spitze\" \/>\n<meta property=\"og:locale\" content=\"de_DE\" \/>\n<meta property=\"og:type\" content=\"article\" \/>\n<meta property=\"og:title\" content=\"Iris &amp; Lilly Damen Balconette-BH Spitze - FamilienMode\" \/>\n<meta property=\"og:description\" content=\"Wir empfehlen Ihre gew\u00f6hnliche Gr\u00f6\u00dfe zu bestellen. Die Gr\u00f6\u00dfe auf dem Etikett am BH und auf der Verpackung kann franz\u00f6sische oder spanische Gr\u00f6\u00dfen zeigen und von der bestellten Gr\u00f6\u00dfe abweichen. Bitte probieren Sie das Produkt erst an, bevor Sie es zur\u00fcckschicken. Balconette-Stil 62% Polyamid, 32% Polyester, 6% Elasthan\" \/>\n<meta property=\"og:url\" content=\"https:\/\/bekleidungscenter.com\/?product=amazon-marke-iris-lilly-damen-bh-aus-spitze\" \/>\n<meta property=\"og:site_name\" content=\"FamilienMode\" \/>\n<meta property=\"article:modified_time\" content=\"2023-04-08T22:21:36+00:00\" \/>\n<meta property=\"og:image\" content=\"https:\/\/images-na.ssl-images-amazon.com\/images\/I\/410ZXypfMHL.jpg\" \/>\n\t<meta property=\"og:image:width\" content=\"500\" \/>\n\t<meta property=\"og:image:height\" content=\"500\" \/>\n\t<meta property=\"og:image:type\" content=\"image\/jpeg\" \/>\n<meta name=\"twitter:card\" content=\"summary_large_image\" \/>\n<meta name=\"twitter:label1\" content=\"Gesch\u00e4tzte Lesezeit\" \/>\n\t<meta name=\"twitter:data1\" content=\"1\u00a0Minute\" \/>\n<script type=\"application\/ld+json\" class=\"yoast-schema-graph\">{\"@context\":\"https:\/\/schema.org\",\"@graph\":[{\"@type\":\"WebPage\",\"@id\":\"https:\/\/bekleidungscenter.com\/?product=amazon-marke-iris-lilly-damen-bh-aus-spitze\",\"url\":\"https:\/\/bekleidungscenter.com\/?product=amazon-marke-iris-lilly-damen-bh-aus-spitze\",\"name\":\"Iris &amp; Lilly Damen Balconette-BH Spitze - FamilienMode\",\"isPartOf\":{\"@id\":\"https:\/\/bekleidungscenter.com\/#website\"},\"datePublished\":\"2021-01-03T20:43:05+00:00\",\"dateModified\":\"2023-04-08T22:21:36+00:00\",\"breadcrumb\":{\"@id\":\"https:\/\/bekleidungscenter.com\/?product=amazon-marke-iris-lilly-damen-bh-aus-spitze#breadcrumb\"},\"inLanguage\":\"de\",\"potentialAction\":[{\"@type\":\"ReadAction\",\"target\":[\"https:\/\/bekleidungscenter.com\/?product=amazon-marke-iris-lilly-damen-bh-aus-spitze\"]}]},{\"@type\":\"BreadcrumbList\",\"@id\":\"https:\/\/bekleidungscenter.com\/?product=amazon-marke-iris-lilly-damen-bh-aus-spitze#breadcrumb\",\"itemListElement\":[{\"@type\":\"ListItem\",\"position\":1,\"name\":\"Home\",\"item\":\"https:\/\/bekleidungscenter.com\/\"},{\"@type\":\"ListItem\",\"position\":2,\"name\":\"Shop\",\"item\":\"https:\/\/bekleidungscenter.com\/?page_id=7\"},{\"@type\":\"ListItem\",\"position\":3,\"name\":\"Iris &amp; Lilly Damen Balconette-BH Spitze\"}]},{\"@type\":\"WebSite\",\"@id\":\"https:\/\/bekleidungscenter.com\/#website\",\"url\":\"https:\/\/bekleidungscenter.com\/\",\"name\":\"FamilienMode\",\"description\":\"Alles f\u00fcr die ganze Familie\",\"potentialAction\":[{\"@type\":\"SearchAction\",\"target\":{\"@type\":\"EntryPoint\",\"urlTemplate\":\"https:\/\/bekleidungscenter.com\/?s={search_term_string}\"},\"query-input\":\"required name=search_term_string\"}],\"inLanguage\":\"de\"}]}<\/script>\n<!-- \/ Yoast SEO plugin. -->","yoast_head_json":{"title":"Iris &amp; Lilly Damen Balconette-BH Spitze - FamilienMode","robots":{"index":"index","follow":"follow","max-snippet":"max-snippet:-1","max-image-preview":"max-image-preview:large","max-video-preview":"max-video-preview:-1"},"canonical":"https:\/\/bekleidungscenter.com\/?product=amazon-marke-iris-lilly-damen-bh-aus-spitze","og_locale":"de_DE","og_type":"article","og_title":"Iris &amp; Lilly Damen Balconette-BH Spitze - FamilienMode","og_description":"Wir empfehlen Ihre gew\u00f6hnliche Gr\u00f6\u00dfe zu bestellen. Die Gr\u00f6\u00dfe auf dem Etikett am BH und auf der Verpackung kann franz\u00f6sische oder spanische Gr\u00f6\u00dfen zeigen und von der bestellten Gr\u00f6\u00dfe abweichen. Bitte probieren Sie das Produkt erst an, bevor Sie es zur\u00fcckschicken. Balconette-Stil 62% Polyamid, 32% Polyester, 6% Elasthan","og_url":"https:\/\/bekleidungscenter.com\/?product=amazon-marke-iris-lilly-damen-bh-aus-spitze","og_site_name":"FamilienMode","article_modified_time":"2023-04-08T22:21:36+00:00","og_image":[{"width":500,"height":500,"url":"https:\/\/images-na.ssl-images-amazon.com\/images\/I\/410ZXypfMHL.jpg","type":"image\/jpeg"}],"twitter_card":"summary_large_image","twitter_misc":{"Gesch\u00e4tzte Lesezeit":"1\u00a0Minute"},"schema":{"@context":"https:\/\/schema.org","@graph":[{"@type":"WebPage","@id":"https:\/\/bekleidungscenter.com\/?product=amazon-marke-iris-lilly-damen-bh-aus-spitze","url":"https:\/\/bekleidungscenter.com\/?product=amazon-marke-iris-lilly-damen-bh-aus-spitze","name":"Iris &amp; Lilly Damen Balconette-BH Spitze - FamilienMode","isPartOf":{"@id":"https:\/\/bekleidungscenter.com\/#website"},"datePublished":"2021-01-03T20:43:05+00:00","dateModified":"2023-04-08T22:21:36+00:00","breadcrumb":{"@id":"https:\/\/bekleidungscenter.com\/?product=amazon-marke-iris-lilly-damen-bh-aus-spitze#breadcrumb"},"inLanguage":"de","potentialAction":[{"@type":"ReadAction","target":["https:\/\/bekleidungscenter.com\/?product=amazon-marke-iris-lilly-damen-bh-aus-spitze"]}]},{"@type":"BreadcrumbList","@id":"https:\/\/bekleidungscenter.com\/?product=amazon-marke-iris-lilly-damen-bh-aus-spitze#breadcrumb","itemListElement":[{"@type":"ListItem","position":1,"name":"Home","item":"https:\/\/bekleidungscenter.com\/"},{"@type":"ListItem","position":2,"name":"Shop","item":"https:\/\/bekleidungscenter.com\/?page_id=7"},{"@type":"ListItem","position":3,"name":"Iris &amp; Lilly Damen Balconette-BH Spitze"}]},{"@type":"WebSite","@id":"https:\/\/bekleidungscenter.com\/#website","url":"https:\/\/bekleidungscenter.com\/","name":"FamilienMode","description":"Alles f\u00fcr die ganze Familie","potentialAction":[{"@type":"SearchAction","target":{"@type":"EntryPoint","urlTemplate":"https:\/\/bekleidungscenter.com\/?s={search_term_string}"},"query-input":"required name=search_term_string"}],"inLanguage":"de"}]}},"_links":{"self":[{"href":"https:\/\/bekleidungscenter.com\/index.php?rest_route=\/wp\/v2\/product\/9209"}],"collection":[{"href":"https:\/\/bekleidungscenter.com\/index.php?rest_route=\/wp\/v2\/product"}],"about":[{"href":"https:\/\/bekleidungscenter.com\/index.php?rest_route=\/wp\/v2\/types\/product"}],"replies":[{"embeddable":true,"href":"https:\/\/bekleidungscenter.com\/index.php?rest_route=%2Fwp%2Fv2%2Fcomments&post=9209"}],"wp:featuredmedia":[{"embeddable":true,"href":"https:\/\/bekleidungscenter.com\/index.php?rest_route=\/wp\/v2\/media\/9210"}],"wp:attachment":[{"href":"https:\/\/bekleidungscenter.com\/index.php?rest_route=%2Fwp%2Fv2%2Fmedia&parent=9209"}],"wp:term":[{"taxonomy":"product_cat","embeddable":true,"href":"https:\/\/bekleidungscenter.com\/index.php?rest_route=%2Fwp%2Fv2%2Fproduct_cat&post=9209"},{"taxonomy":"product_tag","embeddable":true,"href":"https:\/\/bekleidungscenter.com\/index.php?rest_route=%2Fwp%2Fv2%2Fproduct_tag&post=9209"}],"curies":[{"name":"wp","href":"https:\/\/api.w.org\/{rel}","templated":true}]}}