{"id":9237,"date":"2021-01-03T20:50:10","date_gmt":"2021-01-03T20:50:10","guid":{"rendered":"http:\/\/bekleidungscenter.com\/?product=playtex-damen-soutien-gorge-avec-armatures-invisible-elegance-buegel-bh"},"modified":"2023-04-08T22:21:36","modified_gmt":"2023-04-08T22:21:36","slug":"playtex-damen-soutien-gorge-avec-armatures-invisible-elegance-buegel-bh","status":"publish","type":"product","link":"https:\/\/bekleidungscenter.com\/?product=playtex-damen-soutien-gorge-avec-armatures-invisible-elegance-buegel-bh","title":{"rendered":"Playtex Damen Soutien-Gorge Avec Armatures Invisible Elegance B\u00fcgel-BH"},"content":{"rendered":"<p><!-- show up to 2 reviews by default --> <\/p>\n<p>Eine ultrad\u00fcnne Linie niedergeschlagen den Kleidungsst\u00fccken. Es handelt sich um einen Balconet-BH durch B\u00fcgel u. a. Spitze durch multielastischer Spitze, die niedergeschlagen der Outfit unsichtbar ist. Raffiniertes u. a. elegantes Aussparung durch floraler Spitze. Zugunsten ein komplettes Set k\u00f6nnen Sie ihn durch dem passenden H\u00f6schen jeder der gleichen Reihenfolge \u201eInvisible Elegance\u201c versteifen. Erh\u00e4ltlich in verschiedenen Farben. <\/p>\n<p>Blumenkasten durch B\u00fcgel u. a. floraler Spitze Zugunsten mehr Weiblichkeit<br \/>\nUnsichtbar niedergeschlagen der Outfit<br \/>\nVerschluss: Clip u. a. T\u00fcr<br \/>\n79% Polyamid, 21% Elasthan<br \/>\nBH<br \/>\nPflegehinweis: Dagegen Handw\u00e4sche<br \/>\nModellnummer: 07I2<br \/>\n<div class=\"main-cross-sell\" data-asin=\"B07H69TKNQ\">\n\n\t<div class=\"WooZone-cross-sell-loader\">\n\t\t<div>\n\t\t\t<div id=\"floatingBarsG\">\n\t\t\t\t<div class=\"blockG\" id=\"rotateG_01\"><\/div>\n\t\t\t\t<div class=\"blockG\" id=\"rotateG_02\"><\/div>\n\t\t\t\t<div class=\"blockG\" id=\"rotateG_03\"><\/div>\n\t\t\t\t<div class=\"blockG\" id=\"rotateG_04\"><\/div>\n\t\t\t\t<div class=\"blockG\" id=\"rotateG_05\"><\/div>\n\t\t\t\t<div class=\"blockG\" id=\"rotateG_06\"><\/div>\n\t\t\t\t<div class=\"blockG\" id=\"rotateG_07\"><\/div>\n\t\t\t\t<div class=\"blockG\" id=\"rotateG_08\"><\/div>\n\t\t\t<\/div>\n\t\t\t<div class=\"WooZone-cross-sell-loader-text\"><\/div>\n\t\t<\/div>\n\t<\/div>\n\n\t\t\n<\/div>\n<div style=\"clear:both;\"><\/div><\/p>\n","protected":false},"excerpt":{"rendered":"<p>Blumenkasten mit B\u00fcgel und floraler Spitze f\u00fcr mehr Weiblichkeit<br \/>\nUnsichtbar unter der Kleidung<br \/>\nVerschluss: Clip und T\u00fcr<\/p>\n","protected":false},"featured_media":9238,"comment_status":"open","ping_status":"closed","template":"","meta":[],"product_cat":[133,146],"product_tag":[],"yoast_head":"<!-- This site is optimized with the Yoast SEO plugin v20.6 - https:\/\/yoast.com\/wordpress\/plugins\/seo\/ -->\n<title>Playtex Damen Soutien-Gorge Avec Armatures Invisible Elegance B\u00fcgel-BH - FamilienMode<\/title>\n<meta name=\"robots\" content=\"index, follow, max-snippet:-1, max-image-preview:large, max-video-preview:-1\" \/>\n<link rel=\"canonical\" href=\"https:\/\/bekleidungscenter.com\/?product=playtex-damen-soutien-gorge-avec-armatures-invisible-elegance-buegel-bh\" \/>\n<meta property=\"og:locale\" content=\"de_DE\" \/>\n<meta property=\"og:type\" content=\"article\" \/>\n<meta property=\"og:title\" content=\"Playtex Damen Soutien-Gorge Avec Armatures Invisible Elegance B\u00fcgel-BH - FamilienMode\" \/>\n<meta property=\"og:description\" content=\"Blumenkasten mit B\u00fcgel und floraler Spitze f\u00fcr mehr Weiblichkeit Unsichtbar unter der Kleidung Verschluss: Clip und T\u00fcr\" \/>\n<meta property=\"og:url\" content=\"https:\/\/bekleidungscenter.com\/?product=playtex-damen-soutien-gorge-avec-armatures-invisible-elegance-buegel-bh\" \/>\n<meta property=\"og:site_name\" content=\"FamilienMode\" \/>\n<meta property=\"article:modified_time\" content=\"2023-04-08T22:21:36+00:00\" \/>\n<meta property=\"og:image\" content=\"https:\/\/images-na.ssl-images-amazon.com\/images\/I\/415HJkezD2L.jpg\" \/>\n\t<meta property=\"og:image:width\" content=\"500\" \/>\n\t<meta property=\"og:image:height\" content=\"500\" \/>\n\t<meta property=\"og:image:type\" content=\"image\/jpeg\" \/>\n<meta name=\"twitter:card\" content=\"summary_large_image\" \/>\n<meta name=\"twitter:label1\" content=\"Gesch\u00e4tzte Lesezeit\" \/>\n\t<meta name=\"twitter:data1\" content=\"1\u00a0Minute\" \/>\n<script type=\"application\/ld+json\" class=\"yoast-schema-graph\">{\"@context\":\"https:\/\/schema.org\",\"@graph\":[{\"@type\":\"WebPage\",\"@id\":\"https:\/\/bekleidungscenter.com\/?product=playtex-damen-soutien-gorge-avec-armatures-invisible-elegance-buegel-bh\",\"url\":\"https:\/\/bekleidungscenter.com\/?product=playtex-damen-soutien-gorge-avec-armatures-invisible-elegance-buegel-bh\",\"name\":\"Playtex Damen Soutien-Gorge Avec Armatures Invisible Elegance B\u00fcgel-BH - FamilienMode\",\"isPartOf\":{\"@id\":\"https:\/\/bekleidungscenter.com\/#website\"},\"datePublished\":\"2021-01-03T20:50:10+00:00\",\"dateModified\":\"2023-04-08T22:21:36+00:00\",\"breadcrumb\":{\"@id\":\"https:\/\/bekleidungscenter.com\/?product=playtex-damen-soutien-gorge-avec-armatures-invisible-elegance-buegel-bh#breadcrumb\"},\"inLanguage\":\"de\",\"potentialAction\":[{\"@type\":\"ReadAction\",\"target\":[\"https:\/\/bekleidungscenter.com\/?product=playtex-damen-soutien-gorge-avec-armatures-invisible-elegance-buegel-bh\"]}]},{\"@type\":\"BreadcrumbList\",\"@id\":\"https:\/\/bekleidungscenter.com\/?product=playtex-damen-soutien-gorge-avec-armatures-invisible-elegance-buegel-bh#breadcrumb\",\"itemListElement\":[{\"@type\":\"ListItem\",\"position\":1,\"name\":\"Home\",\"item\":\"https:\/\/bekleidungscenter.com\/\"},{\"@type\":\"ListItem\",\"position\":2,\"name\":\"Shop\",\"item\":\"https:\/\/bekleidungscenter.com\/?page_id=7\"},{\"@type\":\"ListItem\",\"position\":3,\"name\":\"Playtex Damen Soutien-Gorge Avec Armatures Invisible Elegance B\u00fcgel-BH\"}]},{\"@type\":\"WebSite\",\"@id\":\"https:\/\/bekleidungscenter.com\/#website\",\"url\":\"https:\/\/bekleidungscenter.com\/\",\"name\":\"FamilienMode\",\"description\":\"Alles f\u00fcr die ganze Familie\",\"potentialAction\":[{\"@type\":\"SearchAction\",\"target\":{\"@type\":\"EntryPoint\",\"urlTemplate\":\"https:\/\/bekleidungscenter.com\/?s={search_term_string}\"},\"query-input\":\"required name=search_term_string\"}],\"inLanguage\":\"de\"}]}<\/script>\n<!-- \/ Yoast SEO plugin. -->","yoast_head_json":{"title":"Playtex Damen Soutien-Gorge Avec Armatures Invisible Elegance B\u00fcgel-BH - FamilienMode","robots":{"index":"index","follow":"follow","max-snippet":"max-snippet:-1","max-image-preview":"max-image-preview:large","max-video-preview":"max-video-preview:-1"},"canonical":"https:\/\/bekleidungscenter.com\/?product=playtex-damen-soutien-gorge-avec-armatures-invisible-elegance-buegel-bh","og_locale":"de_DE","og_type":"article","og_title":"Playtex Damen Soutien-Gorge Avec Armatures Invisible Elegance B\u00fcgel-BH - FamilienMode","og_description":"Blumenkasten mit B\u00fcgel und floraler Spitze f\u00fcr mehr Weiblichkeit Unsichtbar unter der Kleidung Verschluss: Clip und T\u00fcr","og_url":"https:\/\/bekleidungscenter.com\/?product=playtex-damen-soutien-gorge-avec-armatures-invisible-elegance-buegel-bh","og_site_name":"FamilienMode","article_modified_time":"2023-04-08T22:21:36+00:00","og_image":[{"width":500,"height":500,"url":"https:\/\/images-na.ssl-images-amazon.com\/images\/I\/415HJkezD2L.jpg","type":"image\/jpeg"}],"twitter_card":"summary_large_image","twitter_misc":{"Gesch\u00e4tzte Lesezeit":"1\u00a0Minute"},"schema":{"@context":"https:\/\/schema.org","@graph":[{"@type":"WebPage","@id":"https:\/\/bekleidungscenter.com\/?product=playtex-damen-soutien-gorge-avec-armatures-invisible-elegance-buegel-bh","url":"https:\/\/bekleidungscenter.com\/?product=playtex-damen-soutien-gorge-avec-armatures-invisible-elegance-buegel-bh","name":"Playtex Damen Soutien-Gorge Avec Armatures Invisible Elegance B\u00fcgel-BH - FamilienMode","isPartOf":{"@id":"https:\/\/bekleidungscenter.com\/#website"},"datePublished":"2021-01-03T20:50:10+00:00","dateModified":"2023-04-08T22:21:36+00:00","breadcrumb":{"@id":"https:\/\/bekleidungscenter.com\/?product=playtex-damen-soutien-gorge-avec-armatures-invisible-elegance-buegel-bh#breadcrumb"},"inLanguage":"de","potentialAction":[{"@type":"ReadAction","target":["https:\/\/bekleidungscenter.com\/?product=playtex-damen-soutien-gorge-avec-armatures-invisible-elegance-buegel-bh"]}]},{"@type":"BreadcrumbList","@id":"https:\/\/bekleidungscenter.com\/?product=playtex-damen-soutien-gorge-avec-armatures-invisible-elegance-buegel-bh#breadcrumb","itemListElement":[{"@type":"ListItem","position":1,"name":"Home","item":"https:\/\/bekleidungscenter.com\/"},{"@type":"ListItem","position":2,"name":"Shop","item":"https:\/\/bekleidungscenter.com\/?page_id=7"},{"@type":"ListItem","position":3,"name":"Playtex Damen Soutien-Gorge Avec Armatures Invisible Elegance B\u00fcgel-BH"}]},{"@type":"WebSite","@id":"https:\/\/bekleidungscenter.com\/#website","url":"https:\/\/bekleidungscenter.com\/","name":"FamilienMode","description":"Alles f\u00fcr die ganze Familie","potentialAction":[{"@type":"SearchAction","target":{"@type":"EntryPoint","urlTemplate":"https:\/\/bekleidungscenter.com\/?s={search_term_string}"},"query-input":"required name=search_term_string"}],"inLanguage":"de"}]}},"_links":{"self":[{"href":"https:\/\/bekleidungscenter.com\/index.php?rest_route=\/wp\/v2\/product\/9237"}],"collection":[{"href":"https:\/\/bekleidungscenter.com\/index.php?rest_route=\/wp\/v2\/product"}],"about":[{"href":"https:\/\/bekleidungscenter.com\/index.php?rest_route=\/wp\/v2\/types\/product"}],"replies":[{"embeddable":true,"href":"https:\/\/bekleidungscenter.com\/index.php?rest_route=%2Fwp%2Fv2%2Fcomments&post=9237"}],"wp:featuredmedia":[{"embeddable":true,"href":"https:\/\/bekleidungscenter.com\/index.php?rest_route=\/wp\/v2\/media\/9238"}],"wp:attachment":[{"href":"https:\/\/bekleidungscenter.com\/index.php?rest_route=%2Fwp%2Fv2%2Fmedia&parent=9237"}],"wp:term":[{"taxonomy":"product_cat","embeddable":true,"href":"https:\/\/bekleidungscenter.com\/index.php?rest_route=%2Fwp%2Fv2%2Fproduct_cat&post=9237"},{"taxonomy":"product_tag","embeddable":true,"href":"https:\/\/bekleidungscenter.com\/index.php?rest_route=%2Fwp%2Fv2%2Fproduct_tag&post=9237"}],"curies":[{"name":"wp","href":"https:\/\/api.w.org\/{rel}","templated":true}]}}