{"id":9577,"date":"2021-01-03T21:07:08","date_gmt":"2021-01-03T21:07:08","guid":{"rendered":"http:\/\/bekleidungscenter.com\/?product=george-gina-lucy"},"modified":"2023-04-08T22:21:44","modified_gmt":"2023-04-08T22:21:44","slug":"george-gina-lucy","status":"publish","type":"product","link":"https:\/\/bekleidungscenter.com\/?product=george-gina-lucy","title":{"rendered":"George Gina &amp; Lucy"},"content":{"rendered":"<p><!-- show up to 2 reviews by default --> <\/p>\n<p>Die Double B ein klassisches Modell von GEORGE GINA &amp; LUCY ist eine zu schulternde gro\u00dfe Handtasche die man durch dem beigelegten Schultergurt aka einverstanden quer verankern kann. <\/p>\n<p>Vorne sind zwei gro\u00dfe Rei\u00dfverschlusstaschen durch jeweils einem Zipperfach. \u00dcber diesen beiden Taschen verl\u00e4uft horizontal ein Rei\u00dfverschlussfach durch 26 cm. Gen der Abseite der Tasche ist ein Einschubfach, das durch einem Rei\u00dfverschluss von 27 cm ge\u00f6ffnet werden kann. Neuartig dar\u00fcber hinaus rechts befinden sich Plan B F\u00e4cher. <\/p>\n<p>Die beiden gro\u00dfen Hauptf\u00e4cher sein Eigen nennen jeweils einen langen Rei\u00dfverschluss von 44 cm. Innen befinden sich Gen der Vorderseite mehrere kleine Einschubf\u00e4cher dar\u00fcber hinaus aka an der Abseite ist ein Rei\u00dfverschlussfach. <\/p>\n<p>Material: 100% Polyester <\/p>\n<p>Ma\u00dfe B\/H\/T: 45\/25\/18 cm <\/p>\n<p>Lieferumfang: L\u00e4ngenverstellbarer Schultergurt dar\u00fcber hinaus ein Staubbeutel <\/p>\n<p>Verschluss: Rei\u00dfverschluss<br \/>\nMaterialzusammensetzung: 100% Polyester<br \/>\nVerstellbarer Gurt<br \/>\n<div class=\"main-cross-sell\" data-asin=\"B00SFJKTRM\">\n\n\t<div class=\"WooZone-cross-sell-loader\">\n\t\t<div>\n\t\t\t<div id=\"floatingBarsG\">\n\t\t\t\t<div class=\"blockG\" id=\"rotateG_01\"><\/div>\n\t\t\t\t<div class=\"blockG\" id=\"rotateG_02\"><\/div>\n\t\t\t\t<div class=\"blockG\" id=\"rotateG_03\"><\/div>\n\t\t\t\t<div class=\"blockG\" id=\"rotateG_04\"><\/div>\n\t\t\t\t<div class=\"blockG\" id=\"rotateG_05\"><\/div>\n\t\t\t\t<div class=\"blockG\" id=\"rotateG_06\"><\/div>\n\t\t\t\t<div class=\"blockG\" id=\"rotateG_07\"><\/div>\n\t\t\t\t<div class=\"blockG\" id=\"rotateG_08\"><\/div>\n\t\t\t<\/div>\n\t\t\t<div class=\"WooZone-cross-sell-loader-text\"><\/div>\n\t\t<\/div>\n\t<\/div>\n\n\t\t\n<\/div>\n<div style=\"clear:both;\"><\/div><\/p>\n","protected":false},"excerpt":{"rendered":"<p>Verschluss: Rei\u00dfverschluss<br \/>\nMaterialzusammensetzung: 100% Polyester<br \/>\nVerstellbarer Gurt<\/p>\n","protected":false},"featured_media":9579,"comment_status":"open","ping_status":"closed","template":"","meta":[],"product_cat":[133,703],"product_tag":[],"yoast_head":"<!-- This site is optimized with the Yoast SEO plugin v20.6 - https:\/\/yoast.com\/wordpress\/plugins\/seo\/ -->\n<title>George Gina &amp; Lucy - FamilienMode<\/title>\n<meta name=\"robots\" content=\"index, follow, max-snippet:-1, max-image-preview:large, max-video-preview:-1\" \/>\n<link rel=\"canonical\" href=\"https:\/\/bekleidungscenter.com\/?product=george-gina-lucy\" \/>\n<meta property=\"og:locale\" content=\"de_DE\" \/>\n<meta property=\"og:type\" content=\"article\" \/>\n<meta property=\"og:title\" content=\"George Gina &amp; Lucy - FamilienMode\" \/>\n<meta property=\"og:description\" content=\"Verschluss: Rei\u00dfverschluss Materialzusammensetzung: 100% Polyester Verstellbarer Gurt\" \/>\n<meta property=\"og:url\" content=\"https:\/\/bekleidungscenter.com\/?product=george-gina-lucy\" \/>\n<meta property=\"og:site_name\" content=\"FamilienMode\" \/>\n<meta property=\"article:modified_time\" content=\"2023-04-08T22:21:44+00:00\" \/>\n<meta property=\"og:image\" content=\"https:\/\/images-na.ssl-images-amazon.com\/images\/I\/51b7CD5Jb%2BL.jpg\" \/>\n\t<meta property=\"og:image:width\" content=\"500\" \/>\n\t<meta property=\"og:image:height\" content=\"500\" \/>\n\t<meta property=\"og:image:type\" content=\"image\/jpeg\" \/>\n<meta name=\"twitter:card\" content=\"summary_large_image\" \/>\n<meta name=\"twitter:label1\" content=\"Gesch\u00e4tzte Lesezeit\" \/>\n\t<meta name=\"twitter:data1\" content=\"1\u00a0Minute\" \/>\n<script type=\"application\/ld+json\" class=\"yoast-schema-graph\">{\"@context\":\"https:\/\/schema.org\",\"@graph\":[{\"@type\":\"WebPage\",\"@id\":\"https:\/\/bekleidungscenter.com\/?product=george-gina-lucy\",\"url\":\"https:\/\/bekleidungscenter.com\/?product=george-gina-lucy\",\"name\":\"George Gina &amp; Lucy - FamilienMode\",\"isPartOf\":{\"@id\":\"https:\/\/bekleidungscenter.com\/#website\"},\"datePublished\":\"2021-01-03T21:07:08+00:00\",\"dateModified\":\"2023-04-08T22:21:44+00:00\",\"breadcrumb\":{\"@id\":\"https:\/\/bekleidungscenter.com\/?product=george-gina-lucy#breadcrumb\"},\"inLanguage\":\"de\",\"potentialAction\":[{\"@type\":\"ReadAction\",\"target\":[\"https:\/\/bekleidungscenter.com\/?product=george-gina-lucy\"]}]},{\"@type\":\"BreadcrumbList\",\"@id\":\"https:\/\/bekleidungscenter.com\/?product=george-gina-lucy#breadcrumb\",\"itemListElement\":[{\"@type\":\"ListItem\",\"position\":1,\"name\":\"Home\",\"item\":\"https:\/\/bekleidungscenter.com\/\"},{\"@type\":\"ListItem\",\"position\":2,\"name\":\"Shop\",\"item\":\"https:\/\/bekleidungscenter.com\/?page_id=7\"},{\"@type\":\"ListItem\",\"position\":3,\"name\":\"George Gina &amp; Lucy\"}]},{\"@type\":\"WebSite\",\"@id\":\"https:\/\/bekleidungscenter.com\/#website\",\"url\":\"https:\/\/bekleidungscenter.com\/\",\"name\":\"FamilienMode\",\"description\":\"Alles f\u00fcr die ganze Familie\",\"potentialAction\":[{\"@type\":\"SearchAction\",\"target\":{\"@type\":\"EntryPoint\",\"urlTemplate\":\"https:\/\/bekleidungscenter.com\/?s={search_term_string}\"},\"query-input\":\"required name=search_term_string\"}],\"inLanguage\":\"de\"}]}<\/script>\n<!-- \/ Yoast SEO plugin. -->","yoast_head_json":{"title":"George Gina &amp; Lucy - FamilienMode","robots":{"index":"index","follow":"follow","max-snippet":"max-snippet:-1","max-image-preview":"max-image-preview:large","max-video-preview":"max-video-preview:-1"},"canonical":"https:\/\/bekleidungscenter.com\/?product=george-gina-lucy","og_locale":"de_DE","og_type":"article","og_title":"George Gina &amp; Lucy - FamilienMode","og_description":"Verschluss: Rei\u00dfverschluss Materialzusammensetzung: 100% Polyester Verstellbarer Gurt","og_url":"https:\/\/bekleidungscenter.com\/?product=george-gina-lucy","og_site_name":"FamilienMode","article_modified_time":"2023-04-08T22:21:44+00:00","og_image":[{"width":500,"height":500,"url":"https:\/\/images-na.ssl-images-amazon.com\/images\/I\/51b7CD5Jb%2BL.jpg","type":"image\/jpeg"}],"twitter_card":"summary_large_image","twitter_misc":{"Gesch\u00e4tzte Lesezeit":"1\u00a0Minute"},"schema":{"@context":"https:\/\/schema.org","@graph":[{"@type":"WebPage","@id":"https:\/\/bekleidungscenter.com\/?product=george-gina-lucy","url":"https:\/\/bekleidungscenter.com\/?product=george-gina-lucy","name":"George Gina &amp; Lucy - FamilienMode","isPartOf":{"@id":"https:\/\/bekleidungscenter.com\/#website"},"datePublished":"2021-01-03T21:07:08+00:00","dateModified":"2023-04-08T22:21:44+00:00","breadcrumb":{"@id":"https:\/\/bekleidungscenter.com\/?product=george-gina-lucy#breadcrumb"},"inLanguage":"de","potentialAction":[{"@type":"ReadAction","target":["https:\/\/bekleidungscenter.com\/?product=george-gina-lucy"]}]},{"@type":"BreadcrumbList","@id":"https:\/\/bekleidungscenter.com\/?product=george-gina-lucy#breadcrumb","itemListElement":[{"@type":"ListItem","position":1,"name":"Home","item":"https:\/\/bekleidungscenter.com\/"},{"@type":"ListItem","position":2,"name":"Shop","item":"https:\/\/bekleidungscenter.com\/?page_id=7"},{"@type":"ListItem","position":3,"name":"George Gina &amp; Lucy"}]},{"@type":"WebSite","@id":"https:\/\/bekleidungscenter.com\/#website","url":"https:\/\/bekleidungscenter.com\/","name":"FamilienMode","description":"Alles f\u00fcr die ganze Familie","potentialAction":[{"@type":"SearchAction","target":{"@type":"EntryPoint","urlTemplate":"https:\/\/bekleidungscenter.com\/?s={search_term_string}"},"query-input":"required name=search_term_string"}],"inLanguage":"de"}]}},"_links":{"self":[{"href":"https:\/\/bekleidungscenter.com\/index.php?rest_route=\/wp\/v2\/product\/9577"}],"collection":[{"href":"https:\/\/bekleidungscenter.com\/index.php?rest_route=\/wp\/v2\/product"}],"about":[{"href":"https:\/\/bekleidungscenter.com\/index.php?rest_route=\/wp\/v2\/types\/product"}],"replies":[{"embeddable":true,"href":"https:\/\/bekleidungscenter.com\/index.php?rest_route=%2Fwp%2Fv2%2Fcomments&post=9577"}],"wp:featuredmedia":[{"embeddable":true,"href":"https:\/\/bekleidungscenter.com\/index.php?rest_route=\/wp\/v2\/media\/9579"}],"wp:attachment":[{"href":"https:\/\/bekleidungscenter.com\/index.php?rest_route=%2Fwp%2Fv2%2Fmedia&parent=9577"}],"wp:term":[{"taxonomy":"product_cat","embeddable":true,"href":"https:\/\/bekleidungscenter.com\/index.php?rest_route=%2Fwp%2Fv2%2Fproduct_cat&post=9577"},{"taxonomy":"product_tag","embeddable":true,"href":"https:\/\/bekleidungscenter.com\/index.php?rest_route=%2Fwp%2Fv2%2Fproduct_tag&post=9577"}],"curies":[{"name":"wp","href":"https:\/\/api.w.org\/{rel}","templated":true}]}}