{"id":9773,"date":"2021-01-03T21:11:58","date_gmt":"2021-01-03T21:11:58","guid":{"rendered":"http:\/\/bekleidungscenter.com\/?product=lacoste-damen-nf2142-einkaufstasche-einheitsgroesse"},"modified":"2023-04-05T21:58:33","modified_gmt":"2023-04-05T21:58:33","slug":"lacoste-damen-nf2142-einkaufstasche-einheitsgroesse","status":"publish","type":"product","link":"https:\/\/bekleidungscenter.com\/?product=lacoste-damen-nf2142-einkaufstasche-einheitsgroesse","title":{"rendered":"Lacoste Damen Nf2142aa Einkaufstasche, Einheitsgr\u00f6\u00dfe"},"content":{"rendered":"<p><!-- show up to 2 reviews by default --> <\/p>\n<p>Der Allm\u00e4chtiger des ersten Poloshirts im Jahr 1933 hat sich Lacoste wie die einzigartige Luxusmarke von casual Wear, die Eleganz mit Frankreich und Bewegungsfreiheit verbindet, erbe seine sportlichen Herkunfte. Die Krokodilmarke geh\u00f6rt zu den bekanntesten Marken der Welt und hat sich wie Nickname statt dessen Poloshirt eingesetzt, das konstant in verschiedenen Veranstalten, Materialien und Stilen anderweitig erfindet. In 120 L\u00e4ndern pr\u00e4sentiert sie ein umfassendes Kosmos: Kleidung, Lederwaren, Parfums, Schuhe, Brillen, Bettw\u00e4sche, Uhren und Unterw\u00e4sche, deren Entwicklung ihren hohen Anspr\u00fcchen an Qualit\u00e4t und Verantwortung entspricht. <\/p>\n<p>Obermaterial: Synthetic<br \/>\nVerschluss: 0.No verallgemeinern<br \/>\nMaterialzusammensetzung: 100% Polyvinylchlorid<br \/>\nSchulter Gurt, Durchschlag Griff, Nicht Abnehmbar<br \/>\n<div class=\"main-cross-sell\" data-asin=\"B07MRR12J2\">\n\n\t<div class=\"WooZone-cross-sell-loader\">\n\t\t<div>\n\t\t\t<div id=\"floatingBarsG\">\n\t\t\t\t<div class=\"blockG\" id=\"rotateG_01\"><\/div>\n\t\t\t\t<div class=\"blockG\" id=\"rotateG_02\"><\/div>\n\t\t\t\t<div class=\"blockG\" id=\"rotateG_03\"><\/div>\n\t\t\t\t<div class=\"blockG\" id=\"rotateG_04\"><\/div>\n\t\t\t\t<div class=\"blockG\" id=\"rotateG_05\"><\/div>\n\t\t\t\t<div class=\"blockG\" id=\"rotateG_06\"><\/div>\n\t\t\t\t<div class=\"blockG\" id=\"rotateG_07\"><\/div>\n\t\t\t\t<div class=\"blockG\" id=\"rotateG_08\"><\/div>\n\t\t\t<\/div>\n\t\t\t<div class=\"WooZone-cross-sell-loader-text\"><\/div>\n\t\t<\/div>\n\t<\/div>\n\n\t\t\n<\/div>\n<div style=\"clear:both;\"><\/div><\/p>\n","protected":false},"excerpt":{"rendered":"<p>Obermaterial: Synthetic<br \/>\nVerschluss: 0.No schlie\u00dfen<br \/>\nMaterialzusammensetzung: 100% Polyvinylchlorid<\/p>\n","protected":false},"featured_media":9774,"comment_status":"open","ping_status":"closed","template":"","meta":[],"product_cat":[133,703],"product_tag":[],"yoast_head":"<!-- This site is optimized with the Yoast SEO plugin v20.6 - https:\/\/yoast.com\/wordpress\/plugins\/seo\/ -->\n<title>Lacoste Damen Nf2142aa Einkaufstasche, Einheitsgr\u00f6\u00dfe - FamilienMode<\/title>\n<meta name=\"robots\" content=\"index, follow, max-snippet:-1, max-image-preview:large, max-video-preview:-1\" \/>\n<link rel=\"canonical\" href=\"https:\/\/bekleidungscenter.com\/?product=lacoste-damen-nf2142-einkaufstasche-einheitsgroesse\" \/>\n<meta property=\"og:locale\" content=\"de_DE\" \/>\n<meta property=\"og:type\" content=\"article\" \/>\n<meta property=\"og:title\" content=\"Lacoste Damen Nf2142aa Einkaufstasche, Einheitsgr\u00f6\u00dfe - FamilienMode\" \/>\n<meta property=\"og:description\" content=\"Obermaterial: Synthetic Verschluss: 0.No schlie\u00dfen Materialzusammensetzung: 100% Polyvinylchlorid\" \/>\n<meta property=\"og:url\" content=\"https:\/\/bekleidungscenter.com\/?product=lacoste-damen-nf2142-einkaufstasche-einheitsgroesse\" \/>\n<meta property=\"og:site_name\" content=\"FamilienMode\" \/>\n<meta property=\"article:modified_time\" content=\"2023-04-05T21:58:33+00:00\" \/>\n<meta property=\"og:image\" content=\"https:\/\/images-na.ssl-images-amazon.com\/images\/I\/31OZHoC5xCL.jpg\" \/>\n\t<meta property=\"og:image:width\" content=\"500\" \/>\n\t<meta property=\"og:image:height\" content=\"500\" \/>\n\t<meta property=\"og:image:type\" content=\"image\/jpeg\" \/>\n<meta name=\"twitter:card\" content=\"summary_large_image\" \/>\n<meta name=\"twitter:label1\" content=\"Gesch\u00e4tzte Lesezeit\" \/>\n\t<meta name=\"twitter:data1\" content=\"1\u00a0Minute\" \/>\n<script type=\"application\/ld+json\" class=\"yoast-schema-graph\">{\"@context\":\"https:\/\/schema.org\",\"@graph\":[{\"@type\":\"WebPage\",\"@id\":\"https:\/\/bekleidungscenter.com\/?product=lacoste-damen-nf2142-einkaufstasche-einheitsgroesse\",\"url\":\"https:\/\/bekleidungscenter.com\/?product=lacoste-damen-nf2142-einkaufstasche-einheitsgroesse\",\"name\":\"Lacoste Damen Nf2142aa Einkaufstasche, Einheitsgr\u00f6\u00dfe - FamilienMode\",\"isPartOf\":{\"@id\":\"https:\/\/bekleidungscenter.com\/#website\"},\"datePublished\":\"2021-01-03T21:11:58+00:00\",\"dateModified\":\"2023-04-05T21:58:33+00:00\",\"breadcrumb\":{\"@id\":\"https:\/\/bekleidungscenter.com\/?product=lacoste-damen-nf2142-einkaufstasche-einheitsgroesse#breadcrumb\"},\"inLanguage\":\"de\",\"potentialAction\":[{\"@type\":\"ReadAction\",\"target\":[\"https:\/\/bekleidungscenter.com\/?product=lacoste-damen-nf2142-einkaufstasche-einheitsgroesse\"]}]},{\"@type\":\"BreadcrumbList\",\"@id\":\"https:\/\/bekleidungscenter.com\/?product=lacoste-damen-nf2142-einkaufstasche-einheitsgroesse#breadcrumb\",\"itemListElement\":[{\"@type\":\"ListItem\",\"position\":1,\"name\":\"Home\",\"item\":\"https:\/\/bekleidungscenter.com\/\"},{\"@type\":\"ListItem\",\"position\":2,\"name\":\"Shop\",\"item\":\"https:\/\/bekleidungscenter.com\/?page_id=7\"},{\"@type\":\"ListItem\",\"position\":3,\"name\":\"Lacoste Damen Nf2142aa Einkaufstasche, Einheitsgr\u00f6\u00dfe\"}]},{\"@type\":\"WebSite\",\"@id\":\"https:\/\/bekleidungscenter.com\/#website\",\"url\":\"https:\/\/bekleidungscenter.com\/\",\"name\":\"FamilienMode\",\"description\":\"Alles f\u00fcr die ganze Familie\",\"potentialAction\":[{\"@type\":\"SearchAction\",\"target\":{\"@type\":\"EntryPoint\",\"urlTemplate\":\"https:\/\/bekleidungscenter.com\/?s={search_term_string}\"},\"query-input\":\"required name=search_term_string\"}],\"inLanguage\":\"de\"}]}<\/script>\n<!-- \/ Yoast SEO plugin. -->","yoast_head_json":{"title":"Lacoste Damen Nf2142aa Einkaufstasche, Einheitsgr\u00f6\u00dfe - FamilienMode","robots":{"index":"index","follow":"follow","max-snippet":"max-snippet:-1","max-image-preview":"max-image-preview:large","max-video-preview":"max-video-preview:-1"},"canonical":"https:\/\/bekleidungscenter.com\/?product=lacoste-damen-nf2142-einkaufstasche-einheitsgroesse","og_locale":"de_DE","og_type":"article","og_title":"Lacoste Damen Nf2142aa Einkaufstasche, Einheitsgr\u00f6\u00dfe - FamilienMode","og_description":"Obermaterial: Synthetic Verschluss: 0.No schlie\u00dfen Materialzusammensetzung: 100% Polyvinylchlorid","og_url":"https:\/\/bekleidungscenter.com\/?product=lacoste-damen-nf2142-einkaufstasche-einheitsgroesse","og_site_name":"FamilienMode","article_modified_time":"2023-04-05T21:58:33+00:00","og_image":[{"width":500,"height":500,"url":"https:\/\/images-na.ssl-images-amazon.com\/images\/I\/31OZHoC5xCL.jpg","type":"image\/jpeg"}],"twitter_card":"summary_large_image","twitter_misc":{"Gesch\u00e4tzte Lesezeit":"1\u00a0Minute"},"schema":{"@context":"https:\/\/schema.org","@graph":[{"@type":"WebPage","@id":"https:\/\/bekleidungscenter.com\/?product=lacoste-damen-nf2142-einkaufstasche-einheitsgroesse","url":"https:\/\/bekleidungscenter.com\/?product=lacoste-damen-nf2142-einkaufstasche-einheitsgroesse","name":"Lacoste Damen Nf2142aa Einkaufstasche, Einheitsgr\u00f6\u00dfe - FamilienMode","isPartOf":{"@id":"https:\/\/bekleidungscenter.com\/#website"},"datePublished":"2021-01-03T21:11:58+00:00","dateModified":"2023-04-05T21:58:33+00:00","breadcrumb":{"@id":"https:\/\/bekleidungscenter.com\/?product=lacoste-damen-nf2142-einkaufstasche-einheitsgroesse#breadcrumb"},"inLanguage":"de","potentialAction":[{"@type":"ReadAction","target":["https:\/\/bekleidungscenter.com\/?product=lacoste-damen-nf2142-einkaufstasche-einheitsgroesse"]}]},{"@type":"BreadcrumbList","@id":"https:\/\/bekleidungscenter.com\/?product=lacoste-damen-nf2142-einkaufstasche-einheitsgroesse#breadcrumb","itemListElement":[{"@type":"ListItem","position":1,"name":"Home","item":"https:\/\/bekleidungscenter.com\/"},{"@type":"ListItem","position":2,"name":"Shop","item":"https:\/\/bekleidungscenter.com\/?page_id=7"},{"@type":"ListItem","position":3,"name":"Lacoste Damen Nf2142aa Einkaufstasche, Einheitsgr\u00f6\u00dfe"}]},{"@type":"WebSite","@id":"https:\/\/bekleidungscenter.com\/#website","url":"https:\/\/bekleidungscenter.com\/","name":"FamilienMode","description":"Alles f\u00fcr die ganze Familie","potentialAction":[{"@type":"SearchAction","target":{"@type":"EntryPoint","urlTemplate":"https:\/\/bekleidungscenter.com\/?s={search_term_string}"},"query-input":"required name=search_term_string"}],"inLanguage":"de"}]}},"_links":{"self":[{"href":"https:\/\/bekleidungscenter.com\/index.php?rest_route=\/wp\/v2\/product\/9773"}],"collection":[{"href":"https:\/\/bekleidungscenter.com\/index.php?rest_route=\/wp\/v2\/product"}],"about":[{"href":"https:\/\/bekleidungscenter.com\/index.php?rest_route=\/wp\/v2\/types\/product"}],"replies":[{"embeddable":true,"href":"https:\/\/bekleidungscenter.com\/index.php?rest_route=%2Fwp%2Fv2%2Fcomments&post=9773"}],"wp:featuredmedia":[{"embeddable":true,"href":"https:\/\/bekleidungscenter.com\/index.php?rest_route=\/wp\/v2\/media\/9774"}],"wp:attachment":[{"href":"https:\/\/bekleidungscenter.com\/index.php?rest_route=%2Fwp%2Fv2%2Fmedia&parent=9773"}],"wp:term":[{"taxonomy":"product_cat","embeddable":true,"href":"https:\/\/bekleidungscenter.com\/index.php?rest_route=%2Fwp%2Fv2%2Fproduct_cat&post=9773"},{"taxonomy":"product_tag","embeddable":true,"href":"https:\/\/bekleidungscenter.com\/index.php?rest_route=%2Fwp%2Fv2%2Fproduct_tag&post=9773"}],"curies":[{"name":"wp","href":"https:\/\/api.w.org\/{rel}","templated":true}]}}